{"id":205,"date":"2023-02-15T13:30:02","date_gmt":"2023-02-15T13:30:02","guid":{"rendered":"https:\/\/bybatt.com\/?post_type=product&#038;p=205"},"modified":"2023-02-15T15:11:20","modified_gmt":"2023-02-15T15:11:20","slug":"rechargeable-36-volt-lithium-battery-for-electric-bike","status":"publish","type":"product","link":"https:\/\/bybatt.com\/cs\/produkt\/rechargeable-36-volt-lithium-battery-for-electric-bike\/","title":{"rendered":"Dob\u00edjec\u00ed 36V lithiov\u00e1 baterie pro elektrokola"},"content":{"rendered":"","protected":false},"excerpt":{"rendered":"<p>P\u0159edstavujeme na\u0161i 36V dob\u00edjec\u00ed lithium-iontovou baterii, ide\u00e1ln\u00ed pro \u0159adu aplikac\u00ed. S jmenovit\u00fdm nap\u011bt\u00edm 36V a nab\u00edjec\u00edm nap\u011bt\u00edm 42,5V poskytuje tato baterie spolehlivou a dlouhotrvaj\u00edc\u00ed energii. Tato baterie je k dispozici ve dvou jmenovit\u00fdch kapacit\u00e1ch, 10,5Ah a 17,5Ah, a je vhodn\u00e1 pro \u0159adu pot\u0159eb.<br \/>\nBaterie m\u00e1 standardn\u00ed nab\u00edjec\u00ed proud 4A a trval\u00fd vyb\u00edjec\u00ed proud 20A se \u0161pi\u010dkov\u00fdm vyb\u00edjec\u00edm proudem 25A. Vyp\u00ednac\u00ed vyb\u00edjec\u00ed nap\u011bt\u00ed je 27,5V, co\u017e zaji\u0161\u0165uje bezpe\u010dn\u00e9 a spolehliv\u00e9 vyb\u00edjen\u00ed.<br \/>\nNa\u0161e baterie vyu\u017e\u00edv\u00e1 chytr\u00e9 \u0159e\u0161en\u00ed UART BMS, kter\u00e9 zaji\u0161\u0165uje, \u017ee v\u0161echny pou\u017eit\u00e9 \u010dl\u00e1nky jsou 100% nov\u00e9. Obsahuje tak\u00e9 vyrovn\u00e1vac\u00ed nap\u011bt\u00ed nab\u00edjec\u00edho nap\u011bt\u00ed pro jednotliv\u00e9 \u010dl\u00e1nky a tak\u00e9 ochranu proti p\u0159ebit\u00ed, nadm\u011brn\u00e9mu vybit\u00ed, nadproudu a zkratu. Baterie je navr\u017eena tak, aby m\u011bla \u017eivotnost v\u00edce ne\u017e 500kr\u00e1t a je k dispozici v \u010dern\u00e9 barv\u011b.<br \/>\nTato baterie je lehk\u00e1, v\u00e1\u017e\u00ed p\u0159ibli\u017en\u011b 3 kg, co\u017e usnad\u0148uje p\u0159epravu a pou\u017eit\u00ed v \u0159ad\u011b aplikac\u00ed. Zp\u016fsob nab\u00edjen\u00ed je p\u0159es stejnosm\u011brn\u00fd nap\u00e1jec\u00ed zdroj\/nab\u00edje\u010dku a teplota nab\u00edjen\u00ed baterie je v rozsahu 10 \u00b0C a\u017e 45 \u00b0C a teplota vyb\u00edjen\u00ed v rozsahu -20 \u00b0C a\u017e 60 \u00b0C.<br \/>\nVyberte si na\u0161i 36V dob\u00edjec\u00ed lithium-iontovou baterii pro spolehliv\u00e9, vysoce v\u00fdkonn\u00e9 \u0159e\u0161en\u00ed nap\u00e1jen\u00ed, kter\u00e9 spln\u00ed v\u0161echny va\u0161e pot\u0159eby.<\/p>","protected":false},"featured_media":208,"template":"","meta":{"_kad_post_transparent":"default","_kad_post_title":"","_kad_post_layout":"default","_kad_post_sidebar_id":"","_kad_post_content_style":"default","_kad_post_vertical_padding":"default","_kad_post_feature":"","_kad_post_feature_position":"","_kad_post_header":false,"_kad_post_footer":false},"product_cat":[20,19],"product_tag":[38,43,44,41,40,42,39],"class_list":["post-205","product","type-product","status-publish","has-post-thumbnail","hentry","product_cat-smart-ebike-battery","product_cat-custom-ebike-battery","product_tag-36-volt-lithium-battery","product_tag-ebike-battery","product_tag-ebike-conversion-kit","product_tag-electric-bicycle-battery","product_tag-electric-bike-lithium-battery","product_tag-lithium-ion-battery","product_tag-rechargeable-lithium-battery","entry","content-bg","loop-entry"],"_links":{"self":[{"href":"https:\/\/bybatt.com\/cs\/wp-json\/wp\/v2\/product\/205","targetHints":{"allow":["GET"]}}],"collection":[{"href":"https:\/\/bybatt.com\/cs\/wp-json\/wp\/v2\/product"}],"about":[{"href":"https:\/\/bybatt.com\/cs\/wp-json\/wp\/v2\/types\/product"}],"wp:featuredmedia":[{"embeddable":true,"href":"https:\/\/bybatt.com\/cs\/wp-json\/wp\/v2\/media\/208"}],"wp:attachment":[{"href":"https:\/\/bybatt.com\/cs\/wp-json\/wp\/v2\/media?parent=205"}],"wp:term":[{"taxonomy":"product_cat","embeddable":true,"href":"https:\/\/bybatt.com\/cs\/wp-json\/wp\/v2\/product_cat?post=205"},{"taxonomy":"product_tag","embeddable":true,"href":"https:\/\/bybatt.com\/cs\/wp-json\/wp\/v2\/product_tag?post=205"}],"curies":[{"name":"wp","href":"https:\/\/api.w.org\/{rel}","templated":true}]}}