{"id":223,"date":"2023-02-16T03:51:27","date_gmt":"2023-02-16T03:51:27","guid":{"rendered":"https:\/\/bybatt.com\/?post_type=product&#038;p=223"},"modified":"2023-02-16T04:04:58","modified_gmt":"2023-02-16T04:04:58","slug":"original-xiaomi-no-9-36v-electric-scooter-lithium-battery","status":"publish","type":"product","link":"https:\/\/bybatt.com\/cs\/produkt\/original-xiaomi-no-9-36v-electric-scooter-lithium-battery\/","title":{"rendered":"Origin\u00e1ln\u00ed lithiov\u00e1 baterie Xiaomi No.9 36V Electric Scooter"},"content":{"rendered":"","protected":false},"excerpt":{"rendered":"<p>P\u0159edstavujeme lithiovou baterii Xiaomi No. 9 Electric Scooter, perfektn\u00edho spole\u010dn\u00edka pro va\u0161i elektrickou kolob\u011b\u017eku z uhl\u00edkov\u00fdch vl\u00e1ken. Tato baterie je k dispozici v 24V, 36V a 48V s kapacitou 4-12Ah. Velikost produktu lze p\u0159izp\u016fsobit va\u0161im pot\u0159eb\u00e1m.<br \/>\nXiaomi No. 9 Electric Scooter Lithium Battery je vyrobena ze zcela nov\u00fdch nap\u00e1jec\u00edch lithiov\u00fdch bateri\u00ed automobilov\u00e9 t\u0159\u00eddy 18650 t\u0159\u00eddy A, kter\u00e9 jsou zn\u00e1m\u00e9 svou spolehlivost\u00ed a vysok\u00fdm v\u00fdkonem. Je sestaven s dovezen\u00fdmi ochrann\u00fdmi deskami IC, kter\u00e9 zaji\u0161\u0165uj\u00ed, \u017ee je bezpe\u010dn\u00fd. P\u0159ed opu\u0161t\u011bn\u00edm tov\u00e1rny proch\u00e1z\u00ed tento v\u00fdrobek testy st\u00e1rnut\u00ed, aby bylo zaji\u0161t\u011bno, \u017ee spl\u0148uje nejvy\u0161\u0161\u00ed standardy kvality.<br \/>\nTato baterie je dod\u00e1v\u00e1na s 1letou z\u00e1rukou na dom\u00e1c\u00ed baterie a 2letou z\u00e1rukou na dov\u00e1\u017een\u00e9 baterie. Krom\u011b baterie obsahuje tento produkt tak\u00e9 ve\u0161ker\u00e9 pot\u0159ebn\u00e9 p\u0159\u00edslu\u0161enstv\u00ed, jako jsou dokumenty, abyste m\u011bli v\u0161e, co pot\u0159ebujete, abyste mohli za\u010d\u00edt.<br \/>\nA\u0165 u\u017e doj\u00ed\u017ed\u00edte do pr\u00e1ce nebo prozkoum\u00e1v\u00e1te m\u011bsto, Xiaomi No. 9 Electric Scooter Lithium Battery v\u00e1m poskytne v\u00fdkon a spolehlivost, kterou pot\u0159ebujete, abyste se dostali tam, kam jedete. Objednejte nyn\u00ed a za\u017eijte pohodl\u00ed tohoto origin\u00e1ln\u00edho produktu vyroben\u00e9ho v \u010c\u00edn\u011b!<\/p>","protected":false},"featured_media":224,"template":"","meta":{"_kad_post_transparent":"default","_kad_post_title":"","_kad_post_layout":"default","_kad_post_sidebar_id":"","_kad_post_content_style":"default","_kad_post_vertical_padding":"default","_kad_post_feature":"","_kad_post_feature_position":"","_kad_post_header":false,"_kad_post_footer":false},"product_cat":[33],"product_tag":[48,52,51,47,46,50,49],"class_list":["post-223","product","type-product","status-publish","has-post-thumbnail","hentry","product_cat-custom-battery-pack","product_tag-36v-scooter-lithium-battery","product_tag-battery","product_tag-battery-electric-bike","product_tag-electric-scooter-lithium-battery","product_tag-original-xiaomi-lithium-battery","product_tag-xiaomi-ebike-battery","product_tag-xiaomi-no-9-lithium-battery","entry","content-bg","loop-entry"],"_links":{"self":[{"href":"https:\/\/bybatt.com\/cs\/wp-json\/wp\/v2\/product\/223","targetHints":{"allow":["GET"]}}],"collection":[{"href":"https:\/\/bybatt.com\/cs\/wp-json\/wp\/v2\/product"}],"about":[{"href":"https:\/\/bybatt.com\/cs\/wp-json\/wp\/v2\/types\/product"}],"wp:featuredmedia":[{"embeddable":true,"href":"https:\/\/bybatt.com\/cs\/wp-json\/wp\/v2\/media\/224"}],"wp:attachment":[{"href":"https:\/\/bybatt.com\/cs\/wp-json\/wp\/v2\/media?parent=223"}],"wp:term":[{"taxonomy":"product_cat","embeddable":true,"href":"https:\/\/bybatt.com\/cs\/wp-json\/wp\/v2\/product_cat?post=223"},{"taxonomy":"product_tag","embeddable":true,"href":"https:\/\/bybatt.com\/cs\/wp-json\/wp\/v2\/product_tag?post=223"}],"curies":[{"name":"wp","href":"https:\/\/api.w.org\/{rel}","templated":true}]}}