{"id":230,"date":"2023-02-16T04:08:07","date_gmt":"2023-02-16T04:08:07","guid":{"rendered":"https:\/\/bybatt.com\/?post_type=product&#038;p=230"},"modified":"2023-02-16T04:25:03","modified_gmt":"2023-02-16T04:25:03","slug":"8-5-inch-universal-original-battery-pack-for-xiaomi-scooter","status":"publish","type":"product","link":"https:\/\/bybatt.com\/cs\/produkt\/8-5-inch-universal-original-battery-pack-for-xiaomi-scooter\/","title":{"rendered":"8,5&quot; univerz\u00e1ln\u00ed origin\u00e1ln\u00ed baterie pro sk\u00fatr Xiaomi"},"content":{"rendered":"","protected":false},"excerpt":{"rendered":"<p>P\u0159edstavujeme na\u0161i 8,5palcovou univerz\u00e1ln\u00ed origin\u00e1ln\u00ed baterii pro sk\u00fatr Xiaomi M365! S jmenovit\u00fdm nap\u011bt\u00edm 36V a kapacitou 7,5-10,4A je tato baterie vybavena vysoce kvalitn\u00ed dom\u00e1c\u00ed bateri\u00ed zna\u010dky LG a je ur\u010dena pro rychlosti v p\u0159\u00edrod\u011b 30-40 uzl\u016f 10s3P. S v\u00fdstupn\u00edm proudem 15-20A a v\u00fdkonem 250-350 watt\u016f m\u016f\u017eete o\u010dek\u00e1vat dojezd 25-50 kilometr\u016f na jedno nabit\u00ed.<br \/>\nTato baterie je dod\u00e1v\u00e1na s jmenovit\u00fdm v\u00fdkonem nab\u00edje\u010dky 71 watt\u016f a jmenovit\u00fdm vstupn\u00edm nap\u011bt\u00edm nab\u00edje\u010dky 100-240 V~, 50\/60 Hz. Limitn\u00ed nap\u011bt\u00ed nab\u00edjen\u00ed baterie je 42V a doba nab\u00edjen\u00ed je asi 4 hodiny.<br \/>\nTato baterie, vybaven\u00e1 inteligentn\u00edm BMS, nab\u00edz\u00ed teplotn\u00ed abnormality\/zkrat\/podp\u011b\u0165ov\u00fd automatick\u00fd sp\u00e1nek\/nadproud\/dvojit\u00e9 p\u0159ebit\u00ed\/dvojit\u00e9 p\u0159ebit\u00ed, \u010d\u00edm\u017e zaji\u0161\u0165uje va\u0161i bezpe\u010dnost p\u0159i pou\u017e\u00edv\u00e1n\u00ed va\u0161eho sk\u00fatru.<br \/>\nTato baterie m\u011b\u0159\u00ed 28,7*4*7cm na d\u00e9lku a v\u00e1\u017e\u00ed 1,8kg a je zabalena v jednom kartonu o velikosti 65*10*10 cm a hmotnosti 2 kg. Je kompatibiln\u00ed pouze s origin\u00e1ln\u00edm vozem Xiaomi (s komunikac\u00ed) a b\u011b\u017en\u011b pou\u017e\u00edvan\u00fd v origin\u00e1ln\u00edch modelech Mi Pro, Pro2, 1S, M365 na trhu. Upgradujte sv\u016fj sk\u00fatr Xiaomi M365 na\u0161\u00ed vysoce kvalitn\u00ed bateri\u00ed je\u0161t\u011b dnes!<\/p>","protected":false},"featured_media":231,"template":"","meta":{"_kad_post_transparent":"default","_kad_post_title":"","_kad_post_layout":"default","_kad_post_sidebar_id":"","_kad_post_content_style":"default","_kad_post_vertical_padding":"default","_kad_post_feature":"","_kad_post_feature_position":"","_kad_post_header":false,"_kad_post_footer":false},"product_cat":[33],"product_tag":[55,54,53,56,59,57,58],"class_list":["post-230","product","type-product","status-publish","has-post-thumbnail","hentry","product_cat-custom-battery-pack","product_tag-8-5-inch-universal-battery-pack","product_tag-original-xiaomi-scooter-battery-pack","product_tag-universal-original-battery-pack","product_tag-xiaomi-m365-scooter-battery-pack","product_tag-xiaomi-mi-1s-scooter-battery-pack","product_tag-xiaomi-mi-pro-scooter-battery-pack","product_tag-xiaomi-mi-pro2-scooter-battery-pack","entry","content-bg","loop-entry"],"_links":{"self":[{"href":"https:\/\/bybatt.com\/cs\/wp-json\/wp\/v2\/product\/230","targetHints":{"allow":["GET"]}}],"collection":[{"href":"https:\/\/bybatt.com\/cs\/wp-json\/wp\/v2\/product"}],"about":[{"href":"https:\/\/bybatt.com\/cs\/wp-json\/wp\/v2\/types\/product"}],"wp:featuredmedia":[{"embeddable":true,"href":"https:\/\/bybatt.com\/cs\/wp-json\/wp\/v2\/media\/231"}],"wp:attachment":[{"href":"https:\/\/bybatt.com\/cs\/wp-json\/wp\/v2\/media?parent=230"}],"wp:term":[{"taxonomy":"product_cat","embeddable":true,"href":"https:\/\/bybatt.com\/cs\/wp-json\/wp\/v2\/product_cat?post=230"},{"taxonomy":"product_tag","embeddable":true,"href":"https:\/\/bybatt.com\/cs\/wp-json\/wp\/v2\/product_tag?post=230"}],"curies":[{"name":"wp","href":"https:\/\/api.w.org\/{rel}","templated":true}]}}