{"id":240,"date":"2023-02-16T04:43:33","date_gmt":"2023-02-16T04:43:33","guid":{"rendered":"https:\/\/bybatt.com\/?post_type=product&#038;p=240"},"modified":"2023-03-05T16:17:25","modified_gmt":"2023-03-05T16:17:25","slug":"byd-lifepo4-lead-acid-replacement-battery-for-solar-system","status":"publish","type":"product","link":"https:\/\/bybatt.com\/cs\/produkt\/byd-lifepo4-lead-acid-replacement-battery-for-solar-system\/","title":{"rendered":"BYD LiFePO4 olov\u011bn\u00e1 n\u00e1hradn\u00ed baterie pro slune\u010dn\u00ed soustavu"},"content":{"rendered":"","protected":false},"excerpt":{"rendered":"<p>P\u0159edstavujeme na\u0161i n\u00e1hradn\u00ed olov\u011bnou baterii, ide\u00e1ln\u00ed pro sol\u00e1rn\u00ed syst\u00e9my a n\u00e1hradu olov\u011bn\u00fdch bateri\u00ed. Na\u0161e baterie jsou vyrobeny z nov\u00fdch \u010dl\u00e1nk\u016f 100%, kter\u00e9 zaji\u0161\u0165uj\u00ed maxim\u00e1ln\u00ed v\u00fdkon a spolehlivost. Se jmenovit\u00fdm nap\u011bt\u00edm 12,8 V a \u0159adou kapacit, ze kter\u00fdch si m\u016f\u017eete vybrat, v\u010detn\u011b 60Ah, 100Ah, 150Ah, 200Ah a 250Ah, m\u016f\u017eete naj\u00edt perfektn\u00ed \u0159e\u0161en\u00ed pro va\u0161e specifick\u00e9 pot\u0159eby.<br \/>\nNa\u0161e 12V lithiov\u00e9 baterie jsou ide\u00e1ln\u00ed pro sol\u00e1rn\u00ed syst\u00e9my a poskytuj\u00ed spolehliv\u00fd zdroj energie pro va\u0161e energetick\u00e9 pot\u0159eby. S nomin\u00e1ln\u00ed kapacitou 200Ah\/2560Wh si m\u016f\u017eete u\u017e\u00edvat dlouhotrvaj\u00edc\u00edho v\u00fdkonu, kter\u00fd v\u00e1s nezklame.<br \/>\nNa\u0161e baterie se snadno instaluj\u00ed a lze je zapojit paraleln\u011b nebo s\u00e9riov\u011b pro dosa\u017een\u00ed nap\u011bt\u00ed 25,6V. Nav\u00edc s na\u0161\u00edm pokro\u010dil\u00fdm syst\u00e9mem spr\u00e1vy bateri\u00ed (BMS) integrovan\u00fdm do ka\u017ed\u00e9 baterie si m\u016f\u017eete b\u00fdt jisti, \u017ee va\u0161e baterie v\u017edy funguje optim\u00e1ln\u011b a bezpe\u010dn\u011b.<br \/>\nNa\u0161e baterie jsou tak\u00e9 vyrobeny z odoln\u00e9ho materi\u00e1lu ABS+PC, kter\u00fd zaji\u0161\u0165uje dlouhodobou ochranu proti \u017eivl\u016fm a jak\u00e9mukoli opot\u0159eben\u00ed. Pokud hled\u00e1te spolehlivou a \u00fa\u010dinnou baterii pro v\u00e1\u0161 sol\u00e1rn\u00ed syst\u00e9m nebo jin\u00e9 energetick\u00e9 pot\u0159eby, na\u0161e 12V lithiov\u00e1 baterie je perfektn\u00ed volbou.<\/p>","protected":false},"featured_media":241,"template":"","meta":{"_kad_post_transparent":"default","_kad_post_title":"","_kad_post_layout":"default","_kad_post_sidebar_id":"","_kad_post_content_style":"default","_kad_post_vertical_padding":"default","_kad_post_feature":"","_kad_post_feature_position":"","_kad_post_header":false,"_kad_post_footer":false},"product_cat":[32],"product_tag":[64,61,60,62,63],"class_list":["post-240","product","type-product","status-publish","has-post-thumbnail","hentry","product_cat-lead-acid-replacement-battery","product_tag-byd-battery","product_tag-byd-lifepo4-battery","product_tag-lead-acid-replacement-battery","product_tag-lifepo4-solar-lithium-battery","product_tag-solar-lithium-battery","entry","content-bg","loop-entry"],"_links":{"self":[{"href":"https:\/\/bybatt.com\/cs\/wp-json\/wp\/v2\/product\/240","targetHints":{"allow":["GET"]}}],"collection":[{"href":"https:\/\/bybatt.com\/cs\/wp-json\/wp\/v2\/product"}],"about":[{"href":"https:\/\/bybatt.com\/cs\/wp-json\/wp\/v2\/types\/product"}],"wp:featuredmedia":[{"embeddable":true,"href":"https:\/\/bybatt.com\/cs\/wp-json\/wp\/v2\/media\/241"}],"wp:attachment":[{"href":"https:\/\/bybatt.com\/cs\/wp-json\/wp\/v2\/media?parent=240"}],"wp:term":[{"taxonomy":"product_cat","embeddable":true,"href":"https:\/\/bybatt.com\/cs\/wp-json\/wp\/v2\/product_cat?post=240"},{"taxonomy":"product_tag","embeddable":true,"href":"https:\/\/bybatt.com\/cs\/wp-json\/wp\/v2\/product_tag?post=240"}],"curies":[{"name":"wp","href":"https:\/\/api.w.org\/{rel}","templated":true}]}}