{"id":248,"date":"2023-02-16T08:09:47","date_gmt":"2023-02-16T08:09:47","guid":{"rendered":"https:\/\/bybatt.com\/?post_type=product&#038;p=248"},"modified":"2023-02-16T08:32:07","modified_gmt":"2023-02-16T08:32:07","slug":"12v-lifepo4-lithium-iron-phosphate-battery-with-bluetooth","status":"publish","type":"product","link":"https:\/\/bybatt.com\/cs\/produkt\/12v-lifepo4-lithium-iron-phosphate-battery-with-bluetooth\/","title":{"rendered":"12V LiFePO4 Lithium Iron Phosphate baterie s Bluetooth"},"content":{"rendered":"","protected":false},"excerpt":{"rendered":"<p>P\u0159edstavujeme n\u00e1\u0161 nov\u00fd a vylep\u0161en\u00fd syst\u00e9m bateri\u00ed, kter\u00fd slibuje bezkonkuren\u010dn\u00ed v\u00fdkon! N\u00e1\u0161 bateriov\u00fd syst\u00e9m je postaven z nov\u00fdch \u010dl\u00e1nk\u016f 100%, co\u017e z n\u011bj \u010din\u00ed spolehlivou a dlouhotrvaj\u00edc\u00ed mo\u017enost pro v\u0161echny va\u0161e pot\u0159eby nap\u00e1jen\u00ed. D\u00edky jmenovit\u00e9mu nap\u011bt\u00ed 12V a jmenovit\u00e9 kapacit\u011b 200Ah\/2560Wh je n\u00e1\u0161 bateriov\u00fd syst\u00e9m vhodn\u00fd pro \u0161irokou \u0161k\u00e1lu aplikac\u00ed. M\u016f\u017ee b\u00fdt instalov\u00e1n paraleln\u011b nebo s\u00e9riov\u011b pro 25,6 V, co\u017e poskytuje v\u011bt\u0161\u00ed flexibilitu pro va\u0161e pot\u0159eby.<br \/>\nN\u00e1\u0161 bateriov\u00fd syst\u00e9m tak\u00e9 obsahuje nejmodern\u011bj\u0161\u00ed syst\u00e9m spr\u00e1vy bateri\u00ed (BMS), kter\u00fd je integrov\u00e1n pro zaji\u0161t\u011bn\u00ed spolehliv\u00e9ho v\u00fdkonu. BMS poskytuje ochranu proti zkratu, p\u0159eb\u00edjen\u00ed a p\u0159eh\u0159\u00e1t\u00ed, p\u0159i\u010dem\u017e udr\u017euje vyv\u00e1\u017een\u00e9 nap\u011bt\u00ed na v\u0161ech \u010dl\u00e1nc\u00edch. Jednou z kl\u00ed\u010dov\u00fdch vlastnost\u00ed na\u0161eho bateriov\u00e9ho syst\u00e9mu je mo\u017enost snadn\u00e9ho upgradu. M\u016f\u017eete bez probl\u00e9m\u016f upgradovat na lithium se standardn\u00ed velikost\u00ed skupiny BCI, ale s v\u011bt\u0161\u00ed hustotou energie, schopnost\u00ed hlub\u0161\u00edho vyb\u00edjen\u00ed, vy\u0161\u0161\u00ed \u00fa\u010dinnost\u00ed zp\u00e1te\u010dn\u00ed cesty a rychlej\u0161\u00ed rychlost\u00ed nab\u00edjen\u00ed. N\u00e1\u0161 bateriov\u00fd syst\u00e9m je tak\u00e9 navr\u017een pro snadnou \u00fadr\u017ebu. Funkce automatick\u00e9ho vyva\u017eov\u00e1n\u00ed umo\u017e\u0148uje paraleln\u00ed p\u0159ipojen\u00ed v\u00edce bateri\u00ed, \u010d\u00edm\u017e se dlouhodob\u011b zlep\u0161uje pr\u016fm\u011brn\u00e1 \u00fa\u010dinnost nab\u00edjen\u00ed va\u0161ich bateri\u00ed. Pomoc\u00ed vestav\u011bn\u00e9ho modulu Bluetooth m\u016f\u017eete tak\u00e9 sledovat stav baterie na mobiln\u00edch za\u0159\u00edzen\u00edch v re\u00e1ln\u00e9m \u010dase, co\u017e v\u00e1m poskytuje lep\u0161\u00ed kontrolu a p\u0159ehled o va\u0161\u00ed spot\u0159eb\u011b energie.<\/p>","protected":false},"featured_media":249,"template":"","meta":{"_kad_post_transparent":"default","_kad_post_title":"","_kad_post_layout":"default","_kad_post_sidebar_id":"","_kad_post_content_style":"default","_kad_post_vertical_padding":"default","_kad_post_feature":"","_kad_post_feature_position":"","_kad_post_header":false,"_kad_post_footer":false},"product_cat":[32],"product_tag":[69,60,66,68,67,65,70],"class_list":["post-248","product","type-product","status-publish","has-post-thumbnail","hentry","product_cat-lead-acid-replacement-battery","product_tag-12v-200ah-100ah-lithium-ion-battery","product_tag-lead-acid-replacement-battery","product_tag-lifepo4-battery","product_tag-lifepo4-lithium-battery","product_tag-lithium-iron-battery","product_tag-lithium-iron-phosphate-battery","product_tag-solar-energy-storage-system-kit","entry","content-bg","loop-entry"],"_links":{"self":[{"href":"https:\/\/bybatt.com\/cs\/wp-json\/wp\/v2\/product\/248","targetHints":{"allow":["GET"]}}],"collection":[{"href":"https:\/\/bybatt.com\/cs\/wp-json\/wp\/v2\/product"}],"about":[{"href":"https:\/\/bybatt.com\/cs\/wp-json\/wp\/v2\/types\/product"}],"wp:featuredmedia":[{"embeddable":true,"href":"https:\/\/bybatt.com\/cs\/wp-json\/wp\/v2\/media\/249"}],"wp:attachment":[{"href":"https:\/\/bybatt.com\/cs\/wp-json\/wp\/v2\/media?parent=248"}],"wp:term":[{"taxonomy":"product_cat","embeddable":true,"href":"https:\/\/bybatt.com\/cs\/wp-json\/wp\/v2\/product_cat?post=248"},{"taxonomy":"product_tag","embeddable":true,"href":"https:\/\/bybatt.com\/cs\/wp-json\/wp\/v2\/product_tag?post=248"}],"curies":[{"name":"wp","href":"https:\/\/api.w.org\/{rel}","templated":true}]}}