{"id":256,"date":"2023-02-17T07:35:14","date_gmt":"2023-02-17T07:35:14","guid":{"rendered":"https:\/\/bybatt.com\/?post_type=product&#038;p=256"},"modified":"2023-02-17T08:02:08","modified_gmt":"2023-02-17T08:02:08","slug":"12-8v-200ah-camper-boat-marine-lifepo4-deep-cycle-battery","status":"publish","type":"product","link":"https:\/\/bybatt.com\/cs\/produkt\/12-8v-200ah-camper-boat-marine-lifepo4-deep-cycle-battery\/","title":{"rendered":"12,8V 200Ah obytn\u00fd \u010dlun Marine LiFePO4 baterie s hlubok\u00fdm cyklem"},"content":{"rendered":"","protected":false},"excerpt":{"rendered":"<p>P\u0159edstavujeme na\u0161i 12,8V 200Ah n\u00e1mo\u0159n\u00ed lodn\u00ed baterii LiFePO4 s hlubok\u00fdm cyklem pro obytn\u00fd \u010dlun, navr\u017eenou tak, aby poskytovala spolehlivou a dlouhotrvaj\u00edc\u00ed energii pro v\u0161echny va\u0161e pot\u0159eby n\u00e1mo\u0159n\u00edk\u016f a kempink\u016f. Na\u0161e baterie je vyrobena z nov\u00fdch \u010dl\u00e1nk\u016f 100%, kter\u00e9 zaji\u0161\u0165uj\u00ed nejvy\u0161\u0161\u00ed kvalitu a spolehlivost.<br \/>\nS jmenovit\u00fdm nap\u011bt\u00edm baterie 51,2V-16S2P a jmenovitou kapacitou 80Ah tato baterie obsahuje d\u011br v kompaktn\u00ed velikosti o rozm\u011brech 520*310*170 mm. Technologie LiFePO4 poskytuje v\u00fdjime\u010dn\u00fd v\u00fdkon a poskytuje a\u017e 6000 cykl\u016f p\u0159i hloubce vybit\u00ed 80% (DOD) a v\u00edce, jak je uvedeno v na\u0161\u00ed tabulce cykl\u016f.<br \/>\nNa\u0161e baterie je tak\u00e9 vyrobena tak, aby vydr\u017eela, s robustn\u00edm kovov\u00fdm nebo nerezov\u00fdm pouzdrem, kter\u00e9 chr\u00e1n\u00ed \u010dl\u00e1nky. S hmotnost\u00ed p\u0159ibli\u017en\u011b 42 kg je lehk\u00fd a snadno se s n\u00edm manipuluje, tak\u017ee je dokonal\u00fdm \u0159e\u0161en\u00edm pro v\u0161echny va\u0161e pot\u0159eby energie na cest\u00e1ch.<br \/>\n\u010cl\u00e1nky pou\u017eit\u00e9 v na\u0161\u00ed baterii jsou nejvy\u0161\u0161\u00ed kvality, Grade A+, LiFePO4 \u010dl\u00e1nky, zaji\u0161\u0165uj\u00edc\u00ed optim\u00e1ln\u00ed v\u00fdkon a dlouhou \u017eivotnost. Investujte do na\u0161\u00ed 12,8V 200Ah lodn\u00ed n\u00e1mo\u0159n\u00ed LiFePO4 baterie s hlubok\u00fdm cyklem pro spolehliv\u00fd, vysoce v\u00fdkonn\u00fd zdroj energie, kter\u00fd v\u00e1s posune d\u00e1l.<\/p>","protected":false},"featured_media":257,"template":"","meta":{"_kad_post_transparent":"default","_kad_post_title":"","_kad_post_layout":"default","_kad_post_sidebar_id":"","_kad_post_content_style":"default","_kad_post_vertical_padding":"default","_kad_post_feature":"","_kad_post_feature_position":"","_kad_post_header":false,"_kad_post_footer":false},"product_cat":[25,29],"product_tag":[72,71,74,76,75,73],"class_list":["post-256","product","type-product","status-publish","has-post-thumbnail","hentry","product_cat-home-storage-battery","product_cat-lifepo4-battery-pack","product_tag-36v-100ah-for-agv-car-golf-cart","product_tag-36v-lithium-golf-cart-battery","product_tag-deep-cycle-rv-batteries","product_tag-lifepo4-deep-cycle-battery","product_tag-marine-deep-cycle-batteries","product_tag-rechargeable-lfp-battery","entry","content-bg","loop-entry"],"_links":{"self":[{"href":"https:\/\/bybatt.com\/cs\/wp-json\/wp\/v2\/product\/256","targetHints":{"allow":["GET"]}}],"collection":[{"href":"https:\/\/bybatt.com\/cs\/wp-json\/wp\/v2\/product"}],"about":[{"href":"https:\/\/bybatt.com\/cs\/wp-json\/wp\/v2\/types\/product"}],"wp:featuredmedia":[{"embeddable":true,"href":"https:\/\/bybatt.com\/cs\/wp-json\/wp\/v2\/media\/257"}],"wp:attachment":[{"href":"https:\/\/bybatt.com\/cs\/wp-json\/wp\/v2\/media?parent=256"}],"wp:term":[{"taxonomy":"product_cat","embeddable":true,"href":"https:\/\/bybatt.com\/cs\/wp-json\/wp\/v2\/product_cat?post=256"},{"taxonomy":"product_tag","embeddable":true,"href":"https:\/\/bybatt.com\/cs\/wp-json\/wp\/v2\/product_tag?post=256"}],"curies":[{"name":"wp","href":"https:\/\/api.w.org\/{rel}","templated":true}]}}