{"id":261,"date":"2023-02-17T07:48:53","date_gmt":"2023-02-17T07:48:53","guid":{"rendered":"https:\/\/bybatt.com\/?post_type=product&#038;p=261"},"modified":"2023-02-17T08:00:46","modified_gmt":"2023-02-17T08:00:46","slug":"48v-lifepo4-deep-cycle-golf-cart-lithium-batteries-kits","status":"publish","type":"product","link":"https:\/\/bybatt.com\/cs\/produkt\/48v-lifepo4-deep-cycle-golf-cart-lithium-batteries-kits\/","title":{"rendered":"Sady lithiov\u00fdch bateri\u00ed 48V LiFePo4 pro golfov\u00fd voz\u00edk s hlubok\u00fdm cyklem"},"content":{"rendered":"","protected":false},"excerpt":{"rendered":"<p>P\u0159edstavujeme na\u0161i vysoce kvalitn\u00ed 48V LiFEPO4 baterii, speci\u00e1ln\u011b navr\u017eenou pro pou\u017eit\u00ed v golfov\u00fdch voz\u00edc\u00edch EZGO a CLUB CAR. Tato lithium-iontov\u00e1 baterie je vyrobena z nov\u00fdch \u010dl\u00e1nk\u016f 100% a poskytuje vynikaj\u00edc\u00ed v\u00fdkon a dlouhou \u017eivotnost.<br \/>\nD\u00edky jmenovit\u00e9mu nap\u011bt\u00ed 51,2 V a jmenovit\u00e9 kapacit\u011b 80 Ah nebo 100 Ah je tato baterie vyrobena tak, aby snadno zvl\u00e1dla po\u017eadavky va\u0161eho golfov\u00e9ho voz\u00edku. Tato baterie m\u011b\u0159\u00ed 520 mm na d\u00e9lku, 310 mm na \u0161\u00ed\u0159ku a 170 mm na v\u00fd\u0161ku a je dostate\u010dn\u011b kompaktn\u00ed, aby se ve\u0161la do va\u0161eho golfov\u00e9ho voz\u00edku, ani\u017e by zab\u00edrala p\u0159\u00edli\u0161 mnoho m\u00edsta.<br \/>\nNa\u0161e baterie je navr\u017eena tak, aby vydr\u017eela a\u017e 6000 cykl\u016f p\u0159i hloubce vybit\u00ed 80% (DoD), co\u017e z n\u00ed \u010din\u00ed spolehliv\u00fd a dlouhotrvaj\u00edc\u00ed zdroj energie pro v\u00e1\u0161 golfov\u00fd voz\u00edk. Tato baterie v\u00e1\u017e\u00ed p\u0159ibli\u017en\u011b 42 kg a je dostate\u010dn\u011b lehk\u00e1, aby se s n\u00ed snadno manipulovalo, a p\u0159itom st\u00e1le poskytuje energii a kapacitu pot\u0159ebnou pro cel\u00fd den na greenu.<br \/>\nD\u00edky robustn\u00edmu kovov\u00e9mu nebo nerezov\u00e9mu pouzdru se m\u016f\u017eete spolehnout, \u017ee na\u0161e baterie je vyrobena tak, aby vydr\u017eela po\u017eadavky venkovn\u00edho pou\u017eit\u00ed a poskytla spolehliv\u00fd v\u00fdkon v \u0159ad\u011b pov\u011btrnostn\u00edch podm\u00ednek. \u010cl\u00e1nky pou\u017eit\u00e9 v t\u00e9to baterii jsou v\u0161echny vysoce kvalitn\u00ed \u010dl\u00e1nky LiFePO4 t\u0159\u00eddy A+, kter\u00e9 zaji\u0161\u0165uj\u00ed vynikaj\u00edc\u00ed v\u00fdkon a dlouhou \u017eivotnost.<br \/>\nUpgradujte sv\u016fj golfov\u00fd voz\u00edk na\u0161\u00ed vysoce kvalitn\u00ed 48V LiFEPO4 bateri\u00ed je\u0161t\u011b dnes a u\u017eijte si spolehliv\u00fd v\u00fdkon a dlouhotrvaj\u00edc\u00ed v\u00fdkon na h\u0159i\u0161ti.<\/p>","protected":false},"featured_media":262,"template":"","meta":{"_kad_post_transparent":"default","_kad_post_title":"","_kad_post_layout":"default","_kad_post_sidebar_id":"","_kad_post_content_style":"default","_kad_post_vertical_padding":"default","_kad_post_feature":"","_kad_post_feature_position":"","_kad_post_header":false,"_kad_post_footer":false},"product_cat":[29,25],"product_tag":[84,81,83,52,77,79,78,80,82],"class_list":["post-261","product","type-product","status-publish","has-post-thumbnail","hentry","product_cat-lifepo4-battery-pack","product_cat-home-storage-battery","product_tag-48v-80ah-golf-cart-battery","product_tag-48v-lifepo4-batteries","product_tag-48v-lithium-golf-cart-battery","product_tag-battery","product_tag-golf-cart-lithium-batteries","product_tag-lithium-batteries-for-golf-carts","product_tag-lithium-golf-cart-batteries-kits","product_tag-lithium-ion-golf-cart-batteries","product_tag-powerful-48-volt-lifepo4-batteries","entry","content-bg","loop-entry"],"_links":{"self":[{"href":"https:\/\/bybatt.com\/cs\/wp-json\/wp\/v2\/product\/261","targetHints":{"allow":["GET"]}}],"collection":[{"href":"https:\/\/bybatt.com\/cs\/wp-json\/wp\/v2\/product"}],"about":[{"href":"https:\/\/bybatt.com\/cs\/wp-json\/wp\/v2\/types\/product"}],"wp:featuredmedia":[{"embeddable":true,"href":"https:\/\/bybatt.com\/cs\/wp-json\/wp\/v2\/media\/262"}],"wp:attachment":[{"href":"https:\/\/bybatt.com\/cs\/wp-json\/wp\/v2\/media?parent=261"}],"wp:term":[{"taxonomy":"product_cat","embeddable":true,"href":"https:\/\/bybatt.com\/cs\/wp-json\/wp\/v2\/product_cat?post=261"},{"taxonomy":"product_tag","embeddable":true,"href":"https:\/\/bybatt.com\/cs\/wp-json\/wp\/v2\/product_tag?post=261"}],"curies":[{"name":"wp","href":"https:\/\/api.w.org\/{rel}","templated":true}]}}