{"id":268,"date":"2023-02-17T08:08:39","date_gmt":"2023-02-17T08:08:39","guid":{"rendered":"https:\/\/bybatt.com\/?post_type=product&#038;p=268"},"modified":"2023-02-17T08:15:14","modified_gmt":"2023-02-17T08:15:14","slug":"12v-24v-36v-rechargeable-lifepo4-lithium-solar-battery-pack","status":"publish","type":"product","link":"https:\/\/bybatt.com\/cs\/produkt\/12v-24v-36v-rechargeable-lifepo4-lithium-solar-battery-pack\/","title":{"rendered":"12V 24V 36V dob\u00edjec\u00ed LiFePO4 lithiov\u00e1 sol\u00e1rn\u00ed baterie"},"content":{"rendered":"","protected":false},"excerpt":{"rendered":"<p>P\u0159edstavujeme 12V 24V 36V dob\u00edjec\u00ed LiFePO4 lithiovou sol\u00e1rn\u00ed baterii, perfektn\u00ed \u0159e\u0161en\u00ed pro va\u0161e pot\u0159eby skladov\u00e1n\u00ed energie. Tato baterie je vyrobena s pou\u017eit\u00edm patentovan\u00e9 chemie Lithium Iron Phosphate (LiFePO\u2084) a je vysoce univerz\u00e1ln\u00ed a lze ji pou\u017e\u00edt pro \u0161irokou \u0161k\u00e1lu aplikac\u00ed.<br \/>\nLFP-3650 je vybaven vestav\u011bn\u00fdm syst\u00e9mem spr\u00e1vy baterie (BMS), kter\u00fd zaji\u0161\u0165uje optim\u00e1ln\u00ed v\u00fdkon a z\u00e1rove\u0148 zabra\u0148uje p\u0159eh\u0159\u00edv\u00e1n\u00ed, p\u0159eb\u00edjen\u00ed a maximalizuje \u017eivotnost bun\u011b\u010dn\u00e9ho cyklu. D\u00edky intern\u00edmu BMS (elektronick\u00e9mu \u010dipu) je baterie monitorov\u00e1na v re\u00e1ln\u00e9m \u010dase a upozorn\u00ed u\u017eivatele, pokud jsou zji\u0161t\u011bny odchylky nap\u011bt\u00ed nebo kapacity.<br \/>\nLiFePO4 baterie s pouze polovi\u010dn\u00ed a\u017e t\u0159etinovou hmotnost\u00ed olov\u011bn\u00e9 baterie je ide\u00e1ln\u00ed volbou pro n\u00e1mo\u0159n\u00ed, RV, golfov\u00e9 voz\u00edky, motocykly a off-grid aplikace. Na\u0161e lithiov\u00e9 baterie lifepo4 jsou tak\u00e9 \u0161etrn\u011bj\u0161\u00ed k \u017eivotn\u00edmu prost\u0159ed\u00ed ne\u017e baterie SLA, proto\u017ee neobsahuj\u00ed \u017e\u00e1dn\u00e9 korozivn\u00ed nebo \u0161kodliv\u00e9 t\u011b\u017ek\u00e9 kovy.<br \/>\nBaterie Lifepo4 maj\u00ed n\u00edzkou rychlost vyb\u00edjen\u00ed a dlouhou \u017eivotnost, s pr\u016fm\u011brnou \u017eivotnost\u00ed asi 5 a\u017e 10 let. Zvl\u00e1dnou kapacitu a\u017e 85% pro 6000 cykl\u016f v doporu\u010den\u00fdch podm\u00ednk\u00e1ch \u2013 8000kr\u00e1t (40% dod).<br \/>\nLithiov\u00e1 baterie 36V 50Ah je vyrobena z prvot\u0159\u00eddn\u00edch bateriov\u00fdch \u010dl\u00e1nk\u016f 3,2V LifePo4 t\u0159\u00eddy A, vysoce kvalitn\u00edho BMS, kovov\u00e9ho\/SS pouzdra a LCD obrazovky (displej) pro snadn\u00e9 sledov\u00e1n\u00ed. Je navr\u017een tak, aby poskytoval dlouhotrvaj\u00edc\u00ed a spolehliv\u00fd v\u00fdkon, co\u017e z n\u011bj \u010din\u00ed nejprod\u00e1van\u011bj\u0161\u00ed produkt.<br \/>\nVylep\u0161ete sv\u00e9 \u00falo\u017ei\u0161t\u011b energie pomoc\u00ed lithium-iontov\u00e9 baterie Lithium Battery Power 36V 50Ah a u\u017eijte si v\u00fdhody lehk\u00e9ho, ekologick\u00e9ho zdroje energie s dlouhou \u017eivotnost\u00ed.<\/p>","protected":false},"featured_media":269,"template":"","meta":{"_kad_post_transparent":"default","_kad_post_title":"","_kad_post_layout":"default","_kad_post_sidebar_id":"","_kad_post_content_style":"default","_kad_post_vertical_padding":"default","_kad_post_feature":"","_kad_post_feature_position":"","_kad_post_header":false,"_kad_post_footer":false},"product_cat":[25,30],"product_tag":[86,66,88,92,87,91,89,90,85],"class_list":["post-268","product","type-product","status-publish","has-post-thumbnail","hentry","product_cat-home-storage-battery","product_cat-solar-battery","product_tag-grade-a-36v-lithium-battery","product_tag-lifepo4-battery","product_tag-lifepo4-battery-for-electric-vehicle","product_tag-lifepo4-battery-packs","product_tag-lifepo4-lfp4-battery-50ah","product_tag-lifepo4-lithium-battery-for-solar","product_tag-lithium-battery-solar","product_tag-lithium-solar-batteries","product_tag-lithium-solar-battery","entry","content-bg","loop-entry"],"_links":{"self":[{"href":"https:\/\/bybatt.com\/cs\/wp-json\/wp\/v2\/product\/268","targetHints":{"allow":["GET"]}}],"collection":[{"href":"https:\/\/bybatt.com\/cs\/wp-json\/wp\/v2\/product"}],"about":[{"href":"https:\/\/bybatt.com\/cs\/wp-json\/wp\/v2\/types\/product"}],"wp:featuredmedia":[{"embeddable":true,"href":"https:\/\/bybatt.com\/cs\/wp-json\/wp\/v2\/media\/269"}],"wp:attachment":[{"href":"https:\/\/bybatt.com\/cs\/wp-json\/wp\/v2\/media?parent=268"}],"wp:term":[{"taxonomy":"product_cat","embeddable":true,"href":"https:\/\/bybatt.com\/cs\/wp-json\/wp\/v2\/product_cat?post=268"},{"taxonomy":"product_tag","embeddable":true,"href":"https:\/\/bybatt.com\/cs\/wp-json\/wp\/v2\/product_tag?post=268"}],"curies":[{"name":"wp","href":"https:\/\/api.w.org\/{rel}","templated":true}]}}