{"id":271,"date":"2023-02-17T13:19:40","date_gmt":"2023-02-17T13:19:40","guid":{"rendered":"https:\/\/bybatt.com\/?post_type=product&#038;p=271"},"modified":"2023-02-17T13:39:53","modified_gmt":"2023-02-17T13:39:53","slug":"high-voltage-home-storage-system-stackable-lifepo4-battery","status":"publish","type":"product","link":"https:\/\/bybatt.com\/cs\/produkt\/high-voltage-home-storage-system-stackable-lifepo4-battery\/","title":{"rendered":"Vysokonap\u011b\u0165ov\u00fd dom\u00e1c\u00ed \u00falo\u017en\u00fd syst\u00e9m Stohovateln\u00e1 baterie LiFePo4"},"content":{"rendered":"","protected":false},"excerpt":{"rendered":"<p>P\u0159edstavujeme vysokonap\u011b\u0165ov\u00fd dom\u00e1c\u00ed \u00falo\u017en\u00fd syst\u00e9m Stohovateln\u00e1 baterie LiFePo4 \u2013 perfektn\u00ed \u0159e\u0161en\u00ed pro va\u0161e dom\u00e1c\u00ed pot\u0159eby nap\u00e1jen\u00ed! Tato akumul\u00e1torov\u00e1 baterie pro mobiln\u00ed d\u016fm se m\u016f\u017ee pochlubit neuv\u011b\u0159itelnou v\u00edce ne\u017e 6000kr\u00e1t dlouhou \u017eivotnost\u00ed, co\u017e zaji\u0161\u0165uje, \u017ee vydr\u017e\u00ed po mnoho let.<br \/>\nTato baterie byla navr\u017eena s ohledem na va\u0161e pohodl\u00ed a podporuje invertorovou komunikaci a p\u0159izp\u016fsoben\u00ed, tak\u017ee si ji m\u016f\u017eete p\u0159izp\u016fsobit sv\u00fdm specifick\u00fdm pot\u0159eb\u00e1m. S jedinou bateri\u00ed poskytuj\u00edc\u00ed v\u00fdkonnou 10KWH energie je tato baterie ide\u00e1ln\u00ed pro dom\u00e1c\u00ed nap\u00e1jec\u00ed syst\u00e9my a nab\u00edjen\u00ed dom\u00e1c\u00edch aplikac\u00ed.<br \/>\nD\u00edky bezpe\u010dn\u00e9mu designu a garanci vyte\u010den\u00ed si m\u016f\u017eete b\u00fdt jisti, \u017ee tato baterie je spolehlivou a bezstarostnou volbou. A co v\u00edc, jeho bez\u00fadr\u017ebov\u00fd design neuv\u011b\u0159iteln\u011b usnad\u0148uje pou\u017eit\u00ed a \u00fadr\u017ebu.<br \/>\nTato baterie, navr\u017een\u00e1 pro pou\u017eit\u00ed s dom\u00e1c\u00edmi sol\u00e1rn\u00edmi syst\u00e9my, se m\u016f\u017ee pochlubit vy\u0161\u0161\u00ed hustotou energie a extr\u00e9mn\u00ed \u017eivotnost\u00ed, co\u017e zaji\u0161\u0165uje, \u017ee vydr\u017e\u00ed d\u00e9le a poskytuje v\u00edce energie ne\u017e kdykoli p\u0159edt\u00edm. A d\u00edky designu spodn\u00edho tla\u010dn\u00e9ho kole\u010dka si nebudete muset d\u011blat starosti s instalac\u00ed \u2013 je to tak snadn\u00e9, jako kdy\u017e je zatla\u010d\u00edte na m\u00edsto!<br \/>\nTato baterie, navr\u017een\u00e1 pro maxim\u00e1ln\u00ed efektivitu, podporuje paraleln\u00ed pou\u017eit\u00ed a m\u016f\u017ee se pochlubit v\u00edce ne\u017e 6000 cykly spolehliv\u00e9ho v\u00fdkonu. Jeho syst\u00e9m spr\u00e1vy baterie zaji\u0161\u0165uje, \u017ee v\u017edy funguje co nejl\u00e9pe, a d\u00edky 95% DOD a v\u011bt\u0161\u00ed vyu\u017eiteln\u00e9 kapacit\u011b budete m\u00edt ve\u0161ker\u00fd v\u00fdkon, kter\u00fd pot\u0159ebujete, aby v\u00e1\u0161 domov fungoval hladce.<\/p>","protected":false},"featured_media":272,"template":"","meta":{"_kad_post_transparent":"default","_kad_post_title":"","_kad_post_layout":"default","_kad_post_sidebar_id":"","_kad_post_content_style":"default","_kad_post_vertical_padding":"default","_kad_post_feature":"","_kad_post_feature_position":"","_kad_post_header":false,"_kad_post_footer":false},"product_cat":[25,28],"product_tag":[95,99,96,97,94,93,98],"class_list":["post-271","product","type-product","status-publish","has-post-thumbnail","hentry","product_cat-home-storage-battery","product_cat-base-station-battery","product_tag-50kw-51-2v-lithium-battery","product_tag-home-storage-battery","product_tag-life-power-station","product_tag-prismatic-primary-off-lithium-battery-for-cycle","product_tag-stackable-energy-storage-systems","product_tag-stackable-lifepo4-battery","product_tag-stackable-lithium-battery","entry","content-bg","loop-entry"],"_links":{"self":[{"href":"https:\/\/bybatt.com\/cs\/wp-json\/wp\/v2\/product\/271","targetHints":{"allow":["GET"]}}],"collection":[{"href":"https:\/\/bybatt.com\/cs\/wp-json\/wp\/v2\/product"}],"about":[{"href":"https:\/\/bybatt.com\/cs\/wp-json\/wp\/v2\/types\/product"}],"wp:featuredmedia":[{"embeddable":true,"href":"https:\/\/bybatt.com\/cs\/wp-json\/wp\/v2\/media\/272"}],"wp:attachment":[{"href":"https:\/\/bybatt.com\/cs\/wp-json\/wp\/v2\/media?parent=271"}],"wp:term":[{"taxonomy":"product_cat","embeddable":true,"href":"https:\/\/bybatt.com\/cs\/wp-json\/wp\/v2\/product_cat?post=271"},{"taxonomy":"product_tag","embeddable":true,"href":"https:\/\/bybatt.com\/cs\/wp-json\/wp\/v2\/product_tag?post=271"}],"curies":[{"name":"wp","href":"https:\/\/api.w.org\/{rel}","templated":true}]}}