{"id":277,"date":"2023-02-17T13:41:35","date_gmt":"2023-02-17T13:41:35","guid":{"rendered":"https:\/\/bybatt.com\/?post_type=product&#038;p=277"},"modified":"2023-02-17T13:53:19","modified_gmt":"2023-02-17T13:53:19","slug":"lithium-iron-phosphate-lifepo4-solar-server-rack-batteries","status":"publish","type":"product","link":"https:\/\/bybatt.com\/cs\/produkt\/lithium-iron-phosphate-lifepo4-solar-server-rack-batteries\/","title":{"rendered":"LiFePO4 sol\u00e1rn\u00ed stojanov\u00e9 baterie pro server Lithium Iron Phosphate"},"content":{"rendered":"","protected":false},"excerpt":{"rendered":"<p>P\u0159edstavujeme na\u0161e lithium-\u017eelezo-fosf\u00e1tov\u00e9 (LiFePO4) sol\u00e1rn\u00ed serverov\u00e9 stojanov\u00e9 baterie, kter\u00e9 jsou navr\u017eeny tak, aby poskytovaly spolehliv\u00e9 a efektivn\u00ed ukl\u00e1d\u00e1n\u00ed energie pro v\u00e1\u0161 sol\u00e1rn\u00ed energetick\u00fd syst\u00e9m. V\u0161echny \u010dl\u00e1nky pou\u017eit\u00e9 v na\u0161ich bateri\u00edch jsou nov\u00e9 100%, co\u017e zaji\u0161\u0165uje optim\u00e1ln\u00ed v\u00fdkon a dlouhou \u017eivotnost.<br \/>\nS jmenovit\u00fdm nap\u011bt\u00edm 240 V a jmenovitou kapacitou 100 Ah nab\u00edzej\u00ed tyto baterie dostatek energie pro hladk\u00fd chod va\u0161eho syst\u00e9mu. Zvl\u00e1dnou maxim\u00e1ln\u00ed nab\u00edjec\u00ed proud 100A a maxim\u00e1ln\u00ed vyb\u00edjec\u00ed proud 100A, d\u00edky \u010demu\u017e jsou vhodn\u00e9 pro \u0161irokou \u0161k\u00e1lu aplikac\u00ed.<br \/>\nNa\u0161e baterie maj\u00ed re\u017eim nab\u00edjen\u00ed CC\/CV a dod\u00e1vaj\u00ed se s volitelnou obrazovkou, kter\u00e1 v\u00e1m pom\u016f\u017ee sledovat stav baterie. Podporuj\u00ed tak\u00e9 komunikaci p\u0159es RS485\/CAN, co\u017e v\u00e1m umo\u017e\u0148uje integrovat je do v\u011bt\u0161\u00edho syst\u00e9mu \u0159\u00edzen\u00ed energie.<br \/>\nNa\u0161e baterie jsou vyrobeny s robustn\u00edm kovov\u00fdm pouzdrem a odol\u00e1vaj\u00ed \u0161irok\u00e9mu rozsahu teplot a okoln\u00edch podm\u00ednek. Rozm\u011bry baterie jsou 600*600*1530 mm, d\u00edky \u010demu\u017e jsou vhodn\u00e9 pro instalaci do serverov\u00fdch rack\u016f. Hmotnost baterie je kolem 190 kg, co\u017e usnad\u0148uje p\u0159epravu a instalaci.<br \/>\nNa\u0161e baterie jsou vybaveny \u0159adou ochrann\u00fdch funkc\u00ed, v\u010detn\u011b ochrany proti p\u0159ebit\u00ed, ochrany proti nadm\u011brn\u00e9mu vybit\u00ed, ochrany proti nadm\u011brn\u00e9mu proudu a dal\u0161\u00edch, kter\u00e9 zaji\u0161\u0165uj\u00ed bezpe\u010dnost a dlouhou \u017eivotnost va\u0161eho syst\u00e9mu.<\/p>","protected":false},"featured_media":278,"template":"","meta":{"_kad_post_transparent":"default","_kad_post_title":"","_kad_post_layout":"default","_kad_post_sidebar_id":"","_kad_post_content_style":"default","_kad_post_vertical_padding":"default","_kad_post_feature":"","_kad_post_feature_position":"","_kad_post_header":false,"_kad_post_footer":false},"product_cat":[25,28],"product_tag":[102,103,105,100,101,104],"class_list":["post-277","product","type-product","status-publish","has-post-thumbnail","hentry","product_cat-home-storage-battery","product_cat-base-station-battery","product_tag-48v-100ah-lifepo4-cart-battery","product_tag-communication-base-station","product_tag-lithium-ion-phosphate-battery","product_tag-server-rack-batteries","product_tag-server-rack-lifepo4-solar-batteries","product_tag-solar-pack-battery","entry","content-bg","loop-entry"],"_links":{"self":[{"href":"https:\/\/bybatt.com\/cs\/wp-json\/wp\/v2\/product\/277","targetHints":{"allow":["GET"]}}],"collection":[{"href":"https:\/\/bybatt.com\/cs\/wp-json\/wp\/v2\/product"}],"about":[{"href":"https:\/\/bybatt.com\/cs\/wp-json\/wp\/v2\/types\/product"}],"wp:featuredmedia":[{"embeddable":true,"href":"https:\/\/bybatt.com\/cs\/wp-json\/wp\/v2\/media\/278"}],"wp:attachment":[{"href":"https:\/\/bybatt.com\/cs\/wp-json\/wp\/v2\/media?parent=277"}],"wp:term":[{"taxonomy":"product_cat","embeddable":true,"href":"https:\/\/bybatt.com\/cs\/wp-json\/wp\/v2\/product_cat?post=277"},{"taxonomy":"product_tag","embeddable":true,"href":"https:\/\/bybatt.com\/cs\/wp-json\/wp\/v2\/product_tag?post=277"}],"curies":[{"name":"wp","href":"https:\/\/api.w.org\/{rel}","templated":true}]}}