{"id":280,"date":"2023-02-17T14:31:23","date_gmt":"2023-02-17T14:31:23","guid":{"rendered":"https:\/\/bybatt.com\/?post_type=product&#038;p=280"},"modified":"2023-03-05T16:17:53","modified_gmt":"2023-03-05T16:17:53","slug":"48v-telecom-base-station-battery-pack-power-system-solution","status":"publish","type":"product","link":"https:\/\/bybatt.com\/cs\/produkt\/48v-telecom-base-station-battery-pack-power-system-solution\/","title":{"rendered":"48V Telecom Base Station Battery Pack Power System \u0159e\u0161en\u00ed"},"content":{"rendered":"","protected":false},"excerpt":{"rendered":"<p>P\u0159edstavujeme na\u0161i 48V Telecom Base Station Battery Pack Power System Solution \u2013 dokonal\u00e9 \u0159e\u0161en\u00ed pro va\u0161e pot\u0159eby v oblasti telekomunika\u010dn\u00ed energie.<br \/>\nNa\u0161e baterie je vyrobena z nov\u00fdch \u010dl\u00e1nk\u016f 100%, co\u017e zaji\u0161\u0165uje, \u017ee z va\u0161\u00ed baterie z\u00edsk\u00e1te nejlep\u0161\u00ed kvalitu a v\u00fdkon. Typ baterie LiFePO4 je vysoce \u00fa\u010dinn\u00fd a spolehliv\u00fd, tak\u017ee je ide\u00e1ln\u00ed volbou pro va\u0161i telekomunika\u010dn\u00ed z\u00e1kladnu.<br \/>\nD\u00edky jmenovit\u00e9mu nap\u011bt\u00ed 240 V a jmenovit\u00e9 kapacit\u011b 100 Ah je tato baterie schopna dod\u00e1vat spolehlivou energii va\u0161\u00ed telekomunika\u010dn\u00ed z\u00e1kladn\u011b. Baterie je vybavena maxim\u00e1ln\u00edm nab\u00edjec\u00edm proudem 100A a maxim\u00e1ln\u00edm vyb\u00edjec\u00edm proudem 100A, co\u017e umo\u017e\u0148uje rychl\u00e9 a efektivn\u00ed nab\u00edjen\u00ed a vyb\u00edjen\u00ed.<br \/>\nBaterie je dod\u00e1v\u00e1na s re\u017eimem nab\u00edjen\u00ed CC\/CV, kter\u00fd zaji\u0161\u0165uje bezpe\u010dn\u00e9 a efektivn\u00ed nab\u00edjen\u00ed baterie. Displej je voliteln\u00fd a umo\u017e\u0148uje v\u00e1m snadno sledovat v\u00fdkon baterie. Komunika\u010dn\u00ed typ RS485\/CAN umo\u017e\u0148uje bezprobl\u00e9movou komunikaci s va\u0161\u00ed telekomunika\u010dn\u00ed z\u00e1kladnovou stanic\u00ed.<br \/>\nNa\u0161e baterie je navr\u017eena tak, aby fungovala v \u0161irok\u00e9m rozsahu teplot a prost\u0159ed\u00ed, p\u0159i\u010dem\u017e jej\u00ed robustn\u00ed kovov\u00e1 konstrukce zaji\u0161\u0165uje jej\u00ed odolnost a dlouhou \u017eivotnost. S rozm\u011bry 600*600*1530mm a hmotnost\u00ed 190kg (p\u0159ibli\u017en\u011b) je tato baterie kompaktn\u00ed a snadno se instaluje.<br \/>\nBaterie je vybavena \u0159adou ochrann\u00fdch funkc\u00ed, v\u010detn\u011b ochrany proti p\u0159ebit\u00ed, vybit\u00ed, nadproudu a dal\u0161\u00edch. S t\u011bmito ochrann\u00fdmi prvky si m\u016f\u017eete b\u00fdt jisti, \u017ee va\u0161e baterie je bezpe\u010dn\u00e1 a spolehliv\u00e1.<\/p>","protected":false},"featured_media":281,"template":"","meta":{"_kad_post_transparent":"default","_kad_post_title":"","_kad_post_layout":"default","_kad_post_sidebar_id":"","_kad_post_content_style":"default","_kad_post_vertical_padding":"default","_kad_post_feature":"","_kad_post_feature_position":"","_kad_post_header":false,"_kad_post_footer":false},"product_cat":[25,28],"product_tag":[111,110,106,108,107,112,109],"class_list":["post-280","product","type-product","status-publish","has-post-thumbnail","hentry","product_cat-home-storage-battery","product_cat-base-station-battery","product_tag-48v-50ah-lifepo4-battery","product_tag-48v-lifepo4-battery-pack","product_tag-base-station-battery","product_tag-base-station-battery-kit","product_tag-base-station-battery-packs","product_tag-battery-pack-rack-type","product_tag-lifepo4-battery-pack","entry","content-bg","loop-entry"],"_links":{"self":[{"href":"https:\/\/bybatt.com\/cs\/wp-json\/wp\/v2\/product\/280","targetHints":{"allow":["GET"]}}],"collection":[{"href":"https:\/\/bybatt.com\/cs\/wp-json\/wp\/v2\/product"}],"about":[{"href":"https:\/\/bybatt.com\/cs\/wp-json\/wp\/v2\/types\/product"}],"wp:featuredmedia":[{"embeddable":true,"href":"https:\/\/bybatt.com\/cs\/wp-json\/wp\/v2\/media\/281"}],"wp:attachment":[{"href":"https:\/\/bybatt.com\/cs\/wp-json\/wp\/v2\/media?parent=280"}],"wp:term":[{"taxonomy":"product_cat","embeddable":true,"href":"https:\/\/bybatt.com\/cs\/wp-json\/wp\/v2\/product_cat?post=280"},{"taxonomy":"product_tag","embeddable":true,"href":"https:\/\/bybatt.com\/cs\/wp-json\/wp\/v2\/product_tag?post=280"}],"curies":[{"name":"wp","href":"https:\/\/api.w.org\/{rel}","templated":true}]}}