{"id":288,"date":"2023-02-18T03:13:02","date_gmt":"2023-02-18T03:13:02","guid":{"rendered":"https:\/\/bybatt.com\/?post_type=product&#038;p=288"},"modified":"2023-02-18T03:19:31","modified_gmt":"2023-02-18T03:19:31","slug":"server-mount-lifepo4-battery-solar-energy-storage-system","status":"publish","type":"product","link":"https:\/\/bybatt.com\/cs\/produkt\/server-mount-lifepo4-battery-solar-energy-storage-system\/","title":{"rendered":"Server Mount LiFePO4 Battery Solar Energy Storage System"},"content":{"rendered":"","protected":false},"excerpt":{"rendered":"<p>P\u0159edstavujeme n\u00e1\u0161 Server Mount LiFePO4 Battery Solar Energy Storage System, spolehliv\u00e9 a vysoce v\u00fdkonn\u00e9 \u0159e\u0161en\u00ed pro ukl\u00e1d\u00e1n\u00ed energie navr\u017een\u00e9 tak, aby spl\u0148ovalo n\u00e1ro\u010dn\u00e9 pot\u0159eby modern\u00edch server\u016f a datov\u00fdch center.<br \/>\nNa\u0161e technologie bateri\u00ed LiFePO4, postaven\u00e1 pouze z 100% nov\u00fdch \u010dl\u00e1nk\u016f, zaji\u0161\u0165uje v\u00fdjime\u010dn\u00fd v\u00fdkon a dlouhou \u017eivotnost, poskytuje stabiln\u00ed v\u00fdkon a konzistentn\u00ed ukl\u00e1d\u00e1n\u00ed energie pro v\u0161echny pot\u0159eby va\u0161eho serveru.<br \/>\nSe jmenovit\u00fdm nap\u011bt\u00edm 240V a jmenovitou kapacitou 100Ah se n\u00e1\u0161 bateriov\u00fd syst\u00e9m m\u016f\u017ee pochlubit maxim\u00e1ln\u00edm nab\u00edjec\u00edm proudem 100A a maxim\u00e1ln\u00edm vyb\u00edjec\u00edm proudem 100A. Na\u0161e technologie pokro\u010dil\u00e9ho re\u017eimu nab\u00edjen\u00ed CC\/CV zaru\u010duje bezpe\u010dn\u011bj\u0161\u00ed a efektivn\u011bj\u0161\u00ed nab\u00edjen\u00ed va\u0161eho bateriov\u00e9ho syst\u00e9mu.<br \/>\nN\u00e1\u0161 syst\u00e9m je vybaven volitelnou obrazovkou a komunika\u010dn\u00edmi mo\u017enostmi RS485\/CAN, co\u017e v\u00e1m usnadn\u00ed sledov\u00e1n\u00ed v\u00fdkonu baterie a komunikaci s ostatn\u00edmi za\u0159\u00edzen\u00edmi ve va\u0161\u00ed s\u00edti.<br \/>\nN\u00e1\u0161 syst\u00e9m pro ukl\u00e1d\u00e1n\u00ed sol\u00e1rn\u00ed energie na baterie LiFePO4 s mont\u00e1\u017e\u00ed na server, navr\u017een\u00fd tak, aby vydr\u017eel drsn\u00e9 pracovn\u00ed podm\u00ednky, je zapouzd\u0159en v robustn\u00edm kovov\u00e9m pl\u00e1\u0161ti, kter\u00fd zaji\u0161\u0165uje odolnost a dlouhou \u017eivotnost. S rozm\u011bry 600*600*1530 mm je dostate\u010dn\u011b kompaktn\u00ed, aby se ve\u0161el do ka\u017ed\u00e9 serverov\u00e9 m\u00edstnosti nebo datov\u00e9ho centra.<br \/>\nN\u00e1\u0161 syst\u00e9m v\u00e1\u017e\u00ed p\u0159ibli\u017en\u011b 190 kg a nab\u00edz\u00ed snadnou instalaci a manipulaci s ochranou proti p\u0159ebit\u00ed, ochranou proti nadm\u011brn\u00e9mu vybit\u00ed, ochranou proti nadproudu a dal\u0161\u00edmi z\u00e1kladn\u00edmi bezpe\u010dnostn\u00edmi funkcemi, kter\u00e9 zaru\u010duj\u00ed bezpe\u010dn\u00e9 a bezpe\u010dn\u00e9 pou\u017e\u00edv\u00e1n\u00ed na\u0161eho bateriov\u00e9ho syst\u00e9mu.<br \/>\nS kapacitou jedn\u00e9 baterie 5KWH lze n\u00e1\u0161 syst\u00e9m stohovat a\u017e do kapacity 15KWH, aby vyhovoval va\u0161im po\u017eadavk\u016fm na skladov\u00e1n\u00ed energie. N\u00e1\u0161 serverov\u00fd syst\u00e9m LiFePO4 Battery Solar Energy Storage System je dokonal\u00fdm \u0159e\u0161en\u00edm pro ukl\u00e1d\u00e1n\u00ed energie pro v\u0161echny pot\u0159eby va\u0161eho serveru a datov\u00e9ho centra.<\/p>","protected":false},"featured_media":289,"template":"","meta":{"_kad_post_transparent":"default","_kad_post_title":"","_kad_post_layout":"default","_kad_post_sidebar_id":"","_kad_post_content_style":"default","_kad_post_vertical_padding":"default","_kad_post_feature":"","_kad_post_feature_position":"","_kad_post_header":false,"_kad_post_footer":false},"product_cat":[25,28],"product_tag":[120,119,118,117,116,113,115,101,114],"class_list":["post-288","product","type-product","status-publish","has-post-thumbnail","hentry","product_cat-home-storage-battery","product_cat-base-station-battery","product_tag-energy-storage-container","product_tag-lifepo4-energy-battery","product_tag-lithium-battery-51-2v-100ah","product_tag-rack-mount-lifepo4-battery","product_tag-rack-mounted-lithium-battery","product_tag-server-mount-lifepo4-battery","product_tag-server-rack-battery","product_tag-server-rack-lifepo4-solar-batteries","product_tag-solar-lithium-battery-server-rack","entry","content-bg","loop-entry"],"_links":{"self":[{"href":"https:\/\/bybatt.com\/cs\/wp-json\/wp\/v2\/product\/288","targetHints":{"allow":["GET"]}}],"collection":[{"href":"https:\/\/bybatt.com\/cs\/wp-json\/wp\/v2\/product"}],"about":[{"href":"https:\/\/bybatt.com\/cs\/wp-json\/wp\/v2\/types\/product"}],"wp:featuredmedia":[{"embeddable":true,"href":"https:\/\/bybatt.com\/cs\/wp-json\/wp\/v2\/media\/289"}],"wp:attachment":[{"href":"https:\/\/bybatt.com\/cs\/wp-json\/wp\/v2\/media?parent=288"}],"wp:term":[{"taxonomy":"product_cat","embeddable":true,"href":"https:\/\/bybatt.com\/cs\/wp-json\/wp\/v2\/product_cat?post=288"},{"taxonomy":"product_tag","embeddable":true,"href":"https:\/\/bybatt.com\/cs\/wp-json\/wp\/v2\/product_tag?post=288"}],"curies":[{"name":"wp","href":"https:\/\/api.w.org\/{rel}","templated":true}]}}