{"id":291,"date":"2023-02-18T03:25:01","date_gmt":"2023-02-18T03:25:01","guid":{"rendered":"https:\/\/bybatt.com\/?post_type=product&#038;p=291"},"modified":"2023-02-18T03:32:11","modified_gmt":"2023-02-18T03:32:11","slug":"ups-battery-base-station-backup-battery-power-system-solution","status":"publish","type":"product","link":"https:\/\/bybatt.com\/cs\/produkt\/ups-battery-base-station-backup-battery-power-system-solution\/","title":{"rendered":"Syst\u00e9mov\u00e9 \u0159e\u0161en\u00ed z\u00e1lo\u017en\u00ed baterie z\u00e1kladn\u00ed stanice UPS"},"content":{"rendered":"","protected":false},"excerpt":{"rendered":"<p>P\u0159edstavujeme na\u0161e \u0161pi\u010dkov\u00e9 \u0159e\u0161en\u00ed z\u00e1lo\u017en\u00edho bateriov\u00e9ho nap\u00e1jen\u00ed z\u00e1kladn\u00ed stanice UPS, navr\u017een\u00e9 tak, aby v\u00e1m poskytlo spolehliv\u00e9 a efektivn\u00ed \u0159e\u0161en\u00ed z\u00e1lohov\u00e1n\u00ed nap\u00e1jen\u00ed pro v\u0161echny va\u0161e pot\u0159eby v oblasti nap\u00e1jen\u00ed. Na\u0161e baterie jsou vyrobeny z nov\u00fdch \u010dl\u00e1nk\u016f 100% a vyu\u017e\u00edvaj\u00ed nejnov\u011bj\u0161\u00ed technologii bateri\u00ed LiFePO4, kter\u00e1 zaji\u0161\u0165uje dlouhotrvaj\u00edc\u00ed a vysoce v\u00fdkonn\u00e9 nap\u00e1jen\u00ed.<br \/>\nD\u00edky jmenovit\u00e9mu nap\u011bt\u00ed 240 V a jmenovit\u00e9 kapacit\u011b 100 Ah je n\u00e1\u0161 bateriov\u00fd syst\u00e9m schopen snadno zvl\u00e1dnout velk\u00e9 energetick\u00e9 z\u00e1t\u011b\u017ee. N\u00e1\u0161 bateriov\u00fd syst\u00e9m m\u00e1 maxim\u00e1ln\u00ed nab\u00edjec\u00ed proud 100A a maxim\u00e1ln\u00ed vyb\u00edjec\u00ed proud 100A, co\u017e umo\u017e\u0148uje rychl\u00e9 nab\u00edjen\u00ed a rychl\u00e9 vyb\u00edjen\u00ed.<br \/>\nNa\u0161e baterie jsou navr\u017eeny s re\u017eimem nab\u00edjen\u00ed CC\/CV a jsou dod\u00e1v\u00e1ny s voliteln\u00fdm displejem pro sledov\u00e1n\u00ed a ovl\u00e1d\u00e1n\u00ed \u00farovn\u00ed v\u00fdkonu. N\u00e1\u0161 syst\u00e9m tak\u00e9 zahrnuje komunikaci RS485\/CAN, co\u017e umo\u017e\u0148uje snadnou integraci s va\u0161imi st\u00e1vaj\u00edc\u00edmi nap\u00e1jec\u00edmi syst\u00e9my.<br \/>\nN\u00e1\u0161 bateriov\u00fd syst\u00e9m je vyroben z odoln\u00fdch kovov\u00fdch materi\u00e1l\u016f a je postaven tak, aby vydr\u017eel extr\u00e9mn\u00ed teploty a drsn\u00e9 podm\u00ednky prost\u0159ed\u00ed. Rozm\u011bry na\u0161eho syst\u00e9mu jsou 6006001530 mm a v\u00e1\u017e\u00ed p\u0159ibli\u017en\u011b 190 kg, co\u017e z n\u011bj \u010din\u00ed pohodln\u00e9 a praktick\u00e9 \u0159e\u0161en\u00ed pro \u0161irokou \u0161k\u00e1lu energetick\u00fdch pot\u0159eb.<br \/>\nN\u00e1\u0161 syst\u00e9m je vybaven ochranou proti p\u0159ebit\u00ed, ochranou proti nadm\u011brn\u00e9mu vybit\u00ed, nadproudovou ochranou a dal\u0161\u00edmi pokro\u010dil\u00fdmi bezpe\u010dnostn\u00edmi funkcemi, kter\u00e9 zaji\u0161\u0165uj\u00ed, \u017ee v\u00e1\u0161 nap\u00e1jec\u00ed syst\u00e9m bude v\u017edy chr\u00e1n\u011bn a zabezpe\u010den.<\/p>","protected":false},"featured_media":292,"template":"","meta":{"_kad_post_transparent":"default","_kad_post_title":"","_kad_post_layout":"default","_kad_post_sidebar_id":"","_kad_post_content_style":"default","_kad_post_vertical_padding":"default","_kad_post_feature":"","_kad_post_feature_position":"","_kad_post_header":false,"_kad_post_footer":false},"product_cat":[25,28],"product_tag":[124,123,126,125,122,121,127],"class_list":["post-291","product","type-product","status-publish","has-post-thumbnail","hentry","product_cat-home-storage-battery","product_cat-base-station-battery","product_tag-51-2v-energy-storage-solar-base-station-power","product_tag-base-station-backup-battery","product_tag-battery-200ah","product_tag-supply-48v-100ah-gyll-lifepo4-solar-battery-rack","product_tag-ups-base-station-backup-battery","product_tag-ups-battery","product_tag-ups-communication-base-station","entry","content-bg","loop-entry"],"_links":{"self":[{"href":"https:\/\/bybatt.com\/cs\/wp-json\/wp\/v2\/product\/291","targetHints":{"allow":["GET"]}}],"collection":[{"href":"https:\/\/bybatt.com\/cs\/wp-json\/wp\/v2\/product"}],"about":[{"href":"https:\/\/bybatt.com\/cs\/wp-json\/wp\/v2\/types\/product"}],"wp:featuredmedia":[{"embeddable":true,"href":"https:\/\/bybatt.com\/cs\/wp-json\/wp\/v2\/media\/292"}],"wp:attachment":[{"href":"https:\/\/bybatt.com\/cs\/wp-json\/wp\/v2\/media?parent=291"}],"wp:term":[{"taxonomy":"product_cat","embeddable":true,"href":"https:\/\/bybatt.com\/cs\/wp-json\/wp\/v2\/product_cat?post=291"},{"taxonomy":"product_tag","embeddable":true,"href":"https:\/\/bybatt.com\/cs\/wp-json\/wp\/v2\/product_tag?post=291"}],"curies":[{"name":"wp","href":"https:\/\/api.w.org\/{rel}","templated":true}]}}