{"id":296,"date":"2023-02-18T03:39:37","date_gmt":"2023-02-18T03:39:37","guid":{"rendered":"https:\/\/bybatt.com\/?post_type=product&#038;p=296"},"modified":"2023-02-18T03:48:57","modified_gmt":"2023-02-18T03:48:57","slug":"48v-power-wall-mounted-lithium-battery-energy-storage-system","status":"publish","type":"product","link":"https:\/\/bybatt.com\/cs\/produkt\/48v-power-wall-mounted-lithium-battery-energy-storage-system\/","title":{"rendered":"48V nap\u00e1jec\u00ed syst\u00e9m pro ukl\u00e1d\u00e1n\u00ed energie z lithiov\u00e9 baterie na st\u011bnu"},"content":{"rendered":"","protected":false},"excerpt":{"rendered":"<p>P\u0159edstavujeme n\u00e1\u0161 48V nap\u00e1jec\u00ed n\u00e1st\u011bnn\u00fd syst\u00e9m pro ukl\u00e1d\u00e1n\u00ed energie z lithiov\u00fdch bateri\u00ed, navr\u017een\u00fd tak, aby poskytoval spolehliv\u00e9 a efektivn\u00ed ukl\u00e1d\u00e1n\u00ed energie pro dom\u00e1cnosti a podniky. Na\u0161e baterie jsou vyrobeny z nov\u00fdch \u010dl\u00e1nk\u016f 100%, kter\u00e9 zaji\u0161\u0165uj\u00ed \u0161pi\u010dkovou kvalitu a dlouhotrvaj\u00edc\u00ed v\u00fdkon.<br \/>\nVyberte si z \u0159ady kapacit, kter\u00e9 vyhovuj\u00ed va\u0161im energetick\u00fdm pot\u0159eb\u00e1m: 50Ah, 100Ah, 150Ah nebo 200Ah, s energetick\u00fdmi v\u00fdstupy v rozmez\u00ed od 2,56KWH do 10,24KWH. S maxim\u00e1ln\u00edm v\u00fdkonem a\u017e 10 240 W poskytuje n\u00e1\u0161 bateriov\u00fd syst\u00e9m dostatek energie pro v\u0161echny va\u0161e energetick\u00e9 pot\u0159eby.<br \/>\nN\u00e1\u0161 bateriov\u00fd syst\u00e9m je vyroben tak, aby vydr\u017eel, s \u017eivotnost\u00ed a\u017e 6000 cykl\u016f p\u0159i hloubce vybit\u00ed 80% a teplotn\u00edm rozsahu -20 \u00b0C a\u017e 60 \u00b0C. Baterii lze skladovat a\u017e 5 m\u011bs\u00edc\u016f p\u0159i 25 \u00b0C, 3 m\u011bs\u00edce p\u0159i 35 \u00b0C a 1 m\u011bs\u00edc p\u0159i 45 \u00b0C, d\u00edky \u010demu\u017e je vhodn\u00e1 pro r\u016fzn\u00e9 podm\u00ednky prost\u0159ed\u00ed.<br \/>\nN\u00e1st\u011bnn\u00e1 konstrukce na\u0161eho bateriov\u00e9ho syst\u00e9mu umo\u017e\u0148uje snadnou instalaci a \u0161et\u0159\u00ed cennou podlahovou plochu. S rozm\u011bry 360*140*570 mm je kompaktn\u00ed a vejde se do st\u00edsn\u011bn\u00fdch prostor.<\/p>","protected":false},"featured_media":297,"template":"","meta":{"_kad_post_transparent":"default","_kad_post_title":"","_kad_post_layout":"default","_kad_post_sidebar_id":"","_kad_post_content_style":"default","_kad_post_vertical_padding":"default","_kad_post_feature":"","_kad_post_feature_position":"","_kad_post_header":false,"_kad_post_footer":false},"product_cat":[25,27],"product_tag":[136,135,131,137,129,132,134,130,128,133],"class_list":["post-296","product","type-product","status-publish","has-post-thumbnail","hentry","product_cat-home-storage-battery","product_cat-home-battery-powerwall","product_tag-10kwh-7kwh-5kwh-energy-storage-battery","product_tag-48v-wall-mounted-power-battery","product_tag-energy-storage-system","product_tag-lifepo4-lithium-battery-powerwall","product_tag-lithium-battery-wall-mount","product_tag-powerwall-battery","product_tag-rechargeable-lifepo4-lithium-ion-battery","product_tag-wall-mounted-battery","product_tag-wall-mounted-lithium-battery","product_tag-wall-mounted-power-battery","entry","content-bg","loop-entry"],"_links":{"self":[{"href":"https:\/\/bybatt.com\/cs\/wp-json\/wp\/v2\/product\/296","targetHints":{"allow":["GET"]}}],"collection":[{"href":"https:\/\/bybatt.com\/cs\/wp-json\/wp\/v2\/product"}],"about":[{"href":"https:\/\/bybatt.com\/cs\/wp-json\/wp\/v2\/types\/product"}],"wp:featuredmedia":[{"embeddable":true,"href":"https:\/\/bybatt.com\/cs\/wp-json\/wp\/v2\/media\/297"}],"wp:attachment":[{"href":"https:\/\/bybatt.com\/cs\/wp-json\/wp\/v2\/media?parent=296"}],"wp:term":[{"taxonomy":"product_cat","embeddable":true,"href":"https:\/\/bybatt.com\/cs\/wp-json\/wp\/v2\/product_cat?post=296"},{"taxonomy":"product_tag","embeddable":true,"href":"https:\/\/bybatt.com\/cs\/wp-json\/wp\/v2\/product_tag?post=296"}],"curies":[{"name":"wp","href":"https:\/\/api.w.org\/{rel}","templated":true}]}}