{"id":300,"date":"2023-02-18T03:55:53","date_gmt":"2023-02-18T03:55:53","guid":{"rendered":"https:\/\/bybatt.com\/?post_type=product&#038;p=300"},"modified":"2023-02-18T05:26:41","modified_gmt":"2023-02-18T05:26:41","slug":"home-solar-wall-mounted-lithium-battery-lifepo4-battery","status":"publish","type":"product","link":"https:\/\/bybatt.com\/cs\/produkt\/home-solar-wall-mounted-lithium-battery-lifepo4-battery\/","title":{"rendered":"Home Sol\u00e1rn\u00ed n\u00e1st\u011bnn\u00e1 lithiov\u00e1 baterie LiFePO4 baterie"},"content":{"rendered":"","protected":false},"excerpt":{"rendered":"<p>P\u0159edstavujeme na\u0161i dom\u00e1c\u00ed sol\u00e1rn\u00ed n\u00e1st\u011bnnou lithiovou baterii LiFePO4, navr\u017eenou pro nap\u00e1jen\u00ed va\u0161eho domova obnovitelnou energi\u00ed. Tato inovativn\u00ed baterie je vyrobena z nov\u00fdch \u010dl\u00e1nk\u016f 100%, kter\u00e9 zaji\u0161\u0165uj\u00ed maxim\u00e1ln\u00ed \u00fa\u010dinnost a dlouhodobou spolehlivost.<br \/>\nS kapacitou 48 V a \u010dty\u0159mi mo\u017enostmi skladov\u00e1n\u00ed energie \u2013 50 Ah, 100 Ah, 150 Ah a 200 Ah \u2013 si m\u016f\u017eete vybrat perfektn\u00ed velikost, kter\u00e1 bude vyhovovat va\u0161im energetick\u00fdm pot\u0159eb\u00e1m. Baterie dok\u00e1\u017ee ulo\u017eit 2,56 KWH a\u017e 10,24 KWH energie, co\u017e v\u00e1m umo\u017en\u00ed nap\u00e1jet v\u00e1\u0161 domov, ani\u017e byste se spol\u00e9hali na tradi\u010dn\u00ed zdroje energie.<br \/>\nMaxim\u00e1ln\u00ed v\u00fdstupn\u00ed v\u00fdkon se pohybuje od 2560W do 10240W, co\u017e v\u00e1m d\u00e1v\u00e1 v\u00fdkon, kter\u00fd pot\u0159ebujete pro hladk\u00fd chod va\u0161eho domova. Krom\u011b toho je baterie navr\u017eena tak, aby vydr\u017eela a\u017e 6000 cykl\u016f p\u0159i vybit\u00ed do hloubky vybit\u00ed 80% (DOD) p\u0159i teplot\u011b 25 \u00b0C, co\u017e poskytuje dlouhodobou spolehlivost.<br \/>\nTato baterie je ide\u00e1ln\u00ed pro dom\u00e1c\u00ed pou\u017eit\u00ed a lze ji namontovat na st\u011bnu, p\u0159i\u010dem\u017e zabere minimum m\u00edsta. Byl navr\u017een tak, aby vydr\u017eel rozsah teplot, od -20 \u00b0C do 60 \u00b0C, a m\u016f\u017ee pracovat s relativn\u00ed vlhkost\u00ed 60+\/-25%. Nav\u00edc m\u00e1 skladovac\u00ed dobu 5 m\u011bs\u00edc\u016f p\u0159i 25 \u00b0C, 3 m\u011bs\u00edce p\u0159i 35 \u00b0C a 1 m\u011bs\u00edc p\u0159i 45 \u00b0C.<br \/>\nBaterie m\u00e1 kompaktn\u00ed velikost 360*140*570 mm, tak\u017ee ji lze snadno instalovat ve va\u0161\u00ed dom\u00e1cnosti. Na\u0161e dom\u00e1c\u00ed sol\u00e1rn\u00ed n\u00e1st\u011bnn\u00e1 lithiov\u00e1 baterie LiFePO4 baterie je ekologick\u00fd a n\u00e1kladov\u011b efektivn\u00ed zp\u016fsob, jak nap\u00e1jet v\u00e1\u0161 domov obnoviteln\u00fdmi zdroji energie. Investujte do t\u00e9to inovativn\u00ed baterie je\u0161t\u011b dnes a p\u0159evezm\u011bte kontrolu nad svou spot\u0159ebou energie.<\/p>","protected":false},"featured_media":301,"template":"","meta":{"_kad_post_transparent":"default","_kad_post_title":"","_kad_post_layout":"default","_kad_post_sidebar_id":"","_kad_post_content_style":"default","_kad_post_vertical_padding":"default","_kad_post_feature":"","_kad_post_feature_position":"","_kad_post_header":false,"_kad_post_footer":false},"product_cat":[25,27],"product_tag":[140,139,62,141,128,138],"class_list":["post-300","product","type-product","status-publish","has-post-thumbnail","hentry","product_cat-home-storage-battery","product_cat-home-battery-powerwall","product_tag-home-energy-storage","product_tag-home-power-wall-mounted-battery","product_tag-lifepo4-solar-lithium-battery","product_tag-power-wall","product_tag-wall-mounted-lithium-battery","product_tag-wall-mounted-lithium-home-battery","entry","content-bg","loop-entry"],"_links":{"self":[{"href":"https:\/\/bybatt.com\/cs\/wp-json\/wp\/v2\/product\/300","targetHints":{"allow":["GET"]}}],"collection":[{"href":"https:\/\/bybatt.com\/cs\/wp-json\/wp\/v2\/product"}],"about":[{"href":"https:\/\/bybatt.com\/cs\/wp-json\/wp\/v2\/types\/product"}],"wp:featuredmedia":[{"embeddable":true,"href":"https:\/\/bybatt.com\/cs\/wp-json\/wp\/v2\/media\/301"}],"wp:attachment":[{"href":"https:\/\/bybatt.com\/cs\/wp-json\/wp\/v2\/media?parent=300"}],"wp:term":[{"taxonomy":"product_cat","embeddable":true,"href":"https:\/\/bybatt.com\/cs\/wp-json\/wp\/v2\/product_cat?post=300"},{"taxonomy":"product_tag","embeddable":true,"href":"https:\/\/bybatt.com\/cs\/wp-json\/wp\/v2\/product_tag?post=300"}],"curies":[{"name":"wp","href":"https:\/\/api.w.org\/{rel}","templated":true}]}}