{"id":306,"date":"2023-02-18T05:30:26","date_gmt":"2023-02-18T05:30:26","guid":{"rendered":"https:\/\/bybatt.com\/?post_type=product&#038;p=306"},"modified":"2023-02-18T05:40:06","modified_gmt":"2023-02-18T05:40:06","slug":"cheap-48v-100ah-lifepo4-powerwall-lithium-ion-home-battery","status":"publish","type":"product","link":"https:\/\/bybatt.com\/cs\/produkt\/cheap-48v-100ah-lifepo4-powerwall-lithium-ion-home-battery\/","title":{"rendered":"Levn\u00e1 48V 100AH LiFePO4 Powerwall lithium-iontov\u00e1 dom\u00e1c\u00ed baterie"},"content":{"rendered":"","protected":false},"excerpt":{"rendered":"<p>48V 100AH LiFePO4 Powerwall Lithium ion Home Battery je pokro\u010dil\u00e9 \u0159e\u0161en\u00ed pro dom\u00e1c\u00ed z\u00e1lo\u017en\u00ed nap\u00e1jen\u00ed. Tento high-tech produkt je navr\u017een tak, aby se bez probl\u00e9m\u016f integroval do va\u0161eho domova d\u00edky sv\u00e9mu modern\u00edmu designu a miniaturizovan\u00e9, lehk\u00e9 konstrukci. Je inteligentn\u00ed, standardizovan\u00fd a \u0161etrn\u00fd k \u017eivotn\u00edmu prost\u0159ed\u00ed, tak\u017ee je vynikaj\u00edc\u00ed volbou pro ty, kte\u0159\u00ed cht\u011bj\u00ed sn\u00ed\u017eit svou uhl\u00edkovou stopu.<br \/>\nDom\u00e1c\u00ed baterie powerwall m\u00e1 \u00falo\u017enou kapacitu lithiov\u00e9 (LiFePO4) baterie 5 kWh, kter\u00e1 poskytuje dostatek energie, aby v\u00e1s udr\u017eela mimo s\u00ed\u0165, kdykoli budete cht\u00edt. Tato baterie je celosv\u011btov\u011b nejobl\u00edben\u011bj\u0161\u00edm \u0159e\u0161en\u00edm pro ukl\u00e1d\u00e1n\u00ed energie a nab\u00edz\u00ed spolehliv\u00e9 dom\u00e1c\u00ed z\u00e1lo\u017en\u00ed nap\u00e1jen\u00ed, na kter\u00e9 se m\u016f\u017eete spolehnout. I kdy\u017e va\u0161e sol\u00e1rn\u00ed cesta neza\u010dala u v\u00fdrobc\u016f, st\u00e1le si m\u016f\u017eete u\u017e\u00edvat v\u00fdhod tohoto dom\u00e1c\u00edho bateriov\u00e9ho syst\u00e9mu a dom\u00e1c\u00edho bateriov\u00e9ho z\u00e1lo\u017en\u00edho nap\u00e1jec\u00edho syst\u00e9mu.<br \/>\nV\u0161echny \u010dl\u00e1nky pou\u017eit\u00e9 v t\u011bchto bateri\u00edch jsou nov\u00e9 100%, co\u017e zaji\u0161\u0165uje dlouhotrvaj\u00edc\u00ed v\u00fdkon. Baterie je k dispozici v r\u016fzn\u00fdch kapacit\u00e1ch a velikostech s energetick\u00fdmi v\u00fdstupy 2,56KWH, 5,12KWH, 7,68KWH a 10,24KWH a maxim\u00e1ln\u00edmi v\u00fdstupn\u00edmi v\u00fdkony 2560W, 5120W, 7680W a 10240W. Baterie m\u00e1 dlouhou \u017eivotnost 6000 cykl\u016f (p\u0159i 80% DOD, 25\u00b0C), co\u017e umo\u017e\u0148uje spolehliv\u00e9 dlouhodob\u00e9 pou\u017e\u00edv\u00e1n\u00ed.<br \/>\nTuto baterii lze skladovat a\u017e 5 m\u011bs\u00edc\u016f p\u0159i 25 \u00b0C, 3 m\u011bs\u00edce p\u0159i 35 \u00b0C a 1 m\u011bs\u00edc p\u0159i 45 \u00b0C, co\u017e z n\u00ed \u010din\u00ed flexibiln\u00ed \u0159e\u0161en\u00ed pro va\u0161e pot\u0159eby z\u00e1lo\u017en\u00edho nap\u00e1jen\u00ed. M\u016f\u017ee pracovat v teplotn\u00edm rozsahu -20 \u00b0C a\u017e 60 \u00b0C p\u0159i relativn\u00ed vlhkosti 60+\/-25%, co\u017e zaji\u0161\u0165uje, \u017ee m\u016f\u017ee dob\u0159e fungovat v r\u016fzn\u00fdch podm\u00ednk\u00e1ch. Rozm\u011bry baterie jsou 360*140*570mm, tak\u017ee ji lze snadno integrovat do va\u0161eho domova.<\/p>","protected":false},"featured_media":307,"template":"","meta":{"_kad_post_transparent":"default","_kad_post_title":"","_kad_post_layout":"default","_kad_post_sidebar_id":"","_kad_post_content_style":"default","_kad_post_vertical_padding":"default","_kad_post_feature":"","_kad_post_feature_position":"","_kad_post_header":false,"_kad_post_footer":false},"product_cat":[25,27],"product_tag":[147,149,144,143,145,146,142,148],"class_list":["post-306","product","type-product","status-publish","has-post-thumbnail","hentry","product_cat-home-storage-battery","product_cat-home-battery-powerwall","product_tag-6000-cycles-life-lithium-ion-battery","product_tag-home-battery-lithium-powerwall","product_tag-lifepo4-home-battery","product_tag-lithium-ion-home-battery","product_tag-powerwall-home-battery","product_tag-powerwall-lithium-ion-battery","product_tag-powerwall-lithium-ion-home-battery","product_tag-powerwall-tesla-10kwh","entry","content-bg","loop-entry"],"_links":{"self":[{"href":"https:\/\/bybatt.com\/cs\/wp-json\/wp\/v2\/product\/306","targetHints":{"allow":["GET"]}}],"collection":[{"href":"https:\/\/bybatt.com\/cs\/wp-json\/wp\/v2\/product"}],"about":[{"href":"https:\/\/bybatt.com\/cs\/wp-json\/wp\/v2\/types\/product"}],"wp:featuredmedia":[{"embeddable":true,"href":"https:\/\/bybatt.com\/cs\/wp-json\/wp\/v2\/media\/307"}],"wp:attachment":[{"href":"https:\/\/bybatt.com\/cs\/wp-json\/wp\/v2\/media?parent=306"}],"wp:term":[{"taxonomy":"product_cat","embeddable":true,"href":"https:\/\/bybatt.com\/cs\/wp-json\/wp\/v2\/product_cat?post=306"},{"taxonomy":"product_tag","embeddable":true,"href":"https:\/\/bybatt.com\/cs\/wp-json\/wp\/v2\/product_tag?post=306"}],"curies":[{"name":"wp","href":"https:\/\/api.w.org\/{rel}","templated":true}]}}