{"id":311,"date":"2023-02-18T08:35:21","date_gmt":"2023-02-18T08:35:21","guid":{"rendered":"https:\/\/bybatt.com\/?post_type=product&#038;p=311"},"modified":"2023-02-18T08:41:37","modified_gmt":"2023-02-18T08:41:37","slug":"grid-hybrid-inverter-wall-mounted-battery-home-solar-system","status":"publish","type":"product","link":"https:\/\/bybatt.com\/cs\/produkt\/grid-hybrid-inverter-wall-mounted-battery-home-solar-system\/","title":{"rendered":"Grid Hybrid Inverter N\u00e1st\u011bnn\u00e1 baterie Dom\u00e1c\u00ed sol\u00e1rn\u00ed syst\u00e9m"},"content":{"rendered":"","protected":false},"excerpt":{"rendered":"<p>Tento n\u00e1st\u011bnn\u00fd n\u00e1st\u011bnn\u00fd bateriov\u00fd sol\u00e1rn\u00ed syst\u00e9m s hybridn\u00edm invertorem je navr\u017een pro dom\u00e1c\u00ed pou\u017eit\u00ed a skl\u00e1d\u00e1 se z baterie, hybridn\u00edho invertoru a sol\u00e1rn\u00edch panel\u016f. Baterie m\u00e1 kapacitu 48 V a je k dispozici ve \u010dty\u0159ech r\u016fzn\u00fdch velikostech \u2013 50 Ah, 100 Ah, 150 Ah a 200 Ah, s odpov\u00eddaj\u00edc\u00edm \u00falo\u017ei\u0161t\u011bm energie 2,56 KWH, 5,12 KWH, 7,68 KWH a 10,24 KWH. Pou\u017eit\u00e9 bateriov\u00e9 \u010dl\u00e1nky jsou zcela nov\u00e9 a zaji\u0161\u0165uj\u00ed vysoce kvalitn\u00ed v\u00fdkon.<br \/>\nMaxim\u00e1ln\u00ed v\u00fdstupn\u00ed v\u00fdkon syst\u00e9mu se li\u0161\u00ed v z\u00e1vislosti na velikosti baterie, p\u0159i\u010dem\u017e nejvy\u0161\u0161\u00ed kapacita 200Ah je schopna produkovat maxim\u00e1ln\u00ed v\u00fdkon 10240W. Baterie m\u00e1 dlouhou \u017eivotnost a\u017e 6000 cykl\u016f p\u0159i vybit\u00ed a\u017e 80% jej\u00ed kapacity p\u0159i teplot\u011b 25\u00b0C.<br \/>\nBaterii lze skladovat a\u017e 5 m\u011bs\u00edc\u016f p\u0159i teplot\u011b 25 \u00b0C, 3 m\u011bs\u00edce p\u0159i 35 \u00b0C a 1 m\u011bs\u00edc p\u0159i 45 \u00b0C, co\u017e u\u017eivatel\u016fm poskytuje flexibilitu a pohodl\u00ed. Syst\u00e9m m\u016f\u017ee pracovat v teplotn\u00edm rozsahu -20\u00b0C a\u017e 60\u00b0C, s relativn\u00ed vlhkost\u00ed 60+\/-25%.<br \/>\nRozm\u011bry bateriov\u00e9ho bloku jsou 360*140*570 mm, co\u017e umo\u017e\u0148uje snadnou mont\u00e1\u017e na st\u011bnu pro prostorov\u011b \u00faspornou instalaci. Tento sol\u00e1rn\u00ed syst\u00e9m je ide\u00e1ln\u00edm \u0159e\u0161en\u00edm pro dom\u00e1cnosti, kter\u00e9 cht\u011bj\u00ed sn\u00ed\u017eit sv\u00e9 \u00fa\u010dty za elekt\u0159inu a spol\u00e9hat se na s\u00ed\u0165 a z\u00e1rove\u0148 m\u00edt pozitivn\u00ed dopad na \u017eivotn\u00ed prost\u0159ed\u00ed.<\/p>","protected":false},"featured_media":312,"template":"","meta":{"_kad_post_transparent":"default","_kad_post_title":"","_kad_post_layout":"default","_kad_post_sidebar_id":"","_kad_post_content_style":"default","_kad_post_vertical_padding":"default","_kad_post_feature":"","_kad_post_feature_position":"","_kad_post_header":false,"_kad_post_footer":false},"product_cat":[25,27],"product_tag":[151,131,68,152,153,155,150,154,130],"class_list":["post-311","product","type-product","status-publish","has-post-thumbnail","hentry","product_cat-home-storage-battery","product_cat-home-battery-powerwall","product_tag-battery-storage","product_tag-energy-storage-system","product_tag-lifepo4-lithium-battery","product_tag-power-battery-wall","product_tag-power-storage","product_tag-power-wall-hybrid-grid","product_tag-powerwall-energy","product_tag-solar-battery-storage-system","product_tag-wall-mounted-battery","entry","content-bg","loop-entry"],"_links":{"self":[{"href":"https:\/\/bybatt.com\/cs\/wp-json\/wp\/v2\/product\/311","targetHints":{"allow":["GET"]}}],"collection":[{"href":"https:\/\/bybatt.com\/cs\/wp-json\/wp\/v2\/product"}],"about":[{"href":"https:\/\/bybatt.com\/cs\/wp-json\/wp\/v2\/types\/product"}],"wp:featuredmedia":[{"embeddable":true,"href":"https:\/\/bybatt.com\/cs\/wp-json\/wp\/v2\/media\/312"}],"wp:attachment":[{"href":"https:\/\/bybatt.com\/cs\/wp-json\/wp\/v2\/media?parent=311"}],"wp:term":[{"taxonomy":"product_cat","embeddable":true,"href":"https:\/\/bybatt.com\/cs\/wp-json\/wp\/v2\/product_cat?post=311"},{"taxonomy":"product_tag","embeddable":true,"href":"https:\/\/bybatt.com\/cs\/wp-json\/wp\/v2\/product_tag?post=311"}],"curies":[{"name":"wp","href":"https:\/\/api.w.org\/{rel}","templated":true}]}}