{"id":316,"date":"2023-02-18T08:42:14","date_gmt":"2023-02-18T08:42:14","guid":{"rendered":"https:\/\/bybatt.com\/?post_type=product&#038;p=316"},"modified":"2023-03-05T16:19:15","modified_gmt":"2023-03-05T16:19:15","slug":"lifepo4-tesla-powerwall-lithium-battery-for-solar-system","status":"publish","type":"product","link":"https:\/\/bybatt.com\/cs\/produkt\/lifepo4-tesla-powerwall-lithium-battery-for-solar-system\/","title":{"rendered":"LiFePO4 Tesla Powerwall lithiov\u00e1 baterie pro slune\u010dn\u00ed soustavu"},"content":{"rendered":"","protected":false},"excerpt":{"rendered":"<p>LiFePO4 Tesla Powerwall Lithium Battery je navr\u017eena pro pou\u017eit\u00ed v sol\u00e1rn\u00edch syst\u00e9mech a je dod\u00e1v\u00e1na v n\u011bkolika kapacitn\u00edch variant\u00e1ch: 48V 50Ah, 48V 100Ah, 48V 150Ah a 48V 200Ah. Baterie m\u00e1 maxim\u00e1ln\u00ed energetickou kapacitu 2,56KWH, 5,12KWH, 7,68KWH a 10,24KWH a m\u016f\u017ee poskytnout maxim\u00e1ln\u00ed v\u00fdkon 2560W, 5120W, 7680W, respektive 10240W.<br \/>\nBaterie je vyrobena z nov\u00fdch \u010dl\u00e1nk\u016f 100% a m\u00e1 dlouhou \u017eivotnost s jmenovitou \u017eivotnost\u00ed 6000 cykl\u016f p\u0159i hloubce vybit\u00ed 80% a teplot\u011b 25\u00b0C. M\u016f\u017ee b\u00fdt skladov\u00e1n po dobu a\u017e 5 m\u011bs\u00edc\u016f p\u0159i teplot\u011b 25 \u00b0C, 3 m\u011bs\u00edce p\u0159i 35 \u00b0C a 1 m\u011bs\u00edc p\u0159i 45 \u00b0C. Baterie je navr\u017eena pro provoz v teplot\u00e1ch od -20\u00b0C do 60\u00b0C s relativn\u00ed vlhkost\u00ed 60+\/-25%. Rozm\u011bry baterie jsou 360 mm x 140 mm x 570 mm (d\u00e9lka x \u0161\u00ed\u0159ka x v\u00fd\u0161ka).<br \/>\nCelkov\u011b je tato lithiov\u00e1 baterie LiFePO4 Tesla Powerwall vysoce v\u00fdkonn\u00fdm, odoln\u00fdm a spolehliv\u00fdm \u0159e\u0161en\u00edm pro nap\u00e1jen\u00ed sol\u00e1rn\u00edch syst\u00e9m\u016f a je schopna poskytovat zna\u010dnou akumulaci energie a v\u00fdkon po del\u0161\u00ed dobu.<\/p>","protected":false},"featured_media":317,"template":"","meta":{"_kad_post_transparent":"default","_kad_post_title":"","_kad_post_layout":"default","_kad_post_sidebar_id":"","_kad_post_content_style":"default","_kad_post_vertical_padding":"default","_kad_post_feature":"","_kad_post_feature_position":"","_kad_post_header":false,"_kad_post_footer":false},"product_cat":[25,27],"product_tag":[157,68,158,159,156],"class_list":["post-316","product","type-product","status-publish","has-post-thumbnail","hentry","product_cat-home-storage-battery","product_cat-home-battery-powerwall","product_tag-6000-cycles-80-dod-lifepo4-48v-100ah-5kwh-powerwall","product_tag-lifepo4-lithium-battery","product_tag-power-wall-lithium-battery","product_tag-tesla-powerwall-alternative","product_tag-tesla-powerwall-lithium-battery","entry","content-bg","loop-entry"],"_links":{"self":[{"href":"https:\/\/bybatt.com\/cs\/wp-json\/wp\/v2\/product\/316","targetHints":{"allow":["GET"]}}],"collection":[{"href":"https:\/\/bybatt.com\/cs\/wp-json\/wp\/v2\/product"}],"about":[{"href":"https:\/\/bybatt.com\/cs\/wp-json\/wp\/v2\/types\/product"}],"wp:featuredmedia":[{"embeddable":true,"href":"https:\/\/bybatt.com\/cs\/wp-json\/wp\/v2\/media\/317"}],"wp:attachment":[{"href":"https:\/\/bybatt.com\/cs\/wp-json\/wp\/v2\/media?parent=316"}],"wp:term":[{"taxonomy":"product_cat","embeddable":true,"href":"https:\/\/bybatt.com\/cs\/wp-json\/wp\/v2\/product_cat?post=316"},{"taxonomy":"product_tag","embeddable":true,"href":"https:\/\/bybatt.com\/cs\/wp-json\/wp\/v2\/product_tag?post=316"}],"curies":[{"name":"wp","href":"https:\/\/api.w.org\/{rel}","templated":true}]}}