{"id":324,"date":"2023-02-18T08:53:52","date_gmt":"2023-02-18T08:53:52","guid":{"rendered":"https:\/\/bybatt.com\/?post_type=product&#038;p=324"},"modified":"2023-02-18T09:02:35","modified_gmt":"2023-02-18T09:02:35","slug":"powerwall-lifepo4-battery-off-grid-energy-storage-system","status":"publish","type":"product","link":"https:\/\/bybatt.com\/cs\/produkt\/powerwall-lifepo4-battery-off-grid-energy-storage-system\/","title":{"rendered":"Powerwall LiFePO4 bateriov\u00fd syst\u00e9m ukl\u00e1d\u00e1n\u00ed energie mimo s\u00ed\u0165"},"content":{"rendered":"","protected":false},"excerpt":{"rendered":"<p>Powerwall LiFePO4 Battery Off-Grid Energy Storage System je dob\u00edjec\u00ed bateriov\u00fd syst\u00e9m ur\u010den\u00fd pro skladov\u00e1n\u00ed energie mimo s\u00ed\u0165. Vyu\u017e\u00edv\u00e1 \u010dl\u00e1nky LiFePO4, kter\u00e9 jsou nov\u00e9 100% a jsou zn\u00e1m\u00e9 svou vysokou hustotou energie, dlouhou \u017eivotnost\u00ed a bezpe\u010dnost\u00ed. Bateriov\u00fd syst\u00e9m se dod\u00e1v\u00e1 ve \u010dty\u0159ech r\u016fzn\u00fdch kapacit\u00e1ch: 24V\/100AH, 48V\/50AH, 48V\/100AH a 48V\/200AH.<br \/>\nRozm\u011bry bateri\u00ed se li\u0161\u00ed v z\u00e1vislosti na kapacit\u011b, p\u0159i\u010dem\u017e nejmen\u0161\u00ed baterie (24V100AH) m\u00e1 rozm\u011bry 400*110*520 mm a nejv\u011bt\u0161\u00ed baterie (48V200AH) m\u00e1 rozm\u011bry 540*200*950 mm. Hmotnost se tak\u00e9 li\u0161\u00ed v z\u00e1vislosti na kapacit\u011b, p\u0159i\u010dem\u017e nejmen\u0161\u00ed baterie v\u00e1\u017e\u00ed 24KG a nejv\u011bt\u0161\u00ed baterie v\u00e1\u017e\u00ed 45KG.<br \/>\nBateriov\u00fd syst\u00e9m m\u00e1 \u017eivotnost 5000 cykl\u016f, co\u017e znamen\u00e1, \u017ee jej lze nab\u00edt a vyb\u00edt a\u017e 5000kr\u00e1t, ne\u017e se za\u010dne zhor\u0161ovat. D\u00edky tomu je ide\u00e1ln\u00edm \u0159e\u0161en\u00edm pro skladov\u00e1n\u00ed energie mimo s\u00ed\u0165, proto\u017ee dok\u00e1\u017ee poskytovat spolehliv\u00e9 nap\u00e1jen\u00ed po dlouhou dobu.<br \/>\nCelkov\u011b lze \u0159\u00edci, \u017ee Powerwall LiFePO4 Battery Off-Grid Energy Storage System je vysoce kvalitn\u00ed, odoln\u00fd a spolehliv\u00fd bateriov\u00fd syst\u00e9m, kter\u00fd m\u016f\u017ee poskytnout energii pro r\u016fzn\u00e9 aplikace mimo s\u00ed\u0165.<\/p>","protected":false},"featured_media":326,"template":"","meta":{"_kad_post_transparent":"default","_kad_post_title":"","_kad_post_layout":"default","_kad_post_sidebar_id":"","_kad_post_content_style":"default","_kad_post_vertical_padding":"default","_kad_post_feature":"","_kad_post_feature_position":"","_kad_post_header":false,"_kad_post_footer":false},"product_cat":[25,27],"product_tag":[164,161,163,165,160,162],"class_list":["post-324","product","type-product","status-publish","has-post-thumbnail","hentry","product_cat-home-storage-battery","product_cat-home-battery-powerwall","product_tag-5kwh-wall-mounted-lithium-battery","product_tag-battery-energy-storage-solutions","product_tag-lifepo4-48v-100ah","product_tag-lithium-power-wall-lifepo4","product_tag-powerwall-lifepo4-battery","product_tag-solar-battery","entry","content-bg","loop-entry"],"_links":{"self":[{"href":"https:\/\/bybatt.com\/cs\/wp-json\/wp\/v2\/product\/324","targetHints":{"allow":["GET"]}}],"collection":[{"href":"https:\/\/bybatt.com\/cs\/wp-json\/wp\/v2\/product"}],"about":[{"href":"https:\/\/bybatt.com\/cs\/wp-json\/wp\/v2\/types\/product"}],"wp:featuredmedia":[{"embeddable":true,"href":"https:\/\/bybatt.com\/cs\/wp-json\/wp\/v2\/media\/326"}],"wp:attachment":[{"href":"https:\/\/bybatt.com\/cs\/wp-json\/wp\/v2\/media?parent=324"}],"wp:term":[{"taxonomy":"product_cat","embeddable":true,"href":"https:\/\/bybatt.com\/cs\/wp-json\/wp\/v2\/product_cat?post=324"},{"taxonomy":"product_tag","embeddable":true,"href":"https:\/\/bybatt.com\/cs\/wp-json\/wp\/v2\/product_tag?post=324"}],"curies":[{"name":"wp","href":"https:\/\/api.w.org\/{rel}","templated":true}]}}