{"id":333,"date":"2023-02-18T10:07:36","date_gmt":"2023-02-18T10:07:36","guid":{"rendered":"https:\/\/bybatt.com\/?post_type=product&#038;p=333"},"modified":"2023-02-18T10:15:53","modified_gmt":"2023-02-18T10:15:53","slug":"rechargeable-customized-home-solar-system-battery-storage","status":"publish","type":"product","link":"https:\/\/bybatt.com\/cs\/produkt\/rechargeable-customized-home-solar-system-battery-storage\/","title":{"rendered":"Dob\u00edjec\u00ed p\u0159izp\u016fsoben\u00e9 \u00falo\u017ei\u0161t\u011b bateri\u00ed pro dom\u00e1c\u00ed sol\u00e1rn\u00ed syst\u00e9m"},"content":{"rendered":"","protected":false},"excerpt":{"rendered":"<p>Dob\u00edjec\u00ed p\u0159izp\u016fsoben\u00e9 dom\u00e1c\u00ed akumul\u00e1torov\u00e9 \u00falo\u017ei\u0161t\u011b sol\u00e1rn\u00edho syst\u00e9mu je sol\u00e1rn\u00ed bateriov\u00fd syst\u00e9m ur\u010den\u00fd pro dom\u00e1c\u00ed pou\u017eit\u00ed. Skl\u00e1d\u00e1 se ze sady vysokokapacitn\u00edch lithium-iontov\u00fdch bateri\u00ed s kapacitou 24V100AH\/48V50AH\/48V100AH\/48V200AH v z\u00e1vislosti na konkr\u00e9tn\u00edm zvolen\u00e9m modelu.<br \/>\nBateriov\u00fd syst\u00e9m je dob\u00edjec\u00ed a navr\u017een\u00fd tak, aby spolupracoval se sol\u00e1rn\u00edmi panely pro ukl\u00e1d\u00e1n\u00ed energie generovan\u00e9 slune\u010dn\u00edm z\u00e1\u0159en\u00edm. To z n\u011bj d\u011bl\u00e1 ekologick\u00e9 a n\u00e1kladov\u011b efektivn\u00ed \u0159e\u0161en\u00ed pro nap\u00e1jen\u00ed dom\u00e1cnost\u00ed.<br \/>\nBaterie jsou vyrobeny s nov\u00fdmi \u010dl\u00e1nky 100% pro zaji\u0161t\u011bn\u00ed optim\u00e1ln\u00edho v\u00fdkonu a spolehlivosti. Syst\u00e9m je p\u0159izp\u016fsobiteln\u00fd tak, aby vyhovoval individu\u00e1ln\u00edm pot\u0159eb\u00e1m a preferenc\u00edm, p\u0159i\u010dem\u017e jsou k dispozici r\u016fzn\u00e9 velikosti v z\u00e1vislosti na konkr\u00e9tn\u00edch po\u017eadavc\u00edch majitele domu. Mo\u017enosti velikosti jsou 400*110*520mm, 400*110*520mm, 360*175*520mm, 540*200*950mm.<br \/>\nHmotnost baterie se tak\u00e9 li\u0161\u00ed v z\u00e1vislosti na zvolen\u00e9 kapacit\u011b a velikosti. Mo\u017enosti hmotnosti jsou 24KG\/45KG\/24KG. Celkov\u011b lze \u0159\u00edci, \u017ee dob\u00edjec\u00ed p\u0159izp\u016fsoben\u00e9 \u00falo\u017ei\u0161t\u011b bateri\u00ed pro dom\u00e1c\u00ed sol\u00e1rn\u00ed syst\u00e9m p\u0159edstavuje vysoce kvalitn\u00ed a v\u0161estrann\u00e9 \u0159e\u0161en\u00ed pro pot\u0159eby reziden\u010dn\u00ed sol\u00e1rn\u00ed energie.<\/p>","protected":false},"featured_media":334,"template":"","meta":{"_kad_post_transparent":"default","_kad_post_title":"","_kad_post_layout":"default","_kad_post_sidebar_id":"","_kad_post_content_style":"default","_kad_post_vertical_padding":"default","_kad_post_feature":"","_kad_post_feature_position":"","_kad_post_header":false,"_kad_post_footer":false},"product_cat":[25,27],"product_tag":[167,168,170,154,166,169],"class_list":["post-333","product","type-product","status-publish","has-post-thumbnail","hentry","product_cat-home-storage-battery","product_cat-home-battery-powerwall","product_tag-home-solar-system-battery-power-storage","product_tag-lithium-ion-solar-energy-storage-system-battery","product_tag-solar-battery-storage","product_tag-solar-battery-storage-system","product_tag-solar-system-battery-storage","product_tag-wall-mount-10kw-256v-battery-pack","entry","content-bg","loop-entry"],"_links":{"self":[{"href":"https:\/\/bybatt.com\/cs\/wp-json\/wp\/v2\/product\/333","targetHints":{"allow":["GET"]}}],"collection":[{"href":"https:\/\/bybatt.com\/cs\/wp-json\/wp\/v2\/product"}],"about":[{"href":"https:\/\/bybatt.com\/cs\/wp-json\/wp\/v2\/types\/product"}],"wp:featuredmedia":[{"embeddable":true,"href":"https:\/\/bybatt.com\/cs\/wp-json\/wp\/v2\/media\/334"}],"wp:attachment":[{"href":"https:\/\/bybatt.com\/cs\/wp-json\/wp\/v2\/media?parent=333"}],"wp:term":[{"taxonomy":"product_cat","embeddable":true,"href":"https:\/\/bybatt.com\/cs\/wp-json\/wp\/v2\/product_cat?post=333"},{"taxonomy":"product_tag","embeddable":true,"href":"https:\/\/bybatt.com\/cs\/wp-json\/wp\/v2\/product_tag?post=333"}],"curies":[{"name":"wp","href":"https:\/\/api.w.org\/{rel}","templated":true}]}}