{"id":340,"date":"2023-02-18T10:18:15","date_gmt":"2023-02-18T10:18:15","guid":{"rendered":"https:\/\/bybatt.com\/?post_type=product&#038;p=340"},"modified":"2023-03-05T16:17:39","modified_gmt":"2023-03-05T16:17:39","slug":"energy-powerwall-lifepo4-battery-for-home-solar-storage","status":"publish","type":"product","link":"https:\/\/bybatt.com\/cs\/produkt\/energy-powerwall-lifepo4-battery-for-home-solar-storage\/","title":{"rendered":"Energie Powerwall LiFePO4 baterie pro dom\u00e1c\u00ed sol\u00e1rn\u00ed \u00falo\u017ei\u0161t\u011b"},"content":{"rendered":"","protected":false},"excerpt":{"rendered":"<p>Energy Powerwall LiFePO4 Battery je vysoce kvalitn\u00ed bateriov\u00e1 sada ur\u010den\u00e1 pro z\u00e1lohov\u00e1n\u00ed dom\u00e1c\u00ed energie. Pou\u017e\u00edv\u00e1 nov\u00e9 \u010dl\u00e1nky LiFePO4 3,2V100Ah t\u0159\u00eddy A, kter\u00e9 zaji\u0161\u0165uj\u00ed optim\u00e1ln\u00ed v\u00fdkon a dlouhou \u017eivotnost. Baterie m\u00e1 jmenovit\u00e9 nap\u011bt\u00ed 51,2 V a jmenovitou kapacitu 100 Ah, co\u017e znamen\u00e1 jmenovitou energii 5120 Wh.<br \/>\nBaterie je navr\u017eena pro mont\u00e1\u017e na st\u011bnu a jej\u00ed velikost lze p\u0159izp\u016fsobit specifick\u00fdm po\u017eadavk\u016fm va\u0161\u00ed instalace. Baterie m\u00e1 ochrann\u00fd rozsah provozn\u00edho nap\u011bt\u00ed 40-58,4V, kter\u00fd poskytuje ochranu proti p\u0159ebit\u00ed nebo podbit\u00ed.<br \/>\nAkumul\u00e1tor zvl\u00e1dne maxim\u00e1ln\u00ed trval\u00fd nab\u00edjec\u00ed proud 50A a maxim\u00e1ln\u00ed trval\u00fd vyb\u00edjec\u00ed proud 100A, d\u00edky \u010demu\u017e je vhodn\u00fd pro n\u00e1ro\u010dn\u00e9 aplikace. Baterie v\u00e1\u017e\u00ed 50 kg, co\u017e usnad\u0148uje instalaci a manipulaci.<br \/>\nCelkov\u011b je baterie Energy Powerwall LiFePO4 vynikaj\u00edc\u00ed volbou pro ka\u017ed\u00e9ho, kdo hled\u00e1 spolehlivou, vysoce kvalitn\u00ed baterii pro z\u00e1lohov\u00e1n\u00ed dom\u00e1c\u00ed energie.<\/p>","protected":false},"featured_media":341,"template":"","meta":{"_kad_post_transparent":"default","_kad_post_title":"","_kad_post_layout":"default","_kad_post_sidebar_id":"","_kad_post_content_style":"default","_kad_post_vertical_padding":"default","_kad_post_feature":"","_kad_post_feature_position":"","_kad_post_header":false,"_kad_post_footer":false},"product_cat":[25,27],"product_tag":[172,171,174,173,160],"class_list":["post-340","product","type-product","status-publish","has-post-thumbnail","hentry","product_cat-home-storage-battery","product_cat-home-battery-powerwall","product_tag-5kwh-lithium-battery","product_tag-deep-cycle-off-grid-100ah-high-capacity-home-power-wall","product_tag-energy-storage-battery-for-home-use","product_tag-powerwall-battery-lifepo4","product_tag-powerwall-lifepo4-battery","entry","content-bg","loop-entry"],"_links":{"self":[{"href":"https:\/\/bybatt.com\/cs\/wp-json\/wp\/v2\/product\/340","targetHints":{"allow":["GET"]}}],"collection":[{"href":"https:\/\/bybatt.com\/cs\/wp-json\/wp\/v2\/product"}],"about":[{"href":"https:\/\/bybatt.com\/cs\/wp-json\/wp\/v2\/types\/product"}],"wp:featuredmedia":[{"embeddable":true,"href":"https:\/\/bybatt.com\/cs\/wp-json\/wp\/v2\/media\/341"}],"wp:attachment":[{"href":"https:\/\/bybatt.com\/cs\/wp-json\/wp\/v2\/media?parent=340"}],"wp:term":[{"taxonomy":"product_cat","embeddable":true,"href":"https:\/\/bybatt.com\/cs\/wp-json\/wp\/v2\/product_cat?post=340"},{"taxonomy":"product_tag","embeddable":true,"href":"https:\/\/bybatt.com\/cs\/wp-json\/wp\/v2\/product_tag?post=340"}],"curies":[{"name":"wp","href":"https:\/\/api.w.org\/{rel}","templated":true}]}}