{"id":354,"date":"2023-02-18T14:14:30","date_gmt":"2023-02-18T14:14:30","guid":{"rendered":"https:\/\/bybatt.com\/?post_type=product&#038;p=354"},"modified":"2023-02-18T14:30:29","modified_gmt":"2023-02-18T14:30:29","slug":"multi-function-lithium-portable-power-station-solar-generator","status":"publish","type":"product","link":"https:\/\/bybatt.com\/cs\/produkt\/multi-function-lithium-portable-power-station-solar-generator\/","title":{"rendered":"Multifunk\u010dn\u00ed lithiov\u00fd p\u0159enosn\u00fd sol\u00e1rn\u00ed gener\u00e1tor elektr\u00e1rny"},"content":{"rendered":"","protected":false},"excerpt":{"rendered":"<p>Multifunk\u010dn\u00ed lithiov\u00fd p\u0159enosn\u00fd sol\u00e1rn\u00ed gener\u00e1tor elektr\u00e1rny je vysokokapacitn\u00ed, v\u0161estrann\u00fd zdroj energie navr\u017een\u00fd pro pou\u017eit\u00ed v r\u016fzn\u00fdch prost\u0159ed\u00edch. Je vybaven novou bateri\u00ed 100% s kapacitou 208800mAh p\u0159i 3,7V, kter\u00e1 poskytuje celkem 772 watthodin (WH) energie.<br \/>\nElektr\u00e1rnu lze nab\u00edt za 7-8 hodin p\u0159\u00edkonem 25,2V\/5A, nebo sol\u00e1rn\u00edm nab\u00edjen\u00edm s maxim\u00e1ln\u00edm p\u0159\u00edkonem 18-23V\/100W. Elektr\u00e1rna je tak\u00e9 vybavena r\u016fzn\u00fdmi v\u00fdstupn\u00edmi porty, v\u010detn\u011b 3 port\u016f USB s mo\u017enost\u00ed rychl\u00e9ho nab\u00edjen\u00ed QC3.0, 1 portu Type-C s mo\u017enost\u00ed nab\u00edjen\u00ed PD 60W, 2 port\u016f DC s v\u00fdstupem 14,4V\/7A a 1 portu zapalova\u010de cigaret s 14,4 v\u00fdstup V\/7A.<br \/>\nKrom\u011b v\u00fdstupn\u00edch stejnosm\u011brn\u00fdch port\u016f m\u00e1 elektr\u00e1rna tak\u00e9 st\u0159\u00eddav\u00fd trval\u00fd v\u00fdstup \u010dist\u011b \u010dern\u00e9 vlny 1000W s mo\u017enost\u00ed nap\u011b\u0165ov\u00e9ho v\u00fdstupu 110(100-120)\/230(220-240)V. Elektr\u00e1rna je vybavena LCD displejem s indik\u00e1torem nap\u00e1jen\u00ed a m\u00e1 kompaktn\u00ed velikost 334*167*204mm, co\u017e usnad\u0148uje p\u0159epravu a skladov\u00e1n\u00ed.<br \/>\nCelkov\u011b lze \u0159\u00edci, \u017ee multifunk\u010dn\u00ed lithiov\u00fd p\u0159enosn\u00fd sol\u00e1rn\u00ed gener\u00e1tor je spolehliv\u00fd a \u00fa\u010dinn\u00fd zdroj energie, kter\u00fd lze pou\u017e\u00edt pro r\u016fzn\u00e9 aplikace, v\u010detn\u011b venkovn\u00edch dobrodru\u017estv\u00ed, nouzov\u00e9ho z\u00e1lo\u017en\u00edho nap\u00e1jen\u00ed a dal\u0161\u00edch.<\/p>","protected":false},"featured_media":355,"template":"","meta":{"_kad_post_transparent":"default","_kad_post_title":"","_kad_post_layout":"default","_kad_post_sidebar_id":"","_kad_post_content_style":"default","_kad_post_vertical_padding":"default","_kad_post_feature":"","_kad_post_feature_position":"","_kad_post_header":false,"_kad_post_footer":false},"product_cat":[25,26],"product_tag":[186,185,184,182,188,183,176,187],"class_list":["post-354","product","type-product","status-publish","has-post-thumbnail","hentry","product_cat-home-storage-battery","product_cat-portable-power-station","product_tag-1000w-solar-power-generator","product_tag-2000wh-portable-acdc-power-station-outdoor","product_tag-generator-solar-charging-banks","product_tag-portable-power-station","product_tag-portable-power-station-manufacturer","product_tag-power-station-with-solar-panels","product_tag-protable-solar-power-generator","product_tag-solar-power-generator","entry","content-bg","loop-entry"],"_links":{"self":[{"href":"https:\/\/bybatt.com\/cs\/wp-json\/wp\/v2\/product\/354","targetHints":{"allow":["GET"]}}],"collection":[{"href":"https:\/\/bybatt.com\/cs\/wp-json\/wp\/v2\/product"}],"about":[{"href":"https:\/\/bybatt.com\/cs\/wp-json\/wp\/v2\/types\/product"}],"wp:featuredmedia":[{"embeddable":true,"href":"https:\/\/bybatt.com\/cs\/wp-json\/wp\/v2\/media\/355"}],"wp:attachment":[{"href":"https:\/\/bybatt.com\/cs\/wp-json\/wp\/v2\/media?parent=354"}],"wp:term":[{"taxonomy":"product_cat","embeddable":true,"href":"https:\/\/bybatt.com\/cs\/wp-json\/wp\/v2\/product_cat?post=354"},{"taxonomy":"product_tag","embeddable":true,"href":"https:\/\/bybatt.com\/cs\/wp-json\/wp\/v2\/product_tag?post=354"}],"curies":[{"name":"wp","href":"https:\/\/api.w.org\/{rel}","templated":true}]}}