{"id":361,"date":"2023-02-18T14:32:26","date_gmt":"2023-02-18T14:32:26","guid":{"rendered":"https:\/\/bybatt.com\/?post_type=product&#038;p=361"},"modified":"2023-03-05T16:18:35","modified_gmt":"2023-03-05T16:18:35","slug":"portable-power-station-solar-generator-manufacturer-in-china","status":"publish","type":"product","link":"https:\/\/bybatt.com\/cs\/produkt\/portable-power-station-solar-generator-manufacturer-in-china\/","title":{"rendered":"V\u00fdrobce sol\u00e1rn\u00edch gener\u00e1tor\u016f p\u0159enosn\u00e9 elektr\u00e1rny v \u010c\u00edn\u011b"},"content":{"rendered":"","protected":false},"excerpt":{"rendered":"<p>Tento sol\u00e1rn\u00ed gener\u00e1tor p\u0159enosn\u00e9 elektr\u00e1rny je spolehliv\u00fd a \u00fa\u010dinn\u00fd zdroj energie, kter\u00fd je ur\u010den pro venkovn\u00ed aktivity nebo nouzov\u00e9 situace. Vyr\u00e1b\u00ed se v \u010c\u00edn\u011b a je vyroben s pou\u017eit\u00edm nov\u00fdch \u010dl\u00e1nk\u016f 100% pro dlouhotrvaj\u00edc\u00ed v\u00fdkon.<br \/>\nKapacita baterie je 83200mAh s nap\u011bt\u00edm 3,7V a celkovou energetickou kapacitou 300WH. Vstup pot\u0159ebn\u00fd pro nab\u00edjen\u00ed je 16,8V\/5A a \u00fapln\u00e9 nabit\u00ed trv\u00e1 5-6 hodin. Tato elektr\u00e1rna m\u00e1 tak\u00e9 schopnost sol\u00e1rn\u00edho nab\u00edjen\u00ed se vstupn\u00edm rozsahem 18-23V\/100W Max.<br \/>\nDisponuje n\u011bkolika DC v\u00fdstupy v\u010detn\u011b 2x USB (5V\/9V\/2A, \/12V\/1,5A s QC3.0), 1x Type-C (5V\/9V\/15V20V\/3A) PD 60W, 2x DC12V\/10A a 1x cigareta zapalova\u010d (14,4V\/10A). Elektr\u00e1rna m\u00e1 nav\u00edc st\u0159\u00eddav\u00fd kontinu\u00e1ln\u00ed v\u00fdstup \u010dist\u011b \u010dern\u00e9 vlny 300W s v\u00fdstupn\u00edm st\u0159\u00eddav\u00fdm nap\u011bt\u00edm 110(100-120)\/230(220-240)V AC v\u00fdstupn\u00ed frekvence 50Hz\/60Hz\u00b15%.<br \/>\nElektr\u00e1rna je vybavena LCD displejem s indik\u00e1torem nap\u00e1jen\u00ed pro snadn\u00e9 sledov\u00e1n\u00ed a m\u00e1 kompaktn\u00ed velikost 270*154*242 mm. Elektr\u00e1rna je dod\u00e1v\u00e1na s 80W adapt\u00e9rem pro nab\u00edjen\u00ed. Celkov\u011b je tento sol\u00e1rn\u00ed gener\u00e1tor p\u0159enosn\u00e9 elektr\u00e1rny vysoce kvalitn\u00ed a v\u0161estrann\u00fd zdroj energie, kter\u00fd je vhodn\u00fd pro r\u016fzn\u00e9 venkovn\u00ed a nouzov\u00e9 situace.<\/p>","protected":false},"featured_media":362,"template":"","meta":{"_kad_post_transparent":"default","_kad_post_title":"","_kad_post_layout":"default","_kad_post_sidebar_id":"","_kad_post_content_style":"default","_kad_post_vertical_padding":"default","_kad_post_feature":"","_kad_post_feature_position":"","_kad_post_header":false,"_kad_post_footer":false},"product_cat":[25,26],"product_tag":[191,192,190,182,197,199,195,196,194,188,198,193,189],"class_list":["post-361","product","type-product","status-publish","has-post-thumbnail","hentry","product_cat-home-storage-battery","product_cat-portable-power-station","product_tag-300w-power-station","product_tag-500w-power-station","product_tag-lifepo4-power-station","product_tag-portable-power-station","product_tag-portable-power-station-brand","product_tag-portable-power-station-camping","product_tag-portable-power-station-europe","product_tag-portable-power-station-factory","product_tag-portable-power-station-germany","product_tag-portable-power-station-manufacturer","product_tag-portable-power-station-market","product_tag-portable-power-station-usa","product_tag-power-station","entry","content-bg","loop-entry"],"_links":{"self":[{"href":"https:\/\/bybatt.com\/cs\/wp-json\/wp\/v2\/product\/361","targetHints":{"allow":["GET"]}}],"collection":[{"href":"https:\/\/bybatt.com\/cs\/wp-json\/wp\/v2\/product"}],"about":[{"href":"https:\/\/bybatt.com\/cs\/wp-json\/wp\/v2\/types\/product"}],"wp:featuredmedia":[{"embeddable":true,"href":"https:\/\/bybatt.com\/cs\/wp-json\/wp\/v2\/media\/362"}],"wp:attachment":[{"href":"https:\/\/bybatt.com\/cs\/wp-json\/wp\/v2\/media?parent=361"}],"wp:term":[{"taxonomy":"product_cat","embeddable":true,"href":"https:\/\/bybatt.com\/cs\/wp-json\/wp\/v2\/product_cat?post=361"},{"taxonomy":"product_tag","embeddable":true,"href":"https:\/\/bybatt.com\/cs\/wp-json\/wp\/v2\/product_tag?post=361"}],"curies":[{"name":"wp","href":"https:\/\/api.w.org\/{rel}","templated":true}]}}