{"id":369,"date":"2023-02-18T14:44:28","date_gmt":"2023-02-18T14:44:28","guid":{"rendered":"https:\/\/bybatt.com\/?post_type=product&#038;p=369"},"modified":"2023-02-18T14:56:30","modified_gmt":"2023-02-18T14:56:30","slug":"catl-prismatic-3-2v-300ah-lithium-lifepo4-battery-cells","status":"publish","type":"product","link":"https:\/\/bybatt.com\/cs\/produkt\/catl-prismatic-3-2v-300ah-lithium-lifepo4-battery-cells\/","title":{"rendered":"CATL Prismatic 3,2V 300AH lithiov\u00e9 LiFePO4 bateriov\u00e9 \u010dl\u00e1nky"},"content":{"rendered":"","protected":false},"excerpt":{"rendered":"<p>CATL Prismatic 3,2V 300AH Lithium LiFePO4 bateriov\u00e9 \u010dl\u00e1nky jsou vysoce kvalitn\u00ed sol\u00e1rn\u00ed \u010dl\u00e1nky ur\u010den\u00e9 pro stavbu powerbank pro karavany, obytn\u00e9 vozy, obytn\u00e9 vozy nebo p\u0159estavby elektrick\u00fdch vozidel. Tyto zcela nov\u00e9 \u010dl\u00e1nky nejsou vyrobeny z recyklovan\u00fdch materi\u00e1l\u016f, co\u017e zaji\u0161\u0165uje jejich dlouhou \u017eivotnost a spolehlivost.<br \/>\nKa\u017ed\u00e1 bu\u0148ka m\u011b\u0159\u00ed 174 \u0161 x 208 v x 72 h (mm) a v\u00e1\u017e\u00ed 5,4 kg. Maj\u00ed t\u00e9m\u011b\u0159 polovi\u010dn\u00ed hmotnost ne\u017e AGM nebo olov\u011bn\u00e9 baterie a nab\u00edzej\u00ed vy\u0161\u0161\u00ed nab\u00edjec\u00ed cykly, co\u017e z nich d\u011bl\u00e1 ide\u00e1ln\u00ed volbu pro syst\u00e9my obnoviteln\u00e9 energie.<br \/>\nUpozor\u0148ujeme, \u017ee se jedn\u00e1 o jeden 3,2V \u010dl\u00e1nek a pro vytvo\u0159en\u00ed 12V baterie budete muset zapojit \u010dty\u0159i \u010dl\u00e1nky do s\u00e9rie, nebo osm \u010dl\u00e1nk\u016f pro 24V syst\u00e9m. Pro zaji\u0161t\u011bn\u00ed bezpe\u010dnosti a dlouh\u00e9 \u017eivotnosti je nezbytn\u00e9 p\u0159i s\u00e9riov\u00e9m zapojen\u00ed \u010dl\u00e1nk\u016f pou\u017e\u00edt BMS (Battery Management System) s teplotn\u00edm \u010didlem.<br \/>\nPokud m\u00e1te z\u00e1jem o zakoupen\u00ed kompatibiln\u00edho bateriov\u00e9ho svazku, nab\u00edz\u00edme 12V, 24V, 36V a 48V syst\u00e9my s BMS, a to bu\u010f samostatn\u011b, nebo jako bal\u00ed\u010dek. Vyberte si bal\u00ed\u010dek, kter\u00fd nejl\u00e9pe vyhovuje va\u0161im pot\u0159eb\u00e1m, abyste vytvo\u0159ili spolehlivou a \u00fa\u010dinnou powerbanku pro v\u00e1\u0161 syst\u00e9m obnoviteln\u00e9 energie.<\/p>","protected":false},"featured_media":370,"template":"","meta":{"_kad_post_transparent":"default","_kad_post_title":"","_kad_post_layout":"default","_kad_post_sidebar_id":"","_kad_post_content_style":"default","_kad_post_vertical_padding":"default","_kad_post_feature":"","_kad_post_feature_position":"","_kad_post_header":false,"_kad_post_footer":false},"product_cat":[24],"product_tag":[204,205,200,109,203,201,202],"class_list":["post-369","product","type-product","status-publish","has-post-thumbnail","hentry","product_cat-battery-cell","product_tag-catl-3-2v-300ah","product_tag-lifepo4-battery-cell","product_tag-lifepo4-battery-cells","product_tag-lifepo4-battery-pack","product_tag-lifepo4-cells","product_tag-lifepo4-prismatic-cells","product_tag-lithium-battery-cells","entry","content-bg","loop-entry"],"_links":{"self":[{"href":"https:\/\/bybatt.com\/cs\/wp-json\/wp\/v2\/product\/369","targetHints":{"allow":["GET"]}}],"collection":[{"href":"https:\/\/bybatt.com\/cs\/wp-json\/wp\/v2\/product"}],"about":[{"href":"https:\/\/bybatt.com\/cs\/wp-json\/wp\/v2\/types\/product"}],"wp:featuredmedia":[{"embeddable":true,"href":"https:\/\/bybatt.com\/cs\/wp-json\/wp\/v2\/media\/370"}],"wp:attachment":[{"href":"https:\/\/bybatt.com\/cs\/wp-json\/wp\/v2\/media?parent=369"}],"wp:term":[{"taxonomy":"product_cat","embeddable":true,"href":"https:\/\/bybatt.com\/cs\/wp-json\/wp\/v2\/product_cat?post=369"},{"taxonomy":"product_tag","embeddable":true,"href":"https:\/\/bybatt.com\/cs\/wp-json\/wp\/v2\/product_tag?post=369"}],"curies":[{"name":"wp","href":"https:\/\/api.w.org\/{rel}","templated":true}]}}