{"id":377,"date":"2023-02-18T15:00:20","date_gmt":"2023-02-18T15:00:20","guid":{"rendered":"https:\/\/bybatt.com\/?post_type=product&#038;p=377"},"modified":"2023-02-18T15:08:03","modified_gmt":"2023-02-18T15:08:03","slug":"exliporc-21700-3-7v-rechargeable-li-ion-batteries-cells","status":"publish","type":"product","link":"https:\/\/bybatt.com\/cs\/produkt\/exliporc-21700-3-7v-rechargeable-li-ion-batteries-cells\/","title":{"rendered":"Exliporc 21700 3,7V dob\u00edjec\u00ed Li-ion baterie \u010dl\u00e1nky"},"content":{"rendered":"","protected":false},"excerpt":{"rendered":"<p>Nab\u00edjec\u00ed lithium-iontov\u00e9 \u010dl\u00e1nky Exliporc 21700 3,7 V jsou vysoce kvalitn\u00ed, dob\u00edjec\u00ed lithium-iontov\u00e9 baterie navr\u017een\u00e9 tak, aby poskytovaly spolehliv\u00e9 nap\u00e1jen\u00ed pro \u0161irokou \u0161k\u00e1lu aplikac\u00ed. S \u010distou hmotnost\u00ed 70g a rozm\u011bry 21*70mm jsou tyto baterie kompaktn\u00ed a snadno se p\u0159en\u00e1\u0161ej\u00ed.<br \/>\nBaterie maj\u00ed velkou nomin\u00e1ln\u00ed kapacitu 5000 mAh, co\u017e jim umo\u017e\u0148uje poskytovat dlouhotrvaj\u00edc\u00ed energii pro va\u0161e za\u0159\u00edzen\u00ed. Maj\u00ed tak\u00e9 jmenovit\u00e9 nap\u011bt\u00ed 3,7 V, d\u00edky \u010demu\u017e jsou vhodn\u00e9 pro \u0159adu elektronick\u00fdch za\u0159\u00edzen\u00ed, kter\u00e1 vy\u017eaduj\u00ed stabiln\u00ed a spolehliv\u00e9 nap\u00e1jen\u00ed.<br \/>\nJednou z kl\u00ed\u010dov\u00fdch vlastnost\u00ed t\u011bchto bateri\u00ed je jejich rychlost vyb\u00edjen\u00ed 3C, co\u017e znamen\u00e1, \u017ee mohou poskytovat vysok\u00fd proudov\u00fd v\u00fdstup pro rychl\u00e9 nab\u00edjen\u00ed a efektivn\u00ed dod\u00e1vku energie. D\u00edky tomu jsou ide\u00e1ln\u00ed pro pou\u017eit\u00ed ve vysoce v\u00fdkonn\u00fdch za\u0159\u00edzen\u00edch, kter\u00e1 vy\u017eaduj\u00ed hodn\u011b energie, jako jsou baterky, fotoapar\u00e1ty a dal\u0161\u00ed elektronick\u00e1 za\u0159\u00edzen\u00ed.<br \/>\nKrom\u011b vysok\u00e9ho v\u00fdkonu jsou tyto baterie tak\u00e9 \u0161etrn\u00e9 k \u017eivotn\u00edmu prost\u0159ed\u00ed, proto\u017ee jsou dob\u00edjec\u00ed a lze je pou\u017e\u00edvat znovu a znovu. Snadno se pou\u017e\u00edvaj\u00ed a lze je nab\u00edjet pomoc\u00ed standardn\u00ed nab\u00edje\u010dky Li-ion bateri\u00ed.<\/p>","protected":false},"featured_media":378,"template":"","meta":{"_kad_post_transparent":"default","_kad_post_title":"","_kad_post_layout":"default","_kad_post_sidebar_id":"","_kad_post_content_style":"default","_kad_post_vertical_padding":"default","_kad_post_feature":"","_kad_post_feature_position":"","_kad_post_header":false,"_kad_post_footer":false},"product_cat":[24],"product_tag":[207,211,209,210,208,206],"class_list":["post-377","product","type-product","status-publish","has-post-thumbnail","hentry","product_cat-battery-cell","product_tag-21700-batteries","product_tag-21700-battery-pack","product_tag-21700-li-ion-rechargeable-battery-pack","product_tag-21700-lithium-battery-cells","product_tag-li-ion-2170-cells","product_tag-rechargeable-li-ion-batteries-cells","entry","content-bg","loop-entry"],"_links":{"self":[{"href":"https:\/\/bybatt.com\/cs\/wp-json\/wp\/v2\/product\/377","targetHints":{"allow":["GET"]}}],"collection":[{"href":"https:\/\/bybatt.com\/cs\/wp-json\/wp\/v2\/product"}],"about":[{"href":"https:\/\/bybatt.com\/cs\/wp-json\/wp\/v2\/types\/product"}],"wp:featuredmedia":[{"embeddable":true,"href":"https:\/\/bybatt.com\/cs\/wp-json\/wp\/v2\/media\/378"}],"wp:attachment":[{"href":"https:\/\/bybatt.com\/cs\/wp-json\/wp\/v2\/media?parent=377"}],"wp:term":[{"taxonomy":"product_cat","embeddable":true,"href":"https:\/\/bybatt.com\/cs\/wp-json\/wp\/v2\/product_cat?post=377"},{"taxonomy":"product_tag","embeddable":true,"href":"https:\/\/bybatt.com\/cs\/wp-json\/wp\/v2\/product_tag?post=377"}],"curies":[{"name":"wp","href":"https:\/\/api.w.org\/{rel}","templated":true}]}}