{"id":384,"date":"2023-02-18T15:17:32","date_gmt":"2023-02-18T15:17:32","guid":{"rendered":"https:\/\/bybatt.com\/?post_type=product&#038;p=384"},"modified":"2023-02-18T15:23:38","modified_gmt":"2023-02-18T15:23:38","slug":"3-7v-rechargeable-authentic-tesla-lithium-ion-battery-cells","status":"publish","type":"product","link":"https:\/\/bybatt.com\/cs\/produkt\/3-7v-rechargeable-authentic-tesla-lithium-ion-battery-cells\/","title":{"rendered":"3,7V dob\u00edjec\u00ed autentick\u00e9 \u010dl\u00e1nky lithium-iontov\u00e9 baterie Tesla"},"content":{"rendered":"","protected":false},"excerpt":{"rendered":"<p>3,7V dob\u00edjec\u00ed autentick\u00e9 lithium-iontov\u00e9 \u010dl\u00e1nky Tesla jsou vysoce kvalitn\u00ed baterie navr\u017een\u00e9 pro pou\u017eit\u00ed v r\u016fzn\u00fdch aplikac\u00edch. \u010cl\u00e1nky jsou 100% nov\u00e9, co\u017e zaji\u0161\u0165uje, \u017ee jsou bez z\u00e1vad a jsou schopny poskytovat spolehliv\u00fd v\u00fdkon.<br \/>\nTyto \u010dl\u00e1nky maj\u00ed velikost 21700, m\u011b\u0159\u00ed 21 mm v pr\u016fm\u011bru a 70 mm na d\u00e9lku, d\u00edky \u010demu\u017e jsou vhodn\u00e9 pro pou\u017eit\u00ed v \u0161irok\u00e9 \u0159ad\u011b za\u0159\u00edzen\u00ed. \u010cl\u00e1nky maj\u00ed rozsah nap\u011bt\u00ed 3,7 V a\u017e 4,2 V, co\u017e umo\u017e\u0148uje kompatibilitu s \u0159adou za\u0159\u00edzen\u00ed, kter\u00e1 vy\u017eaduj\u00ed r\u016fzn\u00e9 \u00farovn\u011b nap\u011bt\u00ed.<br \/>\nKapacita t\u011bchto bateri\u00ed je 4400mAh, s toleranc\u00ed +\/- 5%. Tato vysok\u00e1 kapacita zaji\u0161\u0165uje, \u017ee tyto \u010dl\u00e1nky jsou schopny poskytovat dlouhotrvaj\u00edc\u00ed energii pro va\u0161e za\u0159\u00edzen\u00ed, tak\u017ee jsou ide\u00e1ln\u00ed pro aplikace, kter\u00e9 vy\u017eaduj\u00ed spolehliv\u00fd zdroj energie.<br \/>\nTyto \u010dl\u00e1nky lithium-iontov\u00e9 baterie Tesla jsou dob\u00edjec\u00ed, co\u017e z nich \u010din\u00ed n\u00e1kladov\u011b efektivn\u00ed a ekologickou volbu. Jsou tak\u00e9 navr\u017eeny tak, aby byly bezpe\u010dn\u00e9 a spolehliv\u00e9, s vestav\u011bn\u00fdmi ochrann\u00fdmi prvky, kter\u00e9 zabra\u0148uj\u00ed p\u0159eb\u00edjen\u00ed, nadm\u011brn\u00e9mu vyb\u00edjen\u00ed a zkrat\u016fm.<\/p>","protected":false},"featured_media":385,"template":"","meta":{"_kad_post_transparent":"default","_kad_post_title":"","_kad_post_layout":"default","_kad_post_sidebar_id":"","_kad_post_content_style":"default","_kad_post_vertical_padding":"default","_kad_post_feature":"","_kad_post_feature_position":"","_kad_post_header":false,"_kad_post_footer":false},"product_cat":[24],"product_tag":[218,212,217,214,219,215,213,216],"class_list":["post-384","product","type-product","status-publish","has-post-thumbnail","hentry","product_cat-battery-cell","product_tag-3-63v-lithium-li-ion-batteries-cell","product_tag-authentic-tesla-battery-cells","product_tag-brand-new-icr-18650-26j","product_tag-lithium-ion-battery-cells","product_tag-phosphate-battery-cells","product_tag-rechargeable-battery-cells","product_tag-tesla-battery-cells","product_tag-tesla-lithium-ion-battery-cells","entry","content-bg","loop-entry"],"_links":{"self":[{"href":"https:\/\/bybatt.com\/cs\/wp-json\/wp\/v2\/product\/384","targetHints":{"allow":["GET"]}}],"collection":[{"href":"https:\/\/bybatt.com\/cs\/wp-json\/wp\/v2\/product"}],"about":[{"href":"https:\/\/bybatt.com\/cs\/wp-json\/wp\/v2\/types\/product"}],"wp:featuredmedia":[{"embeddable":true,"href":"https:\/\/bybatt.com\/cs\/wp-json\/wp\/v2\/media\/385"}],"wp:attachment":[{"href":"https:\/\/bybatt.com\/cs\/wp-json\/wp\/v2\/media?parent=384"}],"wp:term":[{"taxonomy":"product_cat","embeddable":true,"href":"https:\/\/bybatt.com\/cs\/wp-json\/wp\/v2\/product_cat?post=384"},{"taxonomy":"product_tag","embeddable":true,"href":"https:\/\/bybatt.com\/cs\/wp-json\/wp\/v2\/product_tag?post=384"}],"curies":[{"name":"wp","href":"https:\/\/api.w.org\/{rel}","templated":true}]}}