{"id":387,"date":"2023-02-18T15:28:18","date_gmt":"2023-02-18T15:28:18","guid":{"rendered":"https:\/\/bybatt.com\/?post_type=product&#038;p=387"},"modified":"2023-03-05T16:18:23","modified_gmt":"2023-03-05T16:18:23","slug":"3-2v-230ah-lifepo4-rechargeable-prismatic-battery-cells","status":"publish","type":"product","link":"https:\/\/bybatt.com\/cs\/produkt\/3-2v-230ah-lifepo4-rechargeable-prismatic-battery-cells\/","title":{"rendered":"3,2V 230AH LiFePO4 dob\u00edjec\u00ed prizmatick\u00e9 bateriov\u00e9 \u010dl\u00e1nky"},"content":{"rendered":"","protected":false},"excerpt":{"rendered":"<div class=\"A3dMNc\" data-initial-text=\"\">Nab\u00edjec\u00ed prizmatick\u00e9 bateriov\u00e9 \u010dl\u00e1nky 3,2V 230AH LiFePO4 jsou vysoce kvalitn\u00edm \u0159e\u0161en\u00edm pro ukl\u00e1d\u00e1n\u00ed energie, kter\u00e9 nab\u00edz\u00ed \u0159adu v\u00fdhod. Ka\u017ed\u00fd \u010dl\u00e1nek pou\u017eit\u00fd v bateri\u00edch je 100% nov\u00fd, co\u017e zaji\u0161\u0165uje konzistentn\u00ed v\u00fdkon a spolehlivost. Tyto baterie jsou tak\u00e9 \u0161etrn\u00e9 k \u017eivotn\u00edmu prost\u0159ed\u00ed a maj\u00ed vysokou hustotu energie, co\u017e znamen\u00e1, \u017ee mohou poskytnout dlouhotrvaj\u00edc\u00ed energii v kompaktn\u00edm a lehk\u00e9m balen\u00ed. Jednou z kl\u00ed\u010dov\u00fdch v\u00fdhod t\u011bchto bateri\u00ed je jejich n\u00edzk\u00e1 rychlost samovyb\u00edjen\u00ed, kter\u00e1 zaji\u0161\u0165uje, \u017ee si udr\u017e\u00ed sv\u00e9 nabit\u00ed po del\u0161\u00ed dobu. Maj\u00ed tak\u00e9 n\u00edzk\u00fd vnit\u0159n\u00ed odpor, co\u017e znamen\u00e1, \u017ee mohou dod\u00e1vat energii rychle a efektivn\u011b. Krom\u011b toho maj\u00ed baterie dlouhou \u017eivotnost a lze je nab\u00edt a\u017e 1000kr\u00e1t, ani\u017e by do\u0161lo k pam\u011b\u0165ov\u00e9mu efektu. Tyto baterie jsou tak\u00e9 dod\u00e1v\u00e1ny s vestav\u011bn\u00fdmi bezpe\u010dnostn\u00edmi funkcemi, jako je ochrana proti zkratu a vysok\u00e9 teplot\u011b, co\u017e zaji\u0161\u0165uje, \u017ee je lze bezpe\u010dn\u011b pou\u017e\u00edvat v \u0159ad\u011b prost\u0159ed\u00ed. Maj\u00ed rychlej\u0161\u00ed \u010dasy nab\u00edjen\u00ed ne\u017e jin\u00e9 technologie bateri\u00ed, co\u017e z nich d\u011bl\u00e1 ide\u00e1ln\u00ed volbu pro aplikace, kter\u00e9 vy\u017eaduj\u00ed rychl\u00e9 nab\u00edjen\u00ed. Baterie maj\u00ed tak\u00e9 dostupnou kapacitu 100%, co\u017e znamen\u00e1, \u017ee u\u017eivatel\u00e9 se mohou spolehnout na plnou kapacitu baterie pro sv\u00e9 energetick\u00e9 pot\u0159eby. Baterie maj\u00ed nav\u00edc vestav\u011bnou bezpe\u010dnostn\u00ed ochranu BMS, kter\u00e1 pom\u00e1h\u00e1 p\u0159edch\u00e1zet probl\u00e9m\u016fm, jako je p\u0159eb\u00edjen\u00ed nebo nadm\u011brn\u00e9 vyb\u00edjen\u00ed.<\/div>","protected":false},"featured_media":388,"template":"","meta":{"_kad_post_transparent":"default","_kad_post_title":"","_kad_post_layout":"default","_kad_post_sidebar_id":"","_kad_post_content_style":"default","_kad_post_vertical_padding":"default","_kad_post_feature":"","_kad_post_feature_position":"","_kad_post_header":false,"_kad_post_footer":false},"product_cat":[24],"product_tag":[221,200,203,222,202,223,220,215,224],"class_list":["post-387","product","type-product","status-publish","has-post-thumbnail","hentry","product_cat-battery-cell","product_tag-deep-cycle-3-2v-230ah-lfp","product_tag-lifepo4-battery-cells","product_tag-lifepo4-cells","product_tag-lifepo4-inverter-lithium-iron","product_tag-lithium-battery-cells","product_tag-phosphate-battery-cells-200ah","product_tag-prismatic-battery-cells","product_tag-rechargeable-battery-cells","product_tag-rechargeable-power-wall-ebike-batteries","entry","content-bg","loop-entry"],"_links":{"self":[{"href":"https:\/\/bybatt.com\/cs\/wp-json\/wp\/v2\/product\/387","targetHints":{"allow":["GET"]}}],"collection":[{"href":"https:\/\/bybatt.com\/cs\/wp-json\/wp\/v2\/product"}],"about":[{"href":"https:\/\/bybatt.com\/cs\/wp-json\/wp\/v2\/types\/product"}],"wp:featuredmedia":[{"embeddable":true,"href":"https:\/\/bybatt.com\/cs\/wp-json\/wp\/v2\/media\/388"}],"wp:attachment":[{"href":"https:\/\/bybatt.com\/cs\/wp-json\/wp\/v2\/media?parent=387"}],"wp:term":[{"taxonomy":"product_cat","embeddable":true,"href":"https:\/\/bybatt.com\/cs\/wp-json\/wp\/v2\/product_cat?post=387"},{"taxonomy":"product_tag","embeddable":true,"href":"https:\/\/bybatt.com\/cs\/wp-json\/wp\/v2\/product_tag?post=387"}],"curies":[{"name":"wp","href":"https:\/\/api.w.org\/{rel}","templated":true}]}}