{"id":393,"date":"2023-02-18T15:39:42","date_gmt":"2023-02-18T15:39:42","guid":{"rendered":"https:\/\/bybatt.com\/?post_type=product&#038;p=393"},"modified":"2023-02-19T08:22:15","modified_gmt":"2023-02-19T08:22:15","slug":"36v-48v-52v-electric-bike-lithium-battery-with-charger","status":"publish","type":"product","link":"https:\/\/bybatt.com\/cs\/produkt\/36v-48v-52v-electric-bike-lithium-battery-with-charger\/","title":{"rendered":"36V 48V 52V elektrokolo lithiov\u00e1 baterie s nab\u00edje\u010dkou"},"content":{"rendered":"","protected":false},"excerpt":{"rendered":"<div class=\"A3dMNc\" data-initial-text=\"\">36V 48V 52V elektrokolo lithiov\u00e1 baterie s nab\u00edje\u010dkou je vysoce kvalitn\u00ed baterie ur\u010den\u00e1 k nap\u00e1jen\u00ed elektrokol. Baterie vyu\u017e\u00edv\u00e1 100% nov\u00fdch \u010dl\u00e1nk\u016f Li(NiCoMn)O2 18650 a je k dispozici ve variant\u00e1ch jmenovit\u00e9ho nap\u011bt\u00ed 36V a 48V s mo\u017enost\u00ed jmenovit\u00e9 kapacity 10-20ah. Vn\u011bj\u0161\u00ed pouzdro je vyrobeno z hlin\u00edku, d\u00edky \u010demu\u017e je robustn\u00ed a odoln\u00e9.<br \/>\nBaterie m\u00e1 rozm\u011br 257150147 mm a v\u00e1\u017e\u00ed p\u0159ibli\u017en\u011b 3,5 kg\/4,5 kg. Dod\u00e1v\u00e1 se se standardn\u00ed nab\u00edje\u010dkou, kter\u00e1 nab\u00edj\u00ed baterii pomoc\u00ed konstantn\u00edho proudu 0,2C a konstantn\u00edho nap\u011bt\u00ed 42V. Mo\u017enost rychl\u00e9ho nab\u00edjen\u00ed vyu\u017e\u00edv\u00e1 konstantn\u00ed proud 0,5 CA.<br \/>\nStandardn\u00ed rychlost vyb\u00edjen\u00ed baterie je konstantn\u00ed proud 0,2C s koncov\u00fdm nap\u011bt\u00edm 36,4V. Baterie m\u00e1 trval\u00fd vyb\u00edjec\u00ed proud 20A a \u0161pi\u010dkov\u00fd vyb\u00edjec\u00ed proud 60A, d\u00edky \u010demu\u017e je schopna dodat vysok\u00fd v\u00fdkon v p\u0159\u00edpad\u011b pot\u0159eby.<br \/>\nBaterie m\u00e1 \u017eivotnost 500kr\u00e1t s DOD80%, co\u017e znamen\u00e1, \u017ee ji lze nab\u00edt a vyb\u00edt a\u017e 500kr\u00e1t, p\u0159i\u010dem\u017e si zachov\u00e1 80% jej\u00ed p\u016fvodn\u00ed kapacity. Baterie m\u00e1 tak\u00e9 funkci BMS, kter\u00e1 zahrnuje ochranu proti nadm\u011brn\u00e9mu proudu, ochranu proti nadm\u011brn\u00e9mu vybit\u00ed, ochranu proti nadm\u011brn\u00e9mu nabit\u00ed, ochranu proti zkratu a vyv\u00e1\u017een\u00ed. T\u00edm je zaji\u0161t\u011bna ochrana baterie p\u0159ed po\u0161kozen\u00edm a prodlou\u017een\u00ed jej\u00ed \u017eivotnosti.<br \/>\nBaterii lze skladovat v teplotn\u00edm rozsahu -10-40\u2103, s rozsahem relativn\u00ed vlhkosti 45-75% a rozsahem tlaku 86-106KPa. D\u00edky tomu je vhodn\u00fd pro pou\u017eit\u00ed v r\u016fzn\u00fdch prost\u0159ed\u00edch. Celkov\u011b je tato baterie spolehlivou a vysoce v\u00fdkonnou variantou pro nap\u00e1jen\u00ed elektrokol.<\/div>","protected":false},"featured_media":394,"template":"","meta":{"_kad_post_transparent":"default","_kad_post_title":"","_kad_post_layout":"default","_kad_post_sidebar_id":"","_kad_post_content_style":"default","_kad_post_vertical_padding":"default","_kad_post_feature":"","_kad_post_feature_position":"","_kad_post_header":false,"_kad_post_footer":false},"product_cat":[19,22],"product_tag":[226,232,231,234,230,229,41,227,40,225,233,228],"class_list":["post-393","product","type-product","status-publish","has-post-thumbnail","hentry","product_cat-custom-ebike-battery","product_cat-rear-ebike-battery","product_tag-36v-10ah-lithium-battery","product_tag-36v-lithium-battery-for-electric-bikes","product_tag-48v-lithium-ion-battery-for-electric-bike","product_tag-e-bike-battery","product_tag-ebike-lithium-battery","product_tag-electric-bicycle-batteries","product_tag-electric-bicycle-battery","product_tag-electric-bike-14ah-24v-electric-bicycle-battery","product_tag-electric-bike-lithium-battery","product_tag-kangaroo-ebike-battery","product_tag-lithium-battery-for-motorcycle","product_tag-lithium-bicycle-battery","entry","content-bg","loop-entry"],"_links":{"self":[{"href":"https:\/\/bybatt.com\/cs\/wp-json\/wp\/v2\/product\/393","targetHints":{"allow":["GET"]}}],"collection":[{"href":"https:\/\/bybatt.com\/cs\/wp-json\/wp\/v2\/product"}],"about":[{"href":"https:\/\/bybatt.com\/cs\/wp-json\/wp\/v2\/types\/product"}],"wp:featuredmedia":[{"embeddable":true,"href":"https:\/\/bybatt.com\/cs\/wp-json\/wp\/v2\/media\/394"}],"wp:attachment":[{"href":"https:\/\/bybatt.com\/cs\/wp-json\/wp\/v2\/media?parent=393"}],"wp:term":[{"taxonomy":"product_cat","embeddable":true,"href":"https:\/\/bybatt.com\/cs\/wp-json\/wp\/v2\/product_cat?post=393"},{"taxonomy":"product_tag","embeddable":true,"href":"https:\/\/bybatt.com\/cs\/wp-json\/wp\/v2\/product_tag?post=393"}],"curies":[{"name":"wp","href":"https:\/\/api.w.org\/{rel}","templated":true}]}}