{"id":400,"date":"2023-02-18T15:48:32","date_gmt":"2023-02-18T15:48:32","guid":{"rendered":"https:\/\/bybatt.com\/?post_type=product&#038;p=400"},"modified":"2023-02-19T08:21:52","modified_gmt":"2023-02-19T08:21:52","slug":"electric-bicycle-rear-rack-battery-pack-with-taillight","status":"publish","type":"product","link":"https:\/\/bybatt.com\/cs\/produkt\/electric-bicycle-rear-rack-battery-pack-with-taillight\/","title":{"rendered":"Baterie pro zadn\u00ed stojan na elektrick\u00e9 kolo se zadn\u00edm sv\u011btlem"},"content":{"rendered":"","protected":false},"excerpt":{"rendered":"<p>Baterie pro zadn\u00ed nosi\u010d elektrick\u00e9ho j\u00edzdn\u00edho kola se zadn\u00edm sv\u011btlem je dob\u00edjec\u00ed lithium-iontov\u00e1 baterie, kter\u00e1 je ur\u010dena k mont\u00e1\u017ei na zadn\u00ed nosi\u010d elektrick\u00e9ho j\u00edzdn\u00edho kola. Baterie je dod\u00e1v\u00e1na s vestav\u011bn\u00fdm zadn\u00edm sv\u011btlem pro v\u011bt\u0161\u00ed bezpe\u010dnost b\u011bhem no\u010dn\u00edch j\u00edzd.<br \/>\nBaterie pou\u017e\u00edv\u00e1 100% nov\u00fdch \u010dl\u00e1nk\u016f Li(NiCoMn)O2 18650 a je k dispozici ve dvou variant\u00e1ch nap\u011bt\u00ed: 36V a 48V. Nomin\u00e1ln\u00ed kapacita akumul\u00e1toru se pohybuje od 10-20ah. Vn\u011bj\u0161\u00ed pouzdro je vyrobeno z hlin\u00edku, kter\u00fd poskytuje odolnost a ochranu p\u0159ed n\u00e1razy a p\u0159\u00edrodn\u00edmi \u017eivly. Rozm\u011bry baterie jsou 257*150*147mm a v\u00e1\u017e\u00ed p\u0159ibli\u017en\u011b 3,5 kg\/4,5 kg.<br \/>\nBaterii lze nab\u00edjet standardn\u00edm nebo rychl\u00fdm nab\u00edjen\u00edm. Standardn\u00ed nab\u00edjen\u00ed zahrnuje konstantn\u00ed proud 0,2C a konstantn\u00ed nap\u011bt\u00ed 42V s p\u0159eru\u0161en\u00edm 100mA. Rychl\u00e9 nab\u00edjen\u00ed zahrnuje konstantn\u00ed proud 0,5 CA a konstantn\u00ed nap\u011bt\u00ed 42 V s p\u0159eru\u0161en\u00edm 100 mA.<br \/>\nBaterie m\u00e1 nep\u0159etr\u017eit\u00fd vyb\u00edjec\u00ed proud 20A a \u0161pi\u010dkov\u00fd vyb\u00edjec\u00ed proud 60A, co\u017e znamen\u00e1, \u017ee m\u016f\u017ee poskytnout vysokou \u00farove\u0148 v\u00fdkonu elektromotoru kola. Baterie m\u00e1 \u017eivotnost 500kr\u00e1t s DOD80%, co\u017e znamen\u00e1, \u017ee ji lze a\u017e 500kr\u00e1t nab\u00edt a vyb\u00edt, ne\u017e se za\u010dne v\u00fdrazn\u011b zhor\u0161ovat.<br \/>\nBaterie je vybavena syst\u00e9mem BMS (battery management system), kter\u00fd poskytuje ochranu proti nadproudu, nadm\u011brn\u00e9mu vybit\u00ed, nadm\u011brn\u00e9mu nabit\u00ed a zkratu. BMS tak\u00e9 pom\u00e1h\u00e1 vyrovn\u00e1vat jednotliv\u00e9 \u010dl\u00e1nky v sad\u011b bateri\u00ed, aby bylo zaji\u0161t\u011bno, \u017ee jsou v\u0161echny nab\u00edjeny a vyb\u00edjeny rovnom\u011brn\u011b.<br \/>\nBaterii lze skladovat v teplotn\u00edm rozsahu -10-40\u2103 s relativn\u00ed vlhkost\u00ed 45-75% a tlakov\u00fdm rozsahem 86-106KPa. Celkov\u011b vzato je akumul\u00e1torov\u00e1 sada zadn\u00edho stojanu na elektrick\u00e9 kolo se zadn\u00edm sv\u011btlem vysoce kvalitn\u00ed a spolehliv\u00fd zdroj energie pro elektrick\u00e1 kola, kter\u00fd poskytuje pohodl\u00ed, bezpe\u010dnost a vysok\u00fd v\u00fdkon.<\/p>","protected":false},"featured_media":401,"template":"","meta":{"_kad_post_transparent":"default","_kad_post_title":"","_kad_post_layout":"default","_kad_post_sidebar_id":"","_kad_post_content_style":"default","_kad_post_vertical_padding":"default","_kad_post_feature":"","_kad_post_feature_position":"","_kad_post_header":false,"_kad_post_footer":false},"product_cat":[19,22],"product_tag":[240,241,237,238,239,235,236],"class_list":["post-400","product","type-product","status-publish","has-post-thumbnail","hentry","product_cat-custom-ebike-battery","product_cat-rear-ebike-battery","product_tag-akku-48v-36v-20ah-ebike-battery","product_tag-battery-jceb360-13","product_tag-ebike-rear-rack-battery","product_tag-electric-bike-battery-with-rear-rack","product_tag-rear-rack-25-ah-lithium-ion-battery-pack","product_tag-rear-rack-battery","product_tag-rear-rack-ebike-battery","entry","content-bg","loop-entry"],"_links":{"self":[{"href":"https:\/\/bybatt.com\/cs\/wp-json\/wp\/v2\/product\/400","targetHints":{"allow":["GET"]}}],"collection":[{"href":"https:\/\/bybatt.com\/cs\/wp-json\/wp\/v2\/product"}],"about":[{"href":"https:\/\/bybatt.com\/cs\/wp-json\/wp\/v2\/types\/product"}],"wp:featuredmedia":[{"embeddable":true,"href":"https:\/\/bybatt.com\/cs\/wp-json\/wp\/v2\/media\/401"}],"wp:attachment":[{"href":"https:\/\/bybatt.com\/cs\/wp-json\/wp\/v2\/media?parent=400"}],"wp:term":[{"taxonomy":"product_cat","embeddable":true,"href":"https:\/\/bybatt.com\/cs\/wp-json\/wp\/v2\/product_cat?post=400"},{"taxonomy":"product_tag","embeddable":true,"href":"https:\/\/bybatt.com\/cs\/wp-json\/wp\/v2\/product_tag?post=400"}],"curies":[{"name":"wp","href":"https:\/\/api.w.org\/{rel}","templated":true}]}}