{"id":407,"date":"2023-02-19T03:55:38","date_gmt":"2023-02-19T03:55:38","guid":{"rendered":"https:\/\/bybatt.com\/?post_type=product&#038;p=407"},"modified":"2023-02-19T08:21:27","modified_gmt":"2023-02-19T08:21:27","slug":"wholesale-24v-36v-48v-e-bike-rear-rack-lithium-ion-battery","status":"publish","type":"product","link":"https:\/\/bybatt.com\/cs\/produkt\/wholesale-24v-36v-48v-e-bike-rear-rack-lithium-ion-battery\/","title":{"rendered":"Velkoobchod 24V 36V 48V E-bike zadn\u00ed stojan Lithium-iontov\u00e1 baterie"},"content":{"rendered":"","protected":false},"excerpt":{"rendered":"<p>Velkoobchodn\u00ed 24V 36V 48V E-Bike Rear Rack Lithium-ion Battery je vysoce kvalitn\u00ed baterie ur\u010den\u00e1 pro elektrokola. Tato baterie pou\u017e\u00edv\u00e1 nov\u00e9 \u010dl\u00e1nky 100% s chemi\u00ed Li(NiCoMn)O2 18650. M\u00e1 jmenovit\u00e9 nap\u011bt\u00ed 36V nebo 48V a jmenovitou kapacitu 10-20ah. Vn\u011bj\u0161\u00ed pouzdro je vyrobeno z hlin\u00edku, d\u00edky \u010demu\u017e je robustn\u00ed a odoln\u00e9. Rozm\u011bry baterie jsou 257*150*147mm a v\u00e1\u017e\u00ed p\u0159ibli\u017en\u011b 3,5KG\/4,5Kg.<br \/>\nBaterii je mo\u017en\u00e9 nab\u00edjet standardn\u00edm nab\u00edjen\u00edm konstantn\u00edm proudem 0,2C, konstantn\u00edm nap\u011bt\u00edm 42V 100mA p\u0159eru\u0161en\u00ed, nebo rychlonab\u00edjen\u00edm konstantn\u00edm proudem 0,5CA, konstantn\u00edm nap\u011bt\u00edm 42V 100mA p\u0159eru\u0161en\u00ed. Lze jej vyb\u00edjet pomoc\u00ed standardn\u00edho vyb\u00edjen\u00ed konstantn\u00edm proudem 0,2C\/koncov\u00e9 nap\u011bt\u00ed 36,4V. Baterie m\u00e1 trval\u00fd vyb\u00edjec\u00ed proud 20A a \u0161pi\u010dkov\u00fd vyb\u00edjec\u00ed proud 60A.<br \/>\nTato baterie m\u00e1 \u017eivotnost 500kr\u00e1t s DOD80% a obsahuje BMS (Battery Management System) s nadproudovou ochranou, ochranou proti nadm\u011brn\u00e9mu vybit\u00ed, ochranou proti nadm\u011brn\u00e9mu nabit\u00ed, ochranou proti zkratu a funkcemi vyv\u00e1\u017een\u00ed. Baterii lze skladovat p\u0159i teplot\u011b -10-40\u2103 s relativn\u00ed vlhkost\u00ed 45-75% a tlakem 86-106KPa. Tato baterie je ide\u00e1ln\u00ed pro nad\u0161ence elektrokol, kte\u0159\u00ed cht\u011bj\u00ed spolehliv\u00fd a dlouhotrvaj\u00edc\u00ed zdroj energie pro sv\u00e1 elektrokola.<\/p>","protected":false},"featured_media":408,"template":"","meta":{"_kad_post_transparent":"default","_kad_post_title":"","_kad_post_layout":"default","_kad_post_sidebar_id":"","_kad_post_content_style":"default","_kad_post_vertical_padding":"default","_kad_post_feature":"","_kad_post_feature_position":"","_kad_post_header":false,"_kad_post_footer":false},"product_cat":[19,22],"product_tag":[246,248,247,249,244,238,245,235,236,243,242],"class_list":["post-407","product","type-product","status-publish","has-post-thumbnail","hentry","product_cat-custom-ebike-battery","product_cat-rear-ebike-battery","product_tag-24v-battery-rack-mount","product_tag-24v-rear-rack-battery","product_tag-36v-rear-rack-battery","product_tag-48v-rear-rack-battery","product_tag-48volt-li-ion-e-bike-akku-ebike-rear-rack","product_tag-electric-bike-battery-with-rear-rack","product_tag-kangaroo-battery","product_tag-rear-rack-battery","product_tag-rear-rack-ebike-battery","product_tag-rear-rack-ebike-lithium-ion-battery","product_tag-rear-rack-lithium-ion-battery","entry","content-bg","loop-entry"],"_links":{"self":[{"href":"https:\/\/bybatt.com\/cs\/wp-json\/wp\/v2\/product\/407","targetHints":{"allow":["GET"]}}],"collection":[{"href":"https:\/\/bybatt.com\/cs\/wp-json\/wp\/v2\/product"}],"about":[{"href":"https:\/\/bybatt.com\/cs\/wp-json\/wp\/v2\/types\/product"}],"wp:featuredmedia":[{"embeddable":true,"href":"https:\/\/bybatt.com\/cs\/wp-json\/wp\/v2\/media\/408"}],"wp:attachment":[{"href":"https:\/\/bybatt.com\/cs\/wp-json\/wp\/v2\/media?parent=407"}],"wp:term":[{"taxonomy":"product_cat","embeddable":true,"href":"https:\/\/bybatt.com\/cs\/wp-json\/wp\/v2\/product_cat?post=407"},{"taxonomy":"product_tag","embeddable":true,"href":"https:\/\/bybatt.com\/cs\/wp-json\/wp\/v2\/product_tag?post=407"}],"curies":[{"name":"wp","href":"https:\/\/api.w.org\/{rel}","templated":true}]}}