{"id":415,"date":"2023-02-19T07:37:27","date_gmt":"2023-02-19T07:37:27","guid":{"rendered":"https:\/\/bybatt.com\/?post_type=product&#038;p=415"},"modified":"2023-02-19T08:21:03","modified_gmt":"2023-02-19T08:21:03","slug":"100-new-cell-li-ion-e-bike-battery-mounted-on-rear-rack","status":"publish","type":"product","link":"https:\/\/bybatt.com\/cs\/produkt\/100-new-cell-li-ion-e-bike-battery-mounted-on-rear-rack\/","title":{"rendered":"100% Nov\u00e1 Li-ion baterie pro elektrokola namontovan\u00e1 na zadn\u00edm nosi\u010di"},"content":{"rendered":"","protected":false},"excerpt":{"rendered":"<p>100% New Cell Li-ion E-Bike Battery Mounted on Rear Rack je vysoce kvalitn\u00ed a spolehliv\u00e1 baterie ur\u010den\u00e1 pro elektrokola. Baterie je vyrobena z nov\u00fdch \u010dl\u00e1nk\u016f 100% s chemi\u00ed Li(NiCoMn)O2 18650. Je k dispozici ve dvou r\u016fzn\u00fdch jmenovit\u00fdch nap\u011bt\u00edch, 36V a 48V, a m\u00e1 jmenovitou kapacitu 10-20ah.<br \/>\nVn\u011bj\u0161\u00ed pouzdro baterie je vyrobeno z odoln\u00e9ho hlin\u00edku a jeho rozm\u011bry jsou 257*150*147mm. Baterii lze nab\u00edjet standardn\u00ed metodou nab\u00edjen\u00ed, kter\u00e1 zahrnuje konstantn\u00ed proud 0,2C a konstantn\u00ed nap\u011bt\u00ed 42V s p\u0159eru\u0161en\u00edm 100mA. Alternativn\u011b lze pou\u017e\u00edt metodu rychl\u00e9ho nab\u00edjen\u00ed, kter\u00e1 zahrnuje konstantn\u00ed proud 0,5 CA, konstantn\u00ed nap\u011bt\u00ed 42 V a p\u0159eru\u0161en\u00ed 100 mA.<br \/>\nB\u011bhem pou\u017e\u00edv\u00e1n\u00ed lze baterii vyb\u00edjet konstantn\u00edm proudem 0,2C, dokud koncov\u00e9 nap\u011bt\u00ed nedos\u00e1hne 36,4V. Baterie v\u00e1\u017e\u00ed p\u0159ibli\u017en\u011b 3,5 kg\/4,5 kg a m\u00e1 trval\u00fd vyb\u00edjec\u00ed proud 20 A se \u0161pi\u010dkov\u00fdm vyb\u00edjec\u00edm proudem 60 A. Baterie m\u00e1 \u017eivotnost 500kr\u00e1t s DOD80%.<br \/>\nBaterie je vybavena syst\u00e9mem BMS (Battery Management System), kter\u00fd poskytuje ochranu proti nadproudu, nadm\u011brn\u00e9mu vybit\u00ed, nadm\u011brn\u00e9mu nabit\u00ed a zkratu. Disponuje tak\u00e9 funkc\u00ed vyv\u00e1\u017een\u00ed, kter\u00e1 zaji\u0161\u0165uje rovnom\u011brn\u00e9 nab\u00edjen\u00ed a vyb\u00edjen\u00ed v\u0161ech \u010dl\u00e1nk\u016f v baterii.<br \/>\nBaterie m\u00e1 rozsah skladovac\u00ed teploty -10-40\u2103, rozsah relativn\u00ed vlhkosti 45-75% a rozsah tlaku 86-106KPa. Tato baterie je skv\u011blou volbou pro ka\u017ed\u00e9ho, kdo chce upgradovat nebo vym\u011bnit svou sou\u010dasnou baterii elektrokola.<\/p>","protected":false},"featured_media":416,"template":"","meta":{"_kad_post_transparent":"default","_kad_post_title":"","_kad_post_layout":"default","_kad_post_sidebar_id":"","_kad_post_content_style":"default","_kad_post_vertical_padding":"default","_kad_post_feature":"","_kad_post_feature_position":"","_kad_post_header":false,"_kad_post_footer":false},"product_cat":[19,22],"product_tag":[248,247,252,253,249,245,250,254,251],"class_list":["post-415","product","type-product","status-publish","has-post-thumbnail","hentry","product_cat-custom-ebike-battery","product_cat-rear-ebike-battery","product_tag-24v-rear-rack-battery","product_tag-36v-rear-rack-battery","product_tag-48-volt-rear-rack-electric-bicycle-battery","product_tag-48v-10ah-ebike-battery-with-carrier","product_tag-48v-rear-rack-battery","product_tag-kangaroo-battery","product_tag-li-ion-e-bike-battery","product_tag-rack-ebike-rear-rack","product_tag-rechargeable-lithium-ion","entry","content-bg","loop-entry"],"_links":{"self":[{"href":"https:\/\/bybatt.com\/cs\/wp-json\/wp\/v2\/product\/415","targetHints":{"allow":["GET"]}}],"collection":[{"href":"https:\/\/bybatt.com\/cs\/wp-json\/wp\/v2\/product"}],"about":[{"href":"https:\/\/bybatt.com\/cs\/wp-json\/wp\/v2\/types\/product"}],"wp:featuredmedia":[{"embeddable":true,"href":"https:\/\/bybatt.com\/cs\/wp-json\/wp\/v2\/media\/416"}],"wp:attachment":[{"href":"https:\/\/bybatt.com\/cs\/wp-json\/wp\/v2\/media?parent=415"}],"wp:term":[{"taxonomy":"product_cat","embeddable":true,"href":"https:\/\/bybatt.com\/cs\/wp-json\/wp\/v2\/product_cat?post=415"},{"taxonomy":"product_tag","embeddable":true,"href":"https:\/\/bybatt.com\/cs\/wp-json\/wp\/v2\/product_tag?post=415"}],"curies":[{"name":"wp","href":"https:\/\/api.w.org\/{rel}","templated":true}]}}