{"id":422,"date":"2023-02-19T08:03:36","date_gmt":"2023-02-19T08:03:36","guid":{"rendered":"https:\/\/bybatt.com\/?post_type=product&#038;p=422"},"modified":"2023-02-19T08:20:43","modified_gmt":"2023-02-19T08:20:43","slug":"electric-bike-tricycle-lithium-battery-pack-rear-rack-type","status":"publish","type":"product","link":"https:\/\/bybatt.com\/cs\/produkt\/electric-bike-tricycle-lithium-battery-pack-rear-rack-type\/","title":{"rendered":"Elektrokolo T\u0159\u00edkolka s lithiovou bateri\u00ed typu zadn\u00edho stojanu"},"content":{"rendered":"","protected":false},"excerpt":{"rendered":"<p>namontovan\u00e9 na zadn\u00edm nosi\u010di j\u00edzdn\u00edho kola nebo t\u0159\u00edkolky. Baterie pou\u017e\u00edv\u00e1 nov\u00e9 \u010dl\u00e1nky 100% a m\u00e1 chemick\u00e9 slo\u017een\u00ed Li(NiCoMn)O2 18650. Dod\u00e1v\u00e1 se ve dvou variant\u00e1ch jmenovit\u00e9ho nap\u011bt\u00ed: 36V a 48V, s nomin\u00e1ln\u00ed kapacitou 10-20ah. Vn\u011bj\u0161\u00ed pouzdro baterie je vyrobeno z hlin\u00edku a jej\u00ed rozm\u011bry jsou 257*150*147 mm.<br \/>\nBaterii lze nab\u00edjet standardn\u00edm nab\u00edjen\u00edm konstantn\u00edm proudem 0,2C a konstantn\u00edm nap\u011bt\u00edm 42V s p\u0159eru\u0161en\u00edm 100mA nebo rychlonab\u00edjen\u00edm konstantn\u00edm proudem 0,5CA, konstantn\u00edm nap\u011bt\u00edm 42V s p\u0159eru\u0161en\u00edm 100mA. Jeho standardn\u00ed vyb\u00edjec\u00ed rychlost je konstantn\u00ed proud 0,2C, s koncov\u00fdm nap\u011bt\u00edm 36,4V. Baterie v\u00e1\u017e\u00ed p\u0159ibli\u017en\u011b 3,5 kg\/4,5 kg a m\u00e1 trval\u00fd vyb\u00edjec\u00ed proud 20A a \u0161pi\u010dkov\u00fd vyb\u00edjec\u00ed proud 60A.<br \/>\nBaterie m\u00e1 \u017eivotnost 500kr\u00e1t s DOD80% a zahrnuje funkci BMS (battery management system), kter\u00e1 poskytuje ochranu proti nadproudu, ochranu proti nadm\u011brn\u00e9mu vybit\u00ed, ochranu proti nadm\u011brn\u00e9mu nabit\u00ed, ochranu proti zkratu a vyv\u00e1\u017een\u00ed. Baterii lze skladovat v teplotn\u00edm rozsahu -10-40\u2103, s relativn\u00ed vlhkost\u00ed 45-75% a tlakem 86-106KPa.<br \/>\nCelkov\u011b je tato baterie navr\u017eena pro jezdce na elektrick\u00fdch kolech nebo t\u0159\u00edkolk\u00e1ch, kte\u0159\u00ed pot\u0159ebuj\u00ed spolehliv\u00fd zdroj energie, kter\u00fd se snadno montuje a pou\u017e\u00edv\u00e1. Poskytuje vysokou \u00farove\u0148 v\u00fdkonu a bezpe\u010dnosti, tak\u017ee je vynikaj\u00edc\u00ed volbou pro nad\u0161ence elektrokol nebo t\u0159\u00edkolek.<\/p>","protected":false},"featured_media":424,"template":"","meta":{"_kad_post_transparent":"default","_kad_post_title":"","_kad_post_layout":"default","_kad_post_sidebar_id":"","_kad_post_content_style":"default","_kad_post_vertical_padding":"default","_kad_post_feature":"","_kad_post_feature_position":"","_kad_post_header":false,"_kad_post_footer":false},"product_cat":[19,22],"product_tag":[258,248,247,256,249,236,257,255],"class_list":["post-422","product","type-product","status-publish","has-post-thumbnail","hentry","product_cat-custom-ebike-battery","product_cat-rear-ebike-battery","product_tag-18650-lithium-ion-battery-pack","product_tag-24v-rear-rack-battery","product_tag-36v-rear-rack-battery","product_tag-48v-32ah-lithium-battery","product_tag-48v-rear-rack-battery","product_tag-rear-rack-ebike-battery","product_tag-recharge-storage-battery","product_tag-tricycle-lithium-battery-pack","entry","content-bg","loop-entry"],"_links":{"self":[{"href":"https:\/\/bybatt.com\/cs\/wp-json\/wp\/v2\/product\/422","targetHints":{"allow":["GET"]}}],"collection":[{"href":"https:\/\/bybatt.com\/cs\/wp-json\/wp\/v2\/product"}],"about":[{"href":"https:\/\/bybatt.com\/cs\/wp-json\/wp\/v2\/types\/product"}],"wp:featuredmedia":[{"embeddable":true,"href":"https:\/\/bybatt.com\/cs\/wp-json\/wp\/v2\/media\/424"}],"wp:attachment":[{"href":"https:\/\/bybatt.com\/cs\/wp-json\/wp\/v2\/media?parent=422"}],"wp:term":[{"taxonomy":"product_cat","embeddable":true,"href":"https:\/\/bybatt.com\/cs\/wp-json\/wp\/v2\/product_cat?post=422"},{"taxonomy":"product_tag","embeddable":true,"href":"https:\/\/bybatt.com\/cs\/wp-json\/wp\/v2\/product_tag?post=422"}],"curies":[{"name":"wp","href":"https:\/\/api.w.org\/{rel}","templated":true}]}}