{"id":430,"date":"2023-02-19T08:26:22","date_gmt":"2023-02-19T08:26:22","guid":{"rendered":"https:\/\/bybatt.com\/?post_type=product&#038;p=430"},"modified":"2023-02-19T09:32:04","modified_gmt":"2023-02-19T09:32:04","slug":"customized-high-capacity-brand-new-e-bike-rack-battery","status":"publish","type":"product","link":"https:\/\/bybatt.com\/cs\/produkt\/customized-high-capacity-brand-new-e-bike-rack-battery\/","title":{"rendered":"P\u0159izp\u016fsoben\u00e1 vysokokapacitn\u00ed zbrusu nov\u00e1 baterie E Bike Rack"},"content":{"rendered":"","protected":false},"excerpt":{"rendered":"<p>Tento produkt je zbrusu nov\u00e1 vysokokapacitn\u00ed baterie pro elektrokolo, kterou lze p\u0159izp\u016fsobit konkr\u00e9tn\u00edm pot\u0159eb\u00e1m. Baterie pou\u017e\u00edv\u00e1 100% nov\u00fdch \u010dl\u00e1nk\u016f a m\u00e1 chemick\u00e9 slo\u017een\u00ed Li(NiCoMn)O2 18650. M\u00e1 jmenovit\u00e9 nap\u011bt\u00ed 36V nebo 48V a jmenovitou kapacitu 10-20ah. Vn\u011bj\u0161\u00ed pouzdro je vyrobeno z hlin\u00edku a m\u00e1 rozm\u011bry 257*150*147mm.<br \/>\nBaterii lze nab\u00edjet dv\u011bma zp\u016fsoby: standardn\u00edm nab\u00edjen\u00edm a rychl\u00fdm nab\u00edjen\u00edm. Standardn\u00ed nab\u00edjen\u00ed vyu\u017e\u00edv\u00e1 konstantn\u00ed proud 0,2C, konstantn\u00ed nap\u011bt\u00ed 42V a vyp\u00ednac\u00ed proud 100mA. Rychl\u00e9 nab\u00edjen\u00ed vyu\u017e\u00edv\u00e1 konstantn\u00ed proud 0,5 CA, konstantn\u00ed nap\u011bt\u00ed 42 V a 100 mA p\u0159eru\u0161en\u00ed.<br \/>\nP\u0159i pou\u017e\u00edv\u00e1n\u00ed m\u00e1 baterie trval\u00fd vyb\u00edjec\u00ed proud 20A a \u0161pi\u010dkov\u00fd vyb\u00edjec\u00ed proud 60A. \u017divotnost cyklu je p\u0159ibli\u017en\u011b 500kr\u00e1t s hodnocen\u00edm DOD80%.<br \/>\nBaterie m\u00e1 vestav\u011bn\u00fd BMS (battery management system), kter\u00fd poskytuje ochranu proti nadproudu, nadm\u011brn\u00e9mu vybit\u00ed, nadm\u011brn\u00e9mu nabit\u00ed a zkratu. BMS tak\u00e9 zaji\u0161\u0165uje rovnov\u00e1hu mezi \u010dl\u00e1nky baterie.<br \/>\nRozsah skladovac\u00ed teploty pro baterii je -10-40 \u2103, s rozsahem relativn\u00ed vlhkosti 45-75% a rozsahem tlaku 86-106KPa. Hmotnost baterie je p\u0159ibli\u017en\u011b 3,5 kg nebo 4,5 kg v z\u00e1vislosti na kapacit\u011b.<\/p>","protected":false},"featured_media":431,"template":"","meta":{"_kad_post_transparent":"default","_kad_post_title":"","_kad_post_layout":"default","_kad_post_sidebar_id":"","_kad_post_content_style":"default","_kad_post_vertical_padding":"default","_kad_post_feature":"","_kad_post_feature_position":"","_kad_post_header":false,"_kad_post_footer":false},"product_cat":[19,22],"product_tag":[248,247,249,259,236],"class_list":["post-430","product","type-product","status-publish","has-post-thumbnail","hentry","product_cat-custom-ebike-battery","product_cat-rear-ebike-battery","product_tag-24v-rear-rack-battery","product_tag-36v-rear-rack-battery","product_tag-48v-rear-rack-battery","product_tag-e-bike-rack-battery","product_tag-rear-rack-ebike-battery","entry","content-bg","loop-entry"],"_links":{"self":[{"href":"https:\/\/bybatt.com\/cs\/wp-json\/wp\/v2\/product\/430","targetHints":{"allow":["GET"]}}],"collection":[{"href":"https:\/\/bybatt.com\/cs\/wp-json\/wp\/v2\/product"}],"about":[{"href":"https:\/\/bybatt.com\/cs\/wp-json\/wp\/v2\/types\/product"}],"wp:featuredmedia":[{"embeddable":true,"href":"https:\/\/bybatt.com\/cs\/wp-json\/wp\/v2\/media\/431"}],"wp:attachment":[{"href":"https:\/\/bybatt.com\/cs\/wp-json\/wp\/v2\/media?parent=430"}],"wp:term":[{"taxonomy":"product_cat","embeddable":true,"href":"https:\/\/bybatt.com\/cs\/wp-json\/wp\/v2\/product_cat?post=430"},{"taxonomy":"product_tag","embeddable":true,"href":"https:\/\/bybatt.com\/cs\/wp-json\/wp\/v2\/product_tag?post=430"}],"curies":[{"name":"wp","href":"https:\/\/api.w.org\/{rel}","templated":true}]}}