{"id":437,"date":"2023-02-19T09:32:20","date_gmt":"2023-02-19T09:32:20","guid":{"rendered":"https:\/\/bybatt.com\/?post_type=product&#038;p=437"},"modified":"2023-02-19T09:49:51","modified_gmt":"2023-02-19T09:49:51","slug":"rechargeable-lithium-electric-bike-seat-post-battery-pack","status":"publish","type":"product","link":"https:\/\/bybatt.com\/cs\/produkt\/rechargeable-lithium-electric-bike-seat-post-battery-pack\/","title":{"rendered":"Dob\u00edjec\u00ed lithiov\u00e1 baterie sedlovky elektrick\u00e9ho kola"},"content":{"rendered":"","protected":false},"excerpt":{"rendered":"<p>Tento produkt je dob\u00edjec\u00ed lithiov\u00e1 baterie pro elektrick\u00e9 kolo sedlovky navr\u017een\u00e1 k nap\u00e1jen\u00ed elektrick\u00fdch kol. Baterie vyu\u017e\u00edv\u00e1 100% nov\u00fdch \u010dl\u00e1nk\u016f Li(NiCoMn)O2 18650, kter\u00e9 maj\u00ed jmenovit\u00e9 nap\u011bt\u00ed 36V nebo 48V a jmenovitou kapacitu 10-20ah. Vn\u011bj\u0161\u00ed pouzdro baterie je vyrobeno z hlin\u00edku a jeho rozm\u011bry jsou 257*1501*47mm.<br \/>\nBaterii lze nab\u00edjet standardn\u00ed metodou nab\u00edjen\u00ed, kter\u00e1 zahrnuje konstantn\u00ed proud 0,2C a konstantn\u00ed nap\u011bt\u00ed 42V s p\u0159eru\u0161en\u00edm 100mA. Alternativn\u011b lze nab\u00edjet pomoc\u00ed metody rychl\u00e9ho nab\u00edjen\u00ed, kter\u00e1 zahrnuje konstantn\u00ed proud 0,5 CA a konstantn\u00ed nap\u011bt\u00ed 42 V s p\u0159eru\u0161en\u00edm 100 mA. Baterii lze vyb\u00edjet konstantn\u00edm proudem 0,2C s koncov\u00fdm nap\u011bt\u00edm 36,4V.<br \/>\nBaterie v\u00e1\u017e\u00ed p\u0159ibli\u017en\u011b 3,5 kg\/4,5 kg, m\u00e1 trval\u00fd vyb\u00edjec\u00ed proud 20A a \u0161pi\u010dkov\u00fd vyb\u00edjec\u00ed proud 60A. M\u00e1 \u017eivotnost 500kr\u00e1t s DOD80% a p\u0159ich\u00e1z\u00ed s funkc\u00ed BMS, kter\u00e1 poskytuje ochranu proti nadproudu, ochranu proti nadm\u011brn\u00e9mu vybit\u00ed, ochranu proti nadm\u011brn\u00e9mu nabit\u00ed, ochranu proti zkratu a vyv\u00e1\u017een\u00ed.<br \/>\nRozsah skladovac\u00ed teploty pro baterii je mezi -10-40 \u2103 s relativn\u00ed vlhkost\u00ed 45-75% a tlakem 86-106KPa. Tato dob\u00edjec\u00ed lithiov\u00e1 baterie pro elektrokolo je ide\u00e1ln\u00edm \u0159e\u0161en\u00edm pro ty, kte\u0159\u00ed cht\u011bj\u00ed spolehliv\u00fd a dlouhotrvaj\u00edc\u00ed zdroj energie pro sv\u00e1 elektrokola.<\/p>","protected":false},"featured_media":438,"template":"","meta":{"_kad_post_transparent":"default","_kad_post_title":"","_kad_post_layout":"default","_kad_post_sidebar_id":"","_kad_post_content_style":"default","_kad_post_vertical_padding":"default","_kad_post_feature":"","_kad_post_feature_position":"","_kad_post_header":false,"_kad_post_footer":false},"product_cat":[19,21],"product_tag":[264,248,266,247,249,262,260,263,261,265],"class_list":["post-437","product","type-product","status-publish","has-post-thumbnail","hentry","product_cat-custom-ebike-battery","product_cat-down-tube-ebike-battery","product_tag-11ah-lithium-battery-for-a2b-kuo","product_tag-24v-rear-rack-battery","product_tag-36v-14ah-li-ion-e-bike-battery","product_tag-36v-rear-rack-battery","product_tag-48v-rear-rack-battery","product_tag-e-bike-seat-post-battery","product_tag-electric-bike-seat-post-battery","product_tag-magnum-36v-seat-post-mounting-frog-batt","product_tag-post-seat-battery","product_tag-taga-2-0-famous-cell","entry","content-bg","loop-entry"],"_links":{"self":[{"href":"https:\/\/bybatt.com\/cs\/wp-json\/wp\/v2\/product\/437","targetHints":{"allow":["GET"]}}],"collection":[{"href":"https:\/\/bybatt.com\/cs\/wp-json\/wp\/v2\/product"}],"about":[{"href":"https:\/\/bybatt.com\/cs\/wp-json\/wp\/v2\/types\/product"}],"wp:featuredmedia":[{"embeddable":true,"href":"https:\/\/bybatt.com\/cs\/wp-json\/wp\/v2\/media\/438"}],"wp:attachment":[{"href":"https:\/\/bybatt.com\/cs\/wp-json\/wp\/v2\/media?parent=437"}],"wp:term":[{"taxonomy":"product_cat","embeddable":true,"href":"https:\/\/bybatt.com\/cs\/wp-json\/wp\/v2\/product_cat?post=437"},{"taxonomy":"product_tag","embeddable":true,"href":"https:\/\/bybatt.com\/cs\/wp-json\/wp\/v2\/product_tag?post=437"}],"curies":[{"name":"wp","href":"https:\/\/api.w.org\/{rel}","templated":true}]}}