{"id":444,"date":"2023-02-19T09:54:39","date_gmt":"2023-02-19T09:54:39","guid":{"rendered":"https:\/\/bybatt.com\/?post_type=product&#038;p=444"},"modified":"2023-02-19T10:24:36","modified_gmt":"2023-02-19T10:24:36","slug":"36v-12ah-lithium-battery-seatpost-frog-ebike-battery-pack","status":"publish","type":"product","link":"https:\/\/bybatt.com\/cs\/produkt\/36v-12ah-lithium-battery-seatpost-frog-ebike-battery-pack\/","title":{"rendered":"36V 12Ah lithiov\u00e1 baterie Sedlovka Frog Ebike Battery Pack"},"content":{"rendered":"","protected":false},"excerpt":{"rendered":"<p>36V 12Ah lithiov\u00e1 baterie Sedlovka Frog Ebike Battery Pack je vysoce kvalitn\u00ed a odoln\u00e1 baterie ur\u010den\u00e1 pro pou\u017eit\u00ed v elektrokolech. Baterie vyu\u017e\u00edv\u00e1 100% nov\u00fdch \u010dl\u00e1nk\u016f a m\u00e1 chemii Li(NiCoMn)O2 18650. Je k dispozici ve verzi 36V i 48V, s nomin\u00e1ln\u00ed kapacitou 10-20ah.<br \/>\nBaterie je um\u00edst\u011bna v pevn\u00e9m hlin\u00edkov\u00e9m pouzd\u0159e a m\u00e1 rozm\u011bry 257*150*147mm. Standardn\u00ed nab\u00edjen\u00ed baterie je konstantn\u00ed proud 0,2C, konstantn\u00ed nap\u011bt\u00ed 42V a vyp\u00ednac\u00ed proud 100mA. Pro rychl\u00e9 nab\u00edjen\u00ed baterie zvl\u00e1dne konstantn\u00ed proud 0,5 CA, konstantn\u00ed nap\u011bt\u00ed 42 V a p\u0159eru\u0161en\u00ed 100 mA.<br \/>\nStandardn\u00ed vyb\u00edjec\u00ed proud pro baterii je konstantn\u00ed proud 0,2C s koncov\u00fdm nap\u011bt\u00edm 36,4V. Baterie v\u00e1\u017e\u00ed p\u0159ibli\u017en\u011b 3,5 kg\/4,5 kg a zvl\u00e1dne nep\u0159etr\u017eit\u00fd vyb\u00edjec\u00ed proud 20 A se \u0161pi\u010dkov\u00fdm vyb\u00edjec\u00edm proudem 60 A.<br \/>\nBaterie m\u00e1 \u017eivotnost 500kr\u00e1t s DOD80% a je vybavena funkc\u00ed BMS, kter\u00e1 zahrnuje nadproudovou ochranu, ochranu proti nadm\u011brn\u00e9mu vybit\u00ed, ochranu proti nadm\u011brn\u00e9mu nabit\u00ed, ochranu proti zkratu a vyv\u00e1\u017een\u00ed. Rozsah skladovac\u00ed teploty pro baterii je -10-40 \u2103, s rozsahem relativn\u00ed vlhkosti 45-75% a rozsahem tlaku 86-106KPa.<\/p>","protected":false},"featured_media":459,"template":"","meta":{"_kad_post_transparent":"default","_kad_post_title":"","_kad_post_layout":"default","_kad_post_sidebar_id":"","_kad_post_content_style":"default","_kad_post_vertical_padding":"default","_kad_post_feature":"","_kad_post_feature_position":"","_kad_post_header":false,"_kad_post_footer":false},"product_cat":[19,21],"product_tag":[248,247,249,262,267],"class_list":["post-444","product","type-product","status-publish","has-post-thumbnail","hentry","product_cat-custom-ebike-battery","product_cat-down-tube-ebike-battery","product_tag-24v-rear-rack-battery","product_tag-36v-rear-rack-battery","product_tag-48v-rear-rack-battery","product_tag-e-bike-seat-post-battery","product_tag-frog-ebike-battery","entry","content-bg","loop-entry"],"_links":{"self":[{"href":"https:\/\/bybatt.com\/cs\/wp-json\/wp\/v2\/product\/444","targetHints":{"allow":["GET"]}}],"collection":[{"href":"https:\/\/bybatt.com\/cs\/wp-json\/wp\/v2\/product"}],"about":[{"href":"https:\/\/bybatt.com\/cs\/wp-json\/wp\/v2\/types\/product"}],"wp:featuredmedia":[{"embeddable":true,"href":"https:\/\/bybatt.com\/cs\/wp-json\/wp\/v2\/media\/459"}],"wp:attachment":[{"href":"https:\/\/bybatt.com\/cs\/wp-json\/wp\/v2\/media?parent=444"}],"wp:term":[{"taxonomy":"product_cat","embeddable":true,"href":"https:\/\/bybatt.com\/cs\/wp-json\/wp\/v2\/product_cat?post=444"},{"taxonomy":"product_tag","embeddable":true,"href":"https:\/\/bybatt.com\/cs\/wp-json\/wp\/v2\/product_tag?post=444"}],"curies":[{"name":"wp","href":"https:\/\/api.w.org\/{rel}","templated":true}]}}