{"id":445,"date":"2023-02-19T10:00:08","date_gmt":"2023-02-19T10:00:08","guid":{"rendered":"https:\/\/bybatt.com\/?post_type=product&#038;p=445"},"modified":"2023-02-19T10:14:35","modified_gmt":"2023-02-19T10:14:35","slug":"e-bike-20amp-reention-battery-rhino-48v-13ah-lithium-battery","status":"publish","type":"product","link":"https:\/\/bybatt.com\/cs\/produkt\/e-bike-20amp-reention-battery-rhino-48v-13ah-lithium-battery\/","title":{"rendered":"Elektrokolo 20Amp Reention baterie Rhino 48V 13Ah lithiov\u00e1 baterie"},"content":{"rendered":"","protected":false},"excerpt":{"rendered":"<p>E-Bike 20Amp Reention Battery Rhino 48V 13Ah Lithium Battery je vysoce kvalitn\u00ed dob\u00edjec\u00ed baterie ur\u010den\u00e1 pro pou\u017eit\u00ed s elektrokoly. Je vyroben origin\u00e1ln\u00ed zna\u010dkou Reention a Rhino a pou\u017e\u00edv\u00e1 nov\u00e9 \u010dl\u00e1nky 100%, kter\u00e9 zaji\u0161\u0165uj\u00ed jeho spolehlivost a dlouhou \u017eivotnost.<br \/>\nBaterie vyu\u017e\u00edv\u00e1 chemii LiNiCoMno2 a je k dispozici v n\u011bkolika variant\u00e1ch nap\u011bt\u00ed a kapacity v\u010detn\u011b 36V a 48V a 10,4ah, 11,6ah, 13ah, 13,6ah a 14ah. Vn\u011bj\u0161\u00ed pouzdro je vyrobeno z materi\u00e1lu EEL, d\u00edky \u010demu\u017e je odoln\u00e9 a odoln\u00e9 proti n\u00e1razu.<br \/>\nBaterii lze nab\u00edjet standardn\u00ed metodou nab\u00edjen\u00ed, konstantn\u00edm proudem 0,2C a konstantn\u00edm nap\u011bt\u00edm 54,6V, s p\u0159eru\u0161en\u00edm 100mA. Lze jej tak\u00e9 rychle nab\u00edjet pomoc\u00ed konstantn\u00edho proudu 0,5 CA a konstantn\u00edho nap\u011bt\u00ed 54,6 V, s p\u0159eru\u0161en\u00edm 100 mA.<br \/>\nStandardn\u00ed vyb\u00edjec\u00ed proud baterie je 0,2C, s koncov\u00fdm nap\u011bt\u00edm 30V. M\u00e1 \u017eivotnost 500kr\u00e1t s DOD80% a m\u016f\u017ee dodat nep\u0159etr\u017eit\u00fd vyb\u00edjec\u00ed proud 10A nebo \u0161pi\u010dkov\u00fd vyb\u00edjec\u00ed proud 30A, kter\u00fd lze p\u0159izp\u016fsobit na z\u00e1klad\u011b individu\u00e1ln\u00edch pot\u0159eb.<br \/>\nBaterie je dod\u00e1v\u00e1na s vestav\u011bn\u00fdm BMS (Battery Management System), kter\u00fd poskytuje ochranu proti nadm\u011brn\u00e9mu proudu, nadm\u011brn\u00e9mu vybit\u00ed, nadm\u011brn\u00e9mu nab\u00edjen\u00ed a zkratu. Nab\u00edz\u00ed tak\u00e9 balan\u010dn\u00ed funkce, kter\u00e9 zaji\u0161\u0165uj\u00ed rovnom\u011brn\u00e9 nab\u00edjen\u00ed a vyb\u00edjen\u00ed \u010dl\u00e1nk\u016f baterie.<br \/>\nRozsah skladovac\u00ed teploty pro baterii je -10-40 \u2103, s relativn\u00ed vlhkost\u00ed 45-75% a rozsahem tlaku 86-106KPa. D\u00edky sv\u00e9 vysoce kvalitn\u00ed konstrukci a spolehlivosti je E-Bike 20Amp Reention baterie Rhino 48V 13Ah lithiov\u00e1 baterie vynikaj\u00edc\u00ed volbou pro ty, kte\u0159\u00ed hledaj\u00ed dlouhotrvaj\u00edc\u00ed, vysoce v\u00fdkonnou baterii pro elektrokola.<\/p>","protected":false},"featured_media":446,"template":"","meta":{"_kad_post_transparent":"default","_kad_post_title":"","_kad_post_layout":"default","_kad_post_sidebar_id":"","_kad_post_content_style":"default","_kad_post_vertical_padding":"default","_kad_post_feature":"","_kad_post_feature_position":"","_kad_post_header":false,"_kad_post_footer":false},"product_cat":[19,23],"product_tag":[269,270,229,268,271],"class_list":["post-445","product","type-product","status-publish","has-post-thumbnail","hentry","product_cat-custom-ebike-battery","product_cat-inner-ebike-battery","product_tag-20amp-reention-battery","product_tag-48v-13ah-lithium-battery","product_tag-electric-bicycle-batteries","product_tag-reention-battery","product_tag-rhino-battery","entry","content-bg","loop-entry"],"_links":{"self":[{"href":"https:\/\/bybatt.com\/cs\/wp-json\/wp\/v2\/product\/445","targetHints":{"allow":["GET"]}}],"collection":[{"href":"https:\/\/bybatt.com\/cs\/wp-json\/wp\/v2\/product"}],"about":[{"href":"https:\/\/bybatt.com\/cs\/wp-json\/wp\/v2\/types\/product"}],"wp:featuredmedia":[{"embeddable":true,"href":"https:\/\/bybatt.com\/cs\/wp-json\/wp\/v2\/media\/446"}],"wp:attachment":[{"href":"https:\/\/bybatt.com\/cs\/wp-json\/wp\/v2\/media?parent=445"}],"wp:term":[{"taxonomy":"product_cat","embeddable":true,"href":"https:\/\/bybatt.com\/cs\/wp-json\/wp\/v2\/product_cat?post=445"},{"taxonomy":"product_tag","embeddable":true,"href":"https:\/\/bybatt.com\/cs\/wp-json\/wp\/v2\/product_tag?post=445"}],"curies":[{"name":"wp","href":"https:\/\/api.w.org\/{rel}","templated":true}]}}