{"id":452,"date":"2023-02-19T10:15:33","date_gmt":"2023-02-19T10:15:33","guid":{"rendered":"https:\/\/bybatt.com\/?post_type=product&#038;p=452"},"modified":"2023-02-19T10:26:45","modified_gmt":"2023-02-19T10:26:45","slug":"cheap-authorized-reention-dorado-mini-batteries-for-e-bike","status":"publish","type":"product","link":"https:\/\/bybatt.com\/cs\/produkt\/cheap-authorized-reention-dorado-mini-batteries-for-e-bike\/","title":{"rendered":"Levn\u00e9 autorizovan\u00e9 baterie Reention Dorado Mini pro E-bike"},"content":{"rendered":"","protected":false},"excerpt":{"rendered":"<p>Tento produkt je dob\u00edjec\u00ed baterie pro elektrokolo, konkr\u00e9tn\u011b Reention Dorado Mini. V\u0161echny \u010dl\u00e1nky pou\u017eit\u00e9 v baterii jsou zcela nov\u00e9 a chemie je LiNiCoMno2. Baterie se dod\u00e1v\u00e1 v r\u016fzn\u00fdch jmenovit\u00fdch nap\u011bt\u00edch (36V nebo 48V) a kapacit\u00e1ch (v rozmez\u00ed od 10,4ah do 14ah). Vn\u011bj\u0161\u00ed pouzdro baterie je vyrobeno z materi\u00e1lu EEL.<br \/>\nBaterii lze nab\u00edjet konstantn\u00edm proudem 0,2C a konstantn\u00edm nap\u011bt\u00edm 54,6V, s p\u0159eru\u0161en\u00edm 100mA. Lze jej tak\u00e9 rychle nab\u00edjet pomoc\u00ed konstantn\u00edho proudu 0,5 CA a stejn\u00e9ho konstantn\u00edho nap\u011bt\u00ed a vypnut\u00ed. Standardn\u00ed vyb\u00edjec\u00ed proud je 0,2C, s koncov\u00fdm nap\u011bt\u00edm 30V.<br \/>\nBaterie m\u00e1 \u017eivotnost 500kr\u00e1t s DOD80% a hmotnost p\u0159ibli\u017en\u011b 3,5 kg nebo 4,5 kg. M\u016f\u017ee poskytovat trval\u00fd vyb\u00edjec\u00ed proud 10A se \u0161pi\u010dkov\u00fdm vyb\u00edjec\u00edm proudem 30A. Funkce BMS baterie zahrnuje ochranu proti nadproudu, nadm\u011brn\u00e9mu vybit\u00ed, nadm\u011brn\u00e9mu nabit\u00ed a zkratu a tak\u00e9 vyv\u00e1\u017een\u00ed.<br \/>\nBaterii lze skladovat p\u0159i teplot\u011b -10-40\u2103, s relativn\u00ed vlhkost\u00ed 45-75% a tlakem 86-106KPa. Tento produkt nab\u00edz\u00ed cenov\u011b dostupnou a autorizovanou mo\u017enost pro majitele elektrokol, kte\u0159\u00ed pot\u0159ebuj\u00ed n\u00e1hradn\u00ed nebo p\u0159\u00eddavnou baterii pro sv\u016fj Reention Dorado Mini.<\/p>","protected":false},"featured_media":453,"template":"","meta":{"_kad_post_transparent":"default","_kad_post_title":"","_kad_post_layout":"default","_kad_post_sidebar_id":"","_kad_post_content_style":"default","_kad_post_vertical_padding":"default","_kad_post_feature":"","_kad_post_feature_position":"","_kad_post_header":false,"_kad_post_footer":false},"product_cat":[19,23],"product_tag":[275,274,41,268,273,272],"class_list":["post-452","product","type-product","status-publish","has-post-thumbnail","hentry","product_cat-custom-ebike-battery","product_cat-inner-ebike-battery","product_tag-36v-cheapest-ebike-battery","product_tag-dorado-mini-batteries","product_tag-electric-bicycle-battery","product_tag-reention-battery","product_tag-reention-dorado-battery","product_tag-reention-dorado-mini-batteries","entry","content-bg","loop-entry"],"_links":{"self":[{"href":"https:\/\/bybatt.com\/cs\/wp-json\/wp\/v2\/product\/452","targetHints":{"allow":["GET"]}}],"collection":[{"href":"https:\/\/bybatt.com\/cs\/wp-json\/wp\/v2\/product"}],"about":[{"href":"https:\/\/bybatt.com\/cs\/wp-json\/wp\/v2\/types\/product"}],"wp:featuredmedia":[{"embeddable":true,"href":"https:\/\/bybatt.com\/cs\/wp-json\/wp\/v2\/media\/453"}],"wp:attachment":[{"href":"https:\/\/bybatt.com\/cs\/wp-json\/wp\/v2\/media?parent=452"}],"wp:term":[{"taxonomy":"product_cat","embeddable":true,"href":"https:\/\/bybatt.com\/cs\/wp-json\/wp\/v2\/product_cat?post=452"},{"taxonomy":"product_tag","embeddable":true,"href":"https:\/\/bybatt.com\/cs\/wp-json\/wp\/v2\/product_tag?post=452"}],"curies":[{"name":"wp","href":"https:\/\/api.w.org\/{rel}","templated":true}]}}