{"id":466,"date":"2023-02-19T13:40:46","date_gmt":"2023-02-19T13:40:46","guid":{"rendered":"https:\/\/bybatt.com\/?post_type=product&#038;p=466"},"modified":"2023-02-19T13:48:58","modified_gmt":"2023-02-19T13:48:58","slug":"36v-48v-reention-eel-inner-frame-battery-pack-for-e-bike","status":"publish","type":"product","link":"https:\/\/bybatt.com\/cs\/produkt\/36v-48v-reention-eel-inner-frame-battery-pack-for-e-bike\/","title":{"rendered":"36V 48V baterie Reention EEL s vnit\u0159n\u00edm r\u00e1mem pro elektrokola"},"content":{"rendered":"","protected":false},"excerpt":{"rendered":"<p>36V 48V Reention EEL Inner Frame Battery Pack je vysoce kvalitn\u00ed dob\u00edjec\u00ed baterie ur\u010den\u00e1 pro pou\u017eit\u00ed v elektrokolech. Je konstruov\u00e1n pomoc\u00ed nov\u00fdch \u010dl\u00e1nk\u016f 100% s chemi\u00ed LiNiCoMno2, kter\u00e1 poskytuje spolehliv\u00fd v\u00fdkon a odolnost.<br \/>\nBaterie je k dispozici v r\u016fzn\u00fdch kapacit\u00e1ch, v\u010detn\u011b 10,4ah, 11,6ah, 13ah, 13,6ah a 14ah, a m\u00e1 jmenovit\u00e9 nap\u011bt\u00ed 36V nebo 48V. Je um\u00edst\u011bn v robustn\u00edm pouzd\u0159e EEL a v\u00e1\u017e\u00ed p\u0159ibli\u017en\u011b 3,5 kg nebo 4,5 kg, v z\u00e1vislosti na kapacit\u011b.<br \/>\nBaterii lze nab\u00edjet standardn\u00edm nab\u00edjen\u00edm nebo rychlonab\u00edjen\u00edm, konstantn\u00edm proudem 0,2C nebo 0,5CA. Standardn\u00ed vyb\u00edjec\u00ed proud je 0,2C a koncov\u00e9 nap\u011bt\u00ed je 30V. Baterie m\u00e1 \u017eivotnost 500kr\u00e1t s DOD80% a m\u016f\u017ee dodat nep\u0159etr\u017eit\u00fd vyb\u00edjec\u00ed proud 10A nebo \u0161pi\u010dkov\u00fd vyb\u00edjec\u00ed proud 30A, v z\u00e1vislosti na p\u0159izp\u016fsoben\u00ed.<br \/>\nBaterie je vybavena vestav\u011bn\u00fdm syst\u00e9mem BMS (Battery Management System), kter\u00fd poskytuje ochranu proti nadm\u011brn\u00e9mu proudu, nadm\u011brn\u00e9mu vybit\u00ed, nadm\u011brn\u00e9mu nabit\u00ed a zkratu. M\u00e1 tak\u00e9 funkci vyv\u00e1\u017een\u00ed, kter\u00e1 zaji\u0161\u0165uje, \u017ee v\u0161echny \u010dl\u00e1nky jsou nab\u00edjeny a vyb\u00edjeny rovnom\u011brn\u011b.<br \/>\nBaterii lze skladovat p\u0159i teplot\u011b -10-40\u2103 s relativn\u00ed vlhkost\u00ed 45-75% a tlakem 86-106KPa. Celkov\u011b vzato, 36V 48V Reention EEL Inner Frame Battery Pack je vysoce v\u00fdkonn\u00e1 a spolehliv\u00e1 baterie, kter\u00e1 je ide\u00e1ln\u00ed pro nad\u0161ence elektrokol, kte\u0159\u00ed cht\u011bj\u00ed odoln\u00fd a dlouhotrvaj\u00edc\u00ed zdroj energie pro sv\u00e9 j\u00edzdy.<\/p>","protected":false},"featured_media":467,"template":"","meta":{"_kad_post_transparent":"default","_kad_post_title":"","_kad_post_layout":"default","_kad_post_sidebar_id":"","_kad_post_content_style":"default","_kad_post_vertical_padding":"default","_kad_post_feature":"","_kad_post_feature_position":"","_kad_post_header":false,"_kad_post_footer":false},"product_cat":[19,23],"product_tag":[275,52,274,278,41,268,273,272,277,276],"class_list":["post-466","product","type-product","status-publish","has-post-thumbnail","hentry","product_cat-custom-ebike-battery","product_cat-inner-ebike-battery","product_tag-36v-cheapest-ebike-battery","product_tag-battery","product_tag-dorado-mini-batteries","product_tag-electric-bicycle-36volt","product_tag-electric-bicycle-battery","product_tag-reention-battery","product_tag-reention-dorado-battery","product_tag-reention-dorado-mini-batteries","product_tag-reention-eel-inner-battery-pack","product_tag-reention-eel-inner-frame-battery","entry","content-bg","loop-entry"],"_links":{"self":[{"href":"https:\/\/bybatt.com\/cs\/wp-json\/wp\/v2\/product\/466","targetHints":{"allow":["GET"]}}],"collection":[{"href":"https:\/\/bybatt.com\/cs\/wp-json\/wp\/v2\/product"}],"about":[{"href":"https:\/\/bybatt.com\/cs\/wp-json\/wp\/v2\/types\/product"}],"wp:featuredmedia":[{"embeddable":true,"href":"https:\/\/bybatt.com\/cs\/wp-json\/wp\/v2\/media\/467"}],"wp:attachment":[{"href":"https:\/\/bybatt.com\/cs\/wp-json\/wp\/v2\/media?parent=466"}],"wp:term":[{"taxonomy":"product_cat","embeddable":true,"href":"https:\/\/bybatt.com\/cs\/wp-json\/wp\/v2\/product_cat?post=466"},{"taxonomy":"product_tag","embeddable":true,"href":"https:\/\/bybatt.com\/cs\/wp-json\/wp\/v2\/product_tag?post=466"}],"curies":[{"name":"wp","href":"https:\/\/api.w.org\/{rel}","templated":true}]}}