{"id":473,"date":"2023-02-19T13:50:46","date_gmt":"2023-02-19T13:50:46","guid":{"rendered":"https:\/\/bybatt.com\/?post_type=product&#038;p=473"},"modified":"2023-02-19T13:55:44","modified_gmt":"2023-02-19T13:55:44","slug":"li-ion-36v-14ah-reention-thunder-downtube-battery-for-e-bike","status":"publish","type":"product","link":"https:\/\/bybatt.com\/cs\/produkt\/li-ion-36v-14ah-reention-thunder-downtube-battery-for-e-bike\/","title":{"rendered":"Li-ion 36V 14Ah baterie Reention Thunder Downtube pro E-Bike"},"content":{"rendered":"","protected":false},"excerpt":{"rendered":"<p>Li-ion 36V 14Ah Reention Thunder Downtube Battery je vysoce kvalitn\u00ed baterie ur\u010den\u00e1 pro elektrokola. Baterie se skl\u00e1d\u00e1 z 100% nov\u00fdch \u010dl\u00e1nk\u016f a m\u00e1 jmenovit\u00e9 nap\u011bt\u00ed 36V, 48V, 52V nebo 72V, s nomin\u00e1ln\u00ed kapacitou 20Ah. Mo\u017enosti bateriov\u00fdch \u010dl\u00e1nk\u016f zahrnuj\u00ed 2500mAh, 3000mAh, 3200mAh nebo 3500mAh s konfigurac\u00ed 8P14S.<br \/>\nSyst\u00e9m spr\u00e1vy baterie (BMS) m\u00e1 jmenovit\u00fd proud 30A a lze jej p\u0159izp\u016fsobit podle po\u017eadavk\u016f u\u017eivatele. Standardn\u00ed nab\u00edjec\u00ed proud je 3A, s maxim\u00e1ln\u00edm nab\u00edjec\u00edm proudem 5A, oboj\u00ed lze p\u0159izp\u016fsobit. Vyb\u00edjec\u00ed nap\u011bt\u00ed baterie je 39V a nab\u00edjec\u00ed nap\u011bt\u00ed 58,8V.<br \/>\nBaterie m\u00e1 \u017eivotnost 80% nap\u00e1jen\u00ed po 600-1000 cyklech. To znamen\u00e1, \u017ee baterie je schopna dodat 80% sv\u00e9 p\u016fvodn\u00ed kapacity po \u00fapln\u00e9m nabit\u00ed a vybit\u00ed po dobu 600 a\u017e 1000 cykl\u016f. Celkov\u011b je Li-ion 36V 14Ah Reention Thunder Downtube Battery spolehliv\u00e1 a vysoce v\u00fdkonn\u00e1 baterie, kter\u00e1 je vhodn\u00e1 pro pou\u017eit\u00ed v elektrokolech.<\/p>","protected":false},"featured_media":474,"template":"","meta":{"_kad_post_transparent":"default","_kad_post_title":"","_kad_post_layout":"default","_kad_post_sidebar_id":"","_kad_post_content_style":"default","_kad_post_vertical_padding":"default","_kad_post_feature":"","_kad_post_feature_position":"","_kad_post_header":false,"_kad_post_footer":false},"product_cat":[19,23],"product_tag":[41,268,273,272,277,276,279],"class_list":["post-473","product","type-product","status-publish","has-post-thumbnail","hentry","product_cat-custom-ebike-battery","product_cat-inner-ebike-battery","product_tag-electric-bicycle-battery","product_tag-reention-battery","product_tag-reention-dorado-battery","product_tag-reention-dorado-mini-batteries","product_tag-reention-eel-inner-battery-pack","product_tag-reention-eel-inner-frame-battery","product_tag-reention-thunder-downtube-battery","entry","content-bg","loop-entry"],"_links":{"self":[{"href":"https:\/\/bybatt.com\/cs\/wp-json\/wp\/v2\/product\/473","targetHints":{"allow":["GET"]}}],"collection":[{"href":"https:\/\/bybatt.com\/cs\/wp-json\/wp\/v2\/product"}],"about":[{"href":"https:\/\/bybatt.com\/cs\/wp-json\/wp\/v2\/types\/product"}],"wp:featuredmedia":[{"embeddable":true,"href":"https:\/\/bybatt.com\/cs\/wp-json\/wp\/v2\/media\/474"}],"wp:attachment":[{"href":"https:\/\/bybatt.com\/cs\/wp-json\/wp\/v2\/media?parent=473"}],"wp:term":[{"taxonomy":"product_cat","embeddable":true,"href":"https:\/\/bybatt.com\/cs\/wp-json\/wp\/v2\/product_cat?post=473"},{"taxonomy":"product_tag","embeddable":true,"href":"https:\/\/bybatt.com\/cs\/wp-json\/wp\/v2\/product_tag?post=473"}],"curies":[{"name":"wp","href":"https:\/\/api.w.org\/{rel}","templated":true}]}}