{"id":480,"date":"2023-02-19T13:56:47","date_gmt":"2023-02-19T13:56:47","guid":{"rendered":"https:\/\/bybatt.com\/?post_type=product&#038;p=480"},"modified":"2023-02-19T14:05:06","modified_gmt":"2023-02-19T14:05:06","slug":"48v-52v-rechargeable-lithium-ion-triangular-e-bike-battery","status":"publish","type":"product","link":"https:\/\/bybatt.com\/cs\/produkt\/48v-52v-rechargeable-lithium-ion-triangular-e-bike-battery\/","title":{"rendered":"48V 52V dob\u00edjec\u00ed lithium-iontov\u00e1 troj\u00faheln\u00edkov\u00e1 E Bike baterie"},"content":{"rendered":"","protected":false},"excerpt":{"rendered":"<p>48V 52V dob\u00edjec\u00ed Lithium Ion Triangular E Bike Battery je vysoce v\u00fdkonn\u00e1 a odoln\u00e1 baterie ur\u010den\u00e1 k nap\u00e1jen\u00ed elektrick\u00fdch kol. Tato baterie je k dispozici v r\u016fzn\u00fdch jmenovit\u00fdch nap\u011bt\u00edch, v\u010detn\u011b 36V, 48V, 52V a 72V, a m\u00e1 jmenovitou kapacitu 20Ah. Pou\u017eit\u00e9 bateriov\u00e9 \u010dl\u00e1nky jsou bu\u010f 2500mAh, 3000mAh, slavn\u00fdch 3200mAh, nebo 3500mAh, v z\u00e1vislosti na zvolen\u00e9 konfiguraci.<br \/>\nKonfigurace baterie je 8P14S a syst\u00e9m \u0159\u00edzen\u00ed baterie (BMS) m\u00e1 jmenovit\u00fd proud 30A nebo m\u016f\u017ee b\u00fdt p\u0159izp\u016fsoben tak, aby spl\u0148oval specifick\u00e9 po\u017eadavky. Standardn\u00ed nab\u00edjec\u00ed proud je 3A, ale lze jej tak\u00e9 upravit tak, aby vyhovoval specifick\u00fdm po\u017eadavk\u016fm na nab\u00edjen\u00ed. Maxim\u00e1ln\u00ed nab\u00edjec\u00ed proud je 5A, co\u017e zaji\u0161\u0165uje rychl\u00e9 nabit\u00ed baterie.<br \/>\nVyb\u00edjec\u00ed nap\u011bt\u00ed je 39V a nab\u00edjec\u00ed nap\u011bt\u00ed je 58,8V. S \u017eivotnost\u00ed cyklu a\u017e 600-1000 cykl\u016f m\u016f\u017ee baterie dodat a\u017e 80% sv\u00e9ho v\u00fdkonu, co\u017e z n\u00ed d\u011bl\u00e1 spolehliv\u00fd a dlouhotrvaj\u00edc\u00ed zdroj energie pro elektrokola. Tato dob\u00edjec\u00ed lithium-iontov\u00e1 baterie je navr\u017eena tak, aby byla bezpe\u010dn\u00e1, spolehliv\u00e1 a efektivn\u00ed a poskytovala u\u017eivatel\u016fm vysoce kvalitn\u00ed zdroj energie pro jejich elektrokola.<\/p>","protected":false},"featured_media":481,"template":"","meta":{"_kad_post_transparent":"default","_kad_post_title":"","_kad_post_layout":"default","_kad_post_sidebar_id":"","_kad_post_content_style":"default","_kad_post_vertical_padding":"default","_kad_post_feature":"","_kad_post_feature_position":"","_kad_post_header":false,"_kad_post_footer":false},"product_cat":[19,21],"product_tag":[289,287,293,281,291,288,285,290,292,286,282,283,280,284],"class_list":["post-480","product","type-product","status-publish","has-post-thumbnail","hentry","product_cat-custom-ebike-battery","product_cat-down-tube-ebike-battery","product_tag-52v-30ah-triangle-battery","product_tag-52v-triangle-battery","product_tag-72v-triangle-battery","product_tag-ebike-triangle-battery","product_tag-ebike-triangle-battery-hard-case","product_tag-em3ev-triangle-battery","product_tag-large-triangle-batteries","product_tag-triangle-battery-case","product_tag-triangle-ebike-battery-36v","product_tag-triangle-ebike-battery-48v","product_tag-triangle-electric-bike-battery","product_tag-triangle-lithium-battery","product_tag-triangular-e-bike-battery","product_tag-triangular-ebike-battery","entry","content-bg","loop-entry"],"_links":{"self":[{"href":"https:\/\/bybatt.com\/cs\/wp-json\/wp\/v2\/product\/480","targetHints":{"allow":["GET"]}}],"collection":[{"href":"https:\/\/bybatt.com\/cs\/wp-json\/wp\/v2\/product"}],"about":[{"href":"https:\/\/bybatt.com\/cs\/wp-json\/wp\/v2\/types\/product"}],"wp:featuredmedia":[{"embeddable":true,"href":"https:\/\/bybatt.com\/cs\/wp-json\/wp\/v2\/media\/481"}],"wp:attachment":[{"href":"https:\/\/bybatt.com\/cs\/wp-json\/wp\/v2\/media?parent=480"}],"wp:term":[{"taxonomy":"product_cat","embeddable":true,"href":"https:\/\/bybatt.com\/cs\/wp-json\/wp\/v2\/product_cat?post=480"},{"taxonomy":"product_tag","embeddable":true,"href":"https:\/\/bybatt.com\/cs\/wp-json\/wp\/v2\/product_tag?post=480"}],"curies":[{"name":"wp","href":"https:\/\/api.w.org\/{rel}","templated":true}]}}