{"id":488,"date":"2023-02-19T14:10:59","date_gmt":"2023-02-19T14:10:59","guid":{"rendered":"https:\/\/bybatt.com\/?post_type=product&#038;p=488"},"modified":"2023-02-19T14:20:29","modified_gmt":"2023-02-19T14:20:29","slug":"36v-water-bottle-battery-pack-mini-bottle-ebike-battery","status":"publish","type":"product","link":"https:\/\/bybatt.com\/cs\/produkt\/36v-water-bottle-battery-pack-mini-bottle-ebike-battery\/","title":{"rendered":"36V baterie pro l\u00e1hev na vodu Baterie pro Mini Bottle Ebike"},"content":{"rendered":"","protected":false},"excerpt":{"rendered":"<p>36V baterie pro lahve na vodu Mini Bottle Ebike Battery je mini baterie ur\u010den\u00e1 pro elektrokola (e-kola). M\u00e1 jmenovit\u00e9 nap\u011bt\u00ed bu\u010f 24V nebo 36V a je k dispozici ve \u010dty\u0159ech r\u016fzn\u00fdch jmenovit\u00fdch kapacit\u00e1ch: 5,2Ah, 5,8Ah, 6,8Ah a 10Ah. Chemick\u00e9 slo\u017een\u00ed baterie je Li(NiCoMn)O2 18650, kter\u00e9 poskytuje dobrou rovnov\u00e1hu mezi hustotou energie a bezpe\u010dnost\u00ed.<br \/>\nAkumul\u00e1tor je um\u00edst\u011bn v pouzd\u0159e na l\u00e1hev s\u00e9pie o rozm\u011brech 63*75*325mm (21 \u010dl\u00e1nk\u016f 18650) nebo 86*86*347mm (20 21700 \u010dl\u00e1nk\u016f). V\u00e1\u017e\u00ed p\u0159ibli\u017en\u011b 3,5 kg.<br \/>\nBaterii lze nab\u00edjet standardn\u00edm nebo rychl\u00fdm nab\u00edjen\u00edm. Standardn\u00ed nab\u00edjen\u00ed se prov\u00e1d\u00ed konstantn\u00edm proudem 0,2C, konstantn\u00edm nap\u011bt\u00edm 54,6V a vyp\u00ednac\u00edm proudem 100mA. Rychl\u00e9 nab\u00edjen\u00ed se prov\u00e1d\u00ed p\u0159i konstantn\u00edm proudu 0,5 CA, konstantn\u00edm nap\u011bt\u00ed 54,6 V a 100 mA p\u0159eru\u0161en\u00ed.<br \/>\nBaterii lze vyb\u00edjet nep\u0159etr\u017eit\u00fdm proudem 20A nebo upravit podle specifick\u00fdch po\u017eadavk\u016f. M\u00e1 \u0161pi\u010dkov\u00fd vyb\u00edjec\u00ed proud 60A nebo p\u0159izp\u016fsoben\u00fd. Baterie m\u00e1 \u017eivotnost 500 cykl\u016f s DOD80% a je vybavena funkc\u00ed BMS, kter\u00e1 poskytuje nadproudovou ochranu, ochranu proti nadm\u011brn\u00e9mu vybit\u00ed, ochranu proti nadm\u011brn\u00e9mu nabit\u00ed, ochranu proti zkratu a vyv\u00e1\u017een\u00ed.<br \/>\nRozsah skladovac\u00ed teploty baterie je -10-40\u2103, s relativn\u00ed vlhkost\u00ed 45-75% a tlakem 86-106KPa.<\/p>","protected":false},"featured_media":489,"template":"","meta":{"_kad_post_transparent":"default","_kad_post_title":"","_kad_post_layout":"default","_kad_post_sidebar_id":"","_kad_post_content_style":"default","_kad_post_vertical_padding":"default","_kad_post_feature":"","_kad_post_feature_position":"","_kad_post_header":false,"_kad_post_footer":false},"product_cat":[19,21],"product_tag":[298,294,296,297,299,295],"class_list":["post-488","product","type-product","status-publish","has-post-thumbnail","hentry","product_cat-custom-ebike-battery","product_cat-down-tube-ebike-battery","product_tag-bottle-battery","product_tag-mini-bottle-ebike-battery","product_tag-mini-bottle-lithium-battery","product_tag-mini-ebike-battery-pack","product_tag-protable-water-bottle-battery","product_tag-water-bottle-battery-pack","entry","content-bg","loop-entry"],"_links":{"self":[{"href":"https:\/\/bybatt.com\/cs\/wp-json\/wp\/v2\/product\/488","targetHints":{"allow":["GET"]}}],"collection":[{"href":"https:\/\/bybatt.com\/cs\/wp-json\/wp\/v2\/product"}],"about":[{"href":"https:\/\/bybatt.com\/cs\/wp-json\/wp\/v2\/types\/product"}],"wp:featuredmedia":[{"embeddable":true,"href":"https:\/\/bybatt.com\/cs\/wp-json\/wp\/v2\/media\/489"}],"wp:attachment":[{"href":"https:\/\/bybatt.com\/cs\/wp-json\/wp\/v2\/media?parent=488"}],"wp:term":[{"taxonomy":"product_cat","embeddable":true,"href":"https:\/\/bybatt.com\/cs\/wp-json\/wp\/v2\/product_cat?post=488"},{"taxonomy":"product_tag","embeddable":true,"href":"https:\/\/bybatt.com\/cs\/wp-json\/wp\/v2\/product_tag?post=488"}],"curies":[{"name":"wp","href":"https:\/\/api.w.org\/{rel}","templated":true}]}}