{"id":493,"date":"2023-02-19T14:23:38","date_gmt":"2023-02-19T14:23:38","guid":{"rendered":"https:\/\/bybatt.com\/?post_type=product&#038;p=493"},"modified":"2023-02-19T14:31:49","modified_gmt":"2023-02-19T14:31:49","slug":"36v-7ah-252wh-downtube-mini-water-bottle-ebike-battery","status":"publish","type":"product","link":"https:\/\/bybatt.com\/cs\/produkt\/36v-7ah-252wh-downtube-mini-water-bottle-ebike-battery\/","title":{"rendered":"Baterie pro elektrokolo 36V 7Ah 252Wh Downtube Mini l\u00e1hev na vodu"},"content":{"rendered":"","protected":false},"excerpt":{"rendered":"<p>36V 7Ah 252Wh Downtube Mini Water Bottle eBike Battery je vysoce kvalitn\u00ed, odoln\u00e1 baterie, kter\u00e1 je navr\u017eena speci\u00e1ln\u011b pro elektrokola. Obsahuje nov\u00e9 \u010dl\u00e1nky 100% Li(NiCoMn)O2 18650, kter\u00e9 poskytuj\u00ed vynikaj\u00edc\u00ed v\u00fdkon a spolehlivost.<br \/>\nD\u00edky jmenovit\u00e9mu nap\u011bt\u00ed 24 V nebo 36 V a jmenovit\u00e9 kapacit\u011b 5,2 Ah, 5,8 Ah, 6,8 Ah nebo 10 Ah nab\u00edz\u00ed tato baterie dobr\u00fd dojezd a v\u00fdkon pro r\u016fzn\u00e9 modely elektrokol. Dod\u00e1v\u00e1 se ve dvou velikostech s r\u016fzn\u00fdmi typy \u010dl\u00e1nk\u016f: 63*75*325mm s 21 \u010dl\u00e1nky 18650 nebo 86*86*347mm s 20 \u010dl\u00e1nky 21700.<br \/>\nVn\u011bj\u0161\u00ed pouzdro je vyrobeno z pouzdra na l\u00e1hev s\u00e9pie, kter\u00e9 je pevn\u00e9 a odoln\u00e9 proti opot\u0159eben\u00ed. Baterie m\u00e1 standardn\u00ed nab\u00edjen\u00ed konstantn\u00edm proudem 0,2C, konstantn\u00edm nap\u011bt\u00edm 54,6V a vyp\u00ednac\u00edm 100mA a lze ji rychle nab\u00edjet konstantn\u00edm proudem 0,5CA, konstantn\u00edm nap\u011bt\u00edm 54,6V a vyp\u00ednac\u00edm 100mA.<br \/>\nBaterie m\u00e1 standardn\u00ed vyb\u00edjec\u00ed konstantn\u00ed proud 0,2C a koncov\u00e9 nap\u011bt\u00ed 36,4V a zvl\u00e1dne trval\u00fd vyb\u00edjec\u00ed proud 20A nebo vlastn\u00ed hodnotu. \u0160pi\u010dkov\u00fd vyb\u00edjec\u00ed proud je 60A nebo p\u0159izp\u016fsoben\u00e1 hodnota. \u017divotnost baterie je p\u0159ibli\u017en\u011b 500kr\u00e1t s DOD80% a m\u00e1 funkce BMS, v\u010detn\u011b ochrany proti nadproudu, ochrany proti nadm\u011brn\u00e9mu vybit\u00ed, ochrany proti nadm\u011brn\u00e9mu nabit\u00ed, ochrany proti zkratu a vyv\u00e1\u017een\u00ed.<br \/>\nBaterii lze skladovat v teplotn\u00edm rozsahu -10-40\u2103, relativn\u00ed vlhkosti 45-75% a tlaku 86-106KPa. Celkov\u011b je 36V 7Ah 252Wh Downtube Mini Water Bottle eBike Battery spolehlivou a vysoce v\u00fdkonnou mo\u017enost\u00ed pro nad\u0161ence elektrokol.<\/p>","protected":false},"featured_media":494,"template":"","meta":{"_kad_post_transparent":"default","_kad_post_title":"","_kad_post_layout":"default","_kad_post_sidebar_id":"","_kad_post_content_style":"default","_kad_post_vertical_padding":"default","_kad_post_feature":"","_kad_post_feature_position":"","_kad_post_header":false,"_kad_post_footer":false},"product_cat":[19,21],"product_tag":[302,304,303,294,300,299,301],"class_list":["post-493","product","type-product","status-publish","has-post-thumbnail","hentry","product_cat-custom-ebike-battery","product_cat-down-tube-ebike-battery","product_tag-bottle-battery-ebike","product_tag-downtube-ebike-battery","product_tag-micro-bottle-ebike-battery","product_tag-mini-bottle-ebike-battery","product_tag-mini-water-bottle-ebike-battery","product_tag-protable-water-bottle-battery","product_tag-water-bottle-ebike-battery","entry","content-bg","loop-entry"],"_links":{"self":[{"href":"https:\/\/bybatt.com\/cs\/wp-json\/wp\/v2\/product\/493","targetHints":{"allow":["GET"]}}],"collection":[{"href":"https:\/\/bybatt.com\/cs\/wp-json\/wp\/v2\/product"}],"about":[{"href":"https:\/\/bybatt.com\/cs\/wp-json\/wp\/v2\/types\/product"}],"wp:featuredmedia":[{"embeddable":true,"href":"https:\/\/bybatt.com\/cs\/wp-json\/wp\/v2\/media\/494"}],"wp:attachment":[{"href":"https:\/\/bybatt.com\/cs\/wp-json\/wp\/v2\/media?parent=493"}],"wp:term":[{"taxonomy":"product_cat","embeddable":true,"href":"https:\/\/bybatt.com\/cs\/wp-json\/wp\/v2\/product_cat?post=493"},{"taxonomy":"product_tag","embeddable":true,"href":"https:\/\/bybatt.com\/cs\/wp-json\/wp\/v2\/product_tag?post=493"}],"curies":[{"name":"wp","href":"https:\/\/api.w.org\/{rel}","templated":true}]}}