{"id":500,"date":"2023-02-19T14:42:35","date_gmt":"2023-02-19T14:42:35","guid":{"rendered":"https:\/\/bybatt.com\/?post_type=product&#038;p=500"},"modified":"2023-02-19T15:00:42","modified_gmt":"2023-02-19T15:00:42","slug":"rechargeable-lithium-ion-seatpost-electric-bicycle-battery","status":"publish","type":"product","link":"https:\/\/bybatt.com\/cs\/produkt\/rechargeable-lithium-ion-seatpost-electric-bicycle-battery\/","title":{"rendered":"Dob\u00edjec\u00ed lithium-iontov\u00e1 baterie pro elektrick\u00e9 kolo sedlovky"},"content":{"rendered":"","protected":false},"excerpt":{"rendered":"<p>Dob\u00edjec\u00ed lithium-iontov\u00e1 sedlovka pro elektrokola je vysoce kvalitn\u00ed, spolehliv\u00fd a dlouhotrvaj\u00edc\u00ed zdroj energie pro elektrokola. Obsahuje nov\u00e9 \u010dl\u00e1nky 100% a plastov\u00e9 vn\u011bj\u0161\u00ed pouzdro. Baterie je k dispozici ve dvou r\u016fzn\u00fdch variant\u00e1ch jmenovit\u00e9ho nap\u011bt\u00ed, 36V nebo 48V, s nomin\u00e1ln\u00ed kapacitou 10-21Ah, v z\u00e1vislosti na zvolen\u00e9 variant\u011b.<br \/>\nBaterie je navr\u017eena pro nab\u00edjen\u00ed standardn\u00ed metodou nab\u00edjen\u00ed, kter\u00e1 zahrnuje konstantn\u00ed proud 0,2C a konstantn\u00ed nap\u011bt\u00ed 54,6V s p\u0159eru\u0161en\u00edm 100mA. Lze jej tak\u00e9 rychle nab\u00edjet pomoc\u00ed metody rychl\u00e9ho nab\u00edjen\u00ed, kter\u00e1 zahrnuje konstantn\u00ed proud 0,5 CA a konstantn\u00ed nap\u011bt\u00ed 54,6 V s p\u0159eru\u0161en\u00edm 100 mA.<br \/>\nBaterie m\u00e1 standardn\u00ed rychlost vyb\u00edjen\u00ed 0,2C, s koncov\u00fdm nap\u011bt\u00edm 36,4V. M\u00e1 hmotnost p\u0159ibli\u017en\u011b 3,5 kg\/4,5 kg v z\u00e1vislosti na zvolen\u00e9 kapacit\u011b. Baterie m\u016f\u017ee poskytovat nep\u0159etr\u017eit\u00fd vyb\u00edjec\u00ed proud 20A nebo m\u016f\u017ee b\u00fdt p\u0159izp\u016fsobena konkr\u00e9tn\u00edm pot\u0159eb\u00e1m. M\u016f\u017ee tak\u00e9 poskytovat \u0161pi\u010dkov\u00fd vyb\u00edjec\u00ed proud 60A nebo m\u016f\u017ee b\u00fdt p\u0159izp\u016fsoben tak, aby vyhovoval specifick\u00fdm pot\u0159eb\u00e1m.<br \/>\nBaterie m\u00e1 \u017eivotnost 500kr\u00e1t s DOD80% a je vybavena funkc\u00ed BMS, kter\u00e1 poskytuje ochranu proti nadproudu, ochranu proti nadm\u011brn\u00e9mu vybit\u00ed, ochranu proti nadm\u011brn\u00e9mu nabit\u00ed, ochranu proti zkratu a vyv\u00e1\u017een\u00ed. M\u016f\u017ee b\u00fdt skladov\u00e1n v teplotn\u00edm rozsahu -10-40 \u2103, relativn\u00ed vlhkosti 45-75% a tlaku 86-106KPa. Celkov\u011b je dob\u00edjec\u00ed lithium-iontov\u00e1 sedlovka pro elektrick\u00e9 kolo vysoce kvalitn\u00ed a odoln\u00fd zdroj energie pro elektrokola.<\/p>","protected":false},"featured_media":501,"template":"","meta":{"_kad_post_transparent":"default","_kad_post_title":"","_kad_post_layout":"default","_kad_post_sidebar_id":"","_kad_post_content_style":"default","_kad_post_vertical_padding":"default","_kad_post_feature":"","_kad_post_feature_position":"","_kad_post_header":false,"_kad_post_footer":false},"product_cat":[19,21],"product_tag":[307,306,262,43,308,309,305],"class_list":["post-500","product","type-product","status-publish","has-post-thumbnail","hentry","product_cat-custom-ebike-battery","product_cat-down-tube-ebike-battery","product_tag-36v-13ah-ebike-battery","product_tag-e-bike-phylion-battery","product_tag-e-bike-seat-post-battery","product_tag-ebike-battery","product_tag-rechargeable-electric-battery","product_tag-seat-post-battery","product_tag-seatpost-electric-bicycle-battery","entry","content-bg","loop-entry"],"_links":{"self":[{"href":"https:\/\/bybatt.com\/cs\/wp-json\/wp\/v2\/product\/500","targetHints":{"allow":["GET"]}}],"collection":[{"href":"https:\/\/bybatt.com\/cs\/wp-json\/wp\/v2\/product"}],"about":[{"href":"https:\/\/bybatt.com\/cs\/wp-json\/wp\/v2\/types\/product"}],"wp:featuredmedia":[{"embeddable":true,"href":"https:\/\/bybatt.com\/cs\/wp-json\/wp\/v2\/media\/501"}],"wp:attachment":[{"href":"https:\/\/bybatt.com\/cs\/wp-json\/wp\/v2\/media?parent=500"}],"wp:term":[{"taxonomy":"product_cat","embeddable":true,"href":"https:\/\/bybatt.com\/cs\/wp-json\/wp\/v2\/product_cat?post=500"},{"taxonomy":"product_tag","embeddable":true,"href":"https:\/\/bybatt.com\/cs\/wp-json\/wp\/v2\/product_tag?post=500"}],"curies":[{"name":"wp","href":"https:\/\/api.w.org\/{rel}","templated":true}]}}