{"id":507,"date":"2023-02-19T15:01:23","date_gmt":"2023-02-19T15:01:23","guid":{"rendered":"https:\/\/bybatt.com\/?post_type=product&#038;p=507"},"modified":"2023-02-19T15:10:49","modified_gmt":"2023-02-19T15:10:49","slug":"24v-10ah-lithium-little-frog-style-battery-for-e-bike","status":"publish","type":"product","link":"https:\/\/bybatt.com\/cs\/produkt\/24v-10ah-lithium-little-frog-style-battery-for-e-bike\/","title":{"rendered":"24V 10Ah lithiov\u00e1 baterie ve stylu Little Frog pro elektrokola"},"content":{"rendered":"","protected":false},"excerpt":{"rendered":"<p>Lithium Little Frog Style Battery 24V 10Ah je vysoce kvalitn\u00ed baterie ur\u010den\u00e1 pro pou\u017eit\u00ed v elektrokolech. Baterie vyu\u017e\u00edv\u00e1 100% nov\u00fdch \u010dl\u00e1nk\u016f a obsahuje chemii LiNiCoMno2. Je k dispozici v r\u016fzn\u00fdch variant\u00e1ch nap\u011bt\u00ed a kapacity, v\u010detn\u011b 36V a 48V, s jmenovitou kapacitou od 10,4ah do 14ah. Vn\u011bj\u0161\u00ed pouzdro je vyrobeno z materi\u00e1lu pouzdra EEL, d\u00edky \u010demu\u017e je odoln\u00e9 a odoln\u00e9 proti po\u0161kozen\u00ed.<br \/>\nBaterii lze nab\u00edjet standardn\u00edm zp\u016fsobem nab\u00edjen\u00ed konstantn\u00edm proudem 0,2C a konstantn\u00edm nap\u011bt\u00edm 54,6V, s p\u0159eru\u0161en\u00edm 100mA. Lze jej tak\u00e9 rychle nab\u00edjet pomoc\u00ed konstantn\u00edho proudu 0,5 CA, konstantn\u00edho nap\u011bt\u00ed 54,6 V a 100 mA p\u0159eru\u0161en\u00ed. Standardn\u00ed metoda vyb\u00edjen\u00ed pou\u017e\u00edv\u00e1 konstantn\u00ed proud 0,2C a koncov\u00e9 nap\u011bt\u00ed 30V.<br \/>\nBaterie m\u00e1 \u017eivotnost 500kr\u00e1t s DOD80%, co\u017e znamen\u00e1, \u017ee ji lze dob\u00edt a vyb\u00edt a\u017e 500kr\u00e1t s hloubkou vybit\u00ed 80%. Trval\u00fd vyb\u00edjec\u00ed proud je 10A nebo m\u016f\u017ee b\u00fdt p\u0159izp\u016fsoben a \u0161pi\u010dkov\u00fd vyb\u00edjec\u00ed proud je 30A nebo m\u016f\u017ee b\u00fdt p\u0159izp\u016fsoben tak, aby spl\u0148oval specifick\u00e9 po\u017eadavky. Baterie m\u00e1 tak\u00e9 funkce BMS, v\u010detn\u011b ochrany proti nadproudu, ochrany proti nadm\u011brn\u00e9mu vybit\u00ed, ochrany proti nadm\u011brn\u00e9mu nabit\u00ed, ochrany proti zkratu a vyv\u00e1\u017een\u00ed.<br \/>\nRozsah skladovac\u00ed teploty pro baterii je -10-40 \u2103, s relativn\u00ed vlhkost\u00ed 45-75% a tlakem 86-106KPa. Baterie m\u00e1 p\u0159ibli\u017enou hmotnost 3,5KG\/4,5Kg v z\u00e1vislosti na konkr\u00e9tn\u00edm modelu. Tato baterie je spolehlivou a efektivn\u00ed volbou pro ka\u017ed\u00e9ho, kdo chce nap\u00e1jet sv\u00e9 elektrokolo vysoce kvalitn\u00ed lithium-iontovou bateri\u00ed.<\/p>","protected":false},"featured_media":508,"template":"","meta":{"_kad_post_transparent":"default","_kad_post_title":"","_kad_post_layout":"default","_kad_post_sidebar_id":"","_kad_post_content_style":"default","_kad_post_vertical_padding":"default","_kad_post_feature":"","_kad_post_feature_position":"","_kad_post_header":false,"_kad_post_footer":false},"product_cat":[19,21],"product_tag":[262,43,313,311,267,310,312],"class_list":["post-507","product","type-product","status-publish","has-post-thumbnail","hentry","product_cat-custom-ebike-battery","product_cat-down-tube-ebike-battery","product_tag-e-bike-seat-post-battery","product_tag-ebike-battery","product_tag-ebike-frog-battery","product_tag-frog-battery","product_tag-frog-ebike-battery","product_tag-frog-style-battery","product_tag-little-frog-battery-pack","entry","content-bg","loop-entry"],"_links":{"self":[{"href":"https:\/\/bybatt.com\/cs\/wp-json\/wp\/v2\/product\/507","targetHints":{"allow":["GET"]}}],"collection":[{"href":"https:\/\/bybatt.com\/cs\/wp-json\/wp\/v2\/product"}],"about":[{"href":"https:\/\/bybatt.com\/cs\/wp-json\/wp\/v2\/types\/product"}],"wp:featuredmedia":[{"embeddable":true,"href":"https:\/\/bybatt.com\/cs\/wp-json\/wp\/v2\/media\/508"}],"wp:attachment":[{"href":"https:\/\/bybatt.com\/cs\/wp-json\/wp\/v2\/media?parent=507"}],"wp:term":[{"taxonomy":"product_cat","embeddable":true,"href":"https:\/\/bybatt.com\/cs\/wp-json\/wp\/v2\/product_cat?post=507"},{"taxonomy":"product_tag","embeddable":true,"href":"https:\/\/bybatt.com\/cs\/wp-json\/wp\/v2\/product_tag?post=507"}],"curies":[{"name":"wp","href":"https:\/\/api.w.org\/{rel}","templated":true}]}}