{"id":514,"date":"2023-02-19T15:13:45","date_gmt":"2023-02-19T15:13:45","guid":{"rendered":"https:\/\/bybatt.com\/?post_type=product&#038;p=514"},"modified":"2023-02-19T15:22:48","modified_gmt":"2023-02-19T15:22:48","slug":"48v-downtube-reention-eel-inner-frame-electric-bike-battery","status":"publish","type":"product","link":"https:\/\/bybatt.com\/cs\/produkt\/48v-downtube-reention-eel-inner-frame-electric-bike-battery\/","title":{"rendered":"Baterie pro elektrick\u00e9 kolo 48V Downtube Reention EEL s vnit\u0159n\u00edm r\u00e1mem"},"content":{"rendered":"","protected":false},"excerpt":{"rendered":"<p>48V Downtube Reention EEL Inner Frame Electric Bike Battery je vysoce kvalitn\u00ed, dob\u00edjec\u00ed baterie ur\u010den\u00e1 pro elektrokola. Vyr\u00e1b\u00ed se pomoc\u00ed nov\u00fdch \u010dl\u00e1nk\u016f 100% a m\u00e1 chemick\u00e9 slo\u017een\u00ed LiNiCoMno2. Baterie je dod\u00e1v\u00e1na v odoln\u00e9m pouzd\u0159e EEL a je k dispozici v n\u011bkolika jmenovit\u00fdch kapacit\u00e1ch v\u010detn\u011b 10,4ah, 11,6ah, 13ah, 13,6ah a 14ah.<br \/>\nK nab\u00edjen\u00ed baterie se pou\u017e\u00edv\u00e1 standardn\u00ed nab\u00edjen\u00ed, kter\u00e9 zahrnuje konstantn\u00ed proud 0,2C a konstantn\u00ed nap\u011bt\u00ed 54,6V s 100mA cutout. Baterii lze tak\u00e9 rychle nab\u00edjet konstantn\u00edm proudem 0,5 CA a konstantn\u00edm nap\u011bt\u00edm 54,6 V s p\u0159eru\u0161en\u00edm 100 mA.<br \/>\nBaterie m\u00e1 trval\u00fd vyb\u00edjec\u00ed proud 10A nebo m\u016f\u017ee b\u00fdt p\u0159izp\u016fsobena konkr\u00e9tn\u00edm pot\u0159eb\u00e1m. M\u00e1 tak\u00e9 \u0161pi\u010dkov\u00fd vyb\u00edjec\u00ed proud 30A nebo m\u016f\u017ee b\u00fdt p\u0159izp\u016fsoben tak, aby vyhovoval specifick\u00fdm pot\u0159eb\u00e1m. Baterie je navr\u017eena pro a\u017e 500 cykl\u016f s DOD80% a m\u00e1 funkci BMS, kter\u00e1 zahrnuje nadproudovou ochranu, ochranu proti nadm\u011brn\u00e9mu vybit\u00ed, ochranu proti nadm\u011brn\u00e9mu nabit\u00ed, ochranu proti zkratu a vyv\u00e1\u017een\u00ed.<br \/>\nBaterie je navr\u017eena pro provoz v teplotn\u00edm rozsahu -10-40 \u2103, relativn\u00ed vlhkosti 45-75% a tlaku 86-106KPa. V\u00e1\u017e\u00ed p\u0159ibli\u017en\u011b 3,5 kg\/4,5 kg a je vynikaj\u00edc\u00ed volbou pro nad\u0161ence elektrokol, kte\u0159\u00ed hledaj\u00ed spolehlivou a \u00fa\u010dinnou baterii pro nap\u00e1jen\u00ed sv\u00e9 j\u00edzdy.<\/p>","protected":false},"featured_media":515,"template":"","meta":{"_kad_post_transparent":"default","_kad_post_title":"","_kad_post_layout":"default","_kad_post_sidebar_id":"","_kad_post_content_style":"default","_kad_post_vertical_padding":"default","_kad_post_feature":"","_kad_post_feature_position":"","_kad_post_header":false,"_kad_post_footer":false},"product_cat":[19,23],"product_tag":[317,52,318,315,316,314],"class_list":["post-514","product","type-product","status-publish","has-post-thumbnail","hentry","product_cat-custom-ebike-battery","product_cat-inner-ebike-battery","product_tag-48v-10-4ah-14ah-ebike-batteries","product_tag-battery","product_tag-electric-bike-battery","product_tag-electric-bike-frame-battery-inside","product_tag-frame-electric-bike-battery","product_tag-inner-frame-electric-bike-battery","entry","content-bg","loop-entry"],"_links":{"self":[{"href":"https:\/\/bybatt.com\/cs\/wp-json\/wp\/v2\/product\/514","targetHints":{"allow":["GET"]}}],"collection":[{"href":"https:\/\/bybatt.com\/cs\/wp-json\/wp\/v2\/product"}],"about":[{"href":"https:\/\/bybatt.com\/cs\/wp-json\/wp\/v2\/types\/product"}],"wp:featuredmedia":[{"embeddable":true,"href":"https:\/\/bybatt.com\/cs\/wp-json\/wp\/v2\/media\/515"}],"wp:attachment":[{"href":"https:\/\/bybatt.com\/cs\/wp-json\/wp\/v2\/media?parent=514"}],"wp:term":[{"taxonomy":"product_cat","embeddable":true,"href":"https:\/\/bybatt.com\/cs\/wp-json\/wp\/v2\/product_cat?post=514"},{"taxonomy":"product_tag","embeddable":true,"href":"https:\/\/bybatt.com\/cs\/wp-json\/wp\/v2\/product_tag?post=514"}],"curies":[{"name":"wp","href":"https:\/\/api.w.org\/{rel}","templated":true}]}}