{"id":536,"date":"2023-02-20T01:47:15","date_gmt":"2023-02-20T01:47:15","guid":{"rendered":"https:\/\/bybatt.com\/?post_type=product&#038;p=536"},"modified":"2023-02-20T01:55:19","modified_gmt":"2023-02-20T01:55:19","slug":"48v-14ah-reention-eel-pro-electric-bicycle-lithium-batteries","status":"publish","type":"product","link":"https:\/\/bybatt.com\/cs\/produkt\/48v-14ah-reention-eel-pro-electric-bicycle-lithium-batteries\/","title":{"rendered":"48V 14Ah Lithiov\u00e9 baterie pro elektrick\u00e1 kola Reention EEL Pro"},"content":{"rendered":"","protected":false},"excerpt":{"rendered":"<p>48V 14Ah Lithiov\u00e9 baterie pro elektrick\u00e1 kola Reention EEL Pro jsou vysoce kvalitn\u00ed bateriov\u00e9 sady navr\u017een\u00e9 speci\u00e1ln\u011b pro elektrokola. Baterie jsou vyrobeny z nov\u00fdch \u010dl\u00e1nk\u016f 100% s chemi\u00ed LiNiCoMno2, kter\u00e9 poskytuj\u00ed vynikaj\u00edc\u00ed v\u00fdkon a dlouhou \u017eivotnost. Baterie jsou k dispozici v r\u016fzn\u00fdch hodnot\u00e1ch nap\u011bt\u00ed a kapacity, v\u010detn\u011b 36V a 48V s kapacitou od 10,4Ah do 14Ah.<br \/>\nVn\u011bj\u0161\u00ed pouzdro bateri\u00ed je vyrobeno z odoln\u00e9ho materi\u00e1lu EEL, kter\u00fd poskytuje vynikaj\u00edc\u00ed ochranu proti n\u00e1raz\u016fm a dal\u0161\u00edm typ\u016fm po\u0161kozen\u00ed. Baterie jsou navr\u017eeny pro nab\u00edjen\u00ed standardn\u00edm konstantn\u00edm proudem 0,2C a konstantn\u00edm nap\u011bt\u00edm 54,6V s vyp\u00ednac\u00edm proudem 100mA. Rychl\u00e9 nab\u00edjen\u00ed je tak\u00e9 mo\u017en\u00e9 pomoc\u00ed konstantn\u00edho proudu 0,5 CA a stejn\u00e9ho konstantn\u00edho nap\u011bt\u00ed a p\u0159eru\u0161en\u00ed.<br \/>\nBaterie lze vyb\u00edjet konstantn\u00edm proudem 0,2C, dokud koncov\u00e9 nap\u011bt\u00ed nedos\u00e1hne 30V. Baterie maj\u00ed \u017eivotnost 500x s hloubkou vybit\u00ed (DOD) 80%. Baterie maj\u00ed trval\u00fd vyb\u00edjec\u00ed proud 10A se \u0161pi\u010dkov\u00fdm vyb\u00edjec\u00edm proudem 30A. Syst\u00e9m spr\u00e1vy baterie (BMS) poskytuje ochranu proti nadm\u011brn\u00e9mu proudu, nadm\u011brn\u00e9mu vybit\u00ed, nadm\u011brn\u00e9mu nab\u00edjen\u00ed a zkratu a tak\u00e9 zaji\u0161\u0165uje vyv\u00e1\u017een\u00ed \u010dl\u00e1nk\u016f.<br \/>\nBaterie lze skladovat p\u0159i teplot\u00e1ch v rozmez\u00ed -10\u2103 a\u017e 40\u2103, s relativn\u00ed vlhkost\u00ed 45-75% a tlakem 86-106KPa. Tyto baterie jsou skv\u011blou volbou pro ka\u017ed\u00e9ho, kdo chce upgradovat nebo vym\u011bnit baterii na sv\u00e9m elektrokole a poskytuj\u00ed spolehlivou a vysoce v\u00fdkonnou energii pro va\u0161i j\u00edzdu.<\/p>","protected":false},"featured_media":537,"template":"","meta":{"_kad_post_transparent":"default","_kad_post_title":"","_kad_post_layout":"default","_kad_post_sidebar_id":"","_kad_post_content_style":"default","_kad_post_vertical_padding":"default","_kad_post_feature":"","_kad_post_feature_position":"","_kad_post_header":false,"_kad_post_footer":false},"product_cat":[19,23],"product_tag":[322,325,324,323,319,320,321],"class_list":["post-536","product","type-product","status-publish","has-post-thumbnail","hentry","product_cat-custom-ebike-battery","product_cat-inner-ebike-battery","product_tag-48v-14ah-li-ion-electric-bike-battery","product_tag-48v-14ah-reention-eel-battery","product_tag-8-volt-lithium-bike-battery","product_tag-bike-battery-12-8ah","product_tag-electric-bicycle-lithium-batteries","product_tag-reention-eel-pro","product_tag-reention-eel-pro-electric-bicycle-batteries","entry","content-bg","loop-entry"],"_links":{"self":[{"href":"https:\/\/bybatt.com\/cs\/wp-json\/wp\/v2\/product\/536","targetHints":{"allow":["GET"]}}],"collection":[{"href":"https:\/\/bybatt.com\/cs\/wp-json\/wp\/v2\/product"}],"about":[{"href":"https:\/\/bybatt.com\/cs\/wp-json\/wp\/v2\/types\/product"}],"wp:featuredmedia":[{"embeddable":true,"href":"https:\/\/bybatt.com\/cs\/wp-json\/wp\/v2\/media\/537"}],"wp:attachment":[{"href":"https:\/\/bybatt.com\/cs\/wp-json\/wp\/v2\/media?parent=536"}],"wp:term":[{"taxonomy":"product_cat","embeddable":true,"href":"https:\/\/bybatt.com\/cs\/wp-json\/wp\/v2\/product_cat?post=536"},{"taxonomy":"product_tag","embeddable":true,"href":"https:\/\/bybatt.com\/cs\/wp-json\/wp\/v2\/product_tag?post=536"}],"curies":[{"name":"wp","href":"https:\/\/api.w.org\/{rel}","templated":true}]}}