{"id":543,"date":"2023-02-20T01:56:32","date_gmt":"2023-02-20T01:56:32","guid":{"rendered":"https:\/\/bybatt.com\/?post_type=product&#038;p=543"},"modified":"2023-02-20T02:03:31","modified_gmt":"2023-02-20T02:03:31","slug":"36v-24-5ah-reention-kirin-electric-bicycle-battery-pack","status":"publish","type":"product","link":"https:\/\/bybatt.com\/cs\/produkt\/36v-24-5ah-reention-kirin-electric-bicycle-battery-pack\/","title":{"rendered":"Baterie pro elektrick\u00e9 kolo 36V 24,5Ah Reention Kirin"},"content":{"rendered":"","protected":false},"excerpt":{"rendered":"<p>Reention Kirin Electric Bicycle Battery Pack je vysoce kvalitn\u00ed baterie ur\u010den\u00e1 pro elektrokola. Disponuje nap\u011bt\u00edm 36V a kapacitou 24,5Ah, poskytuje celkem 696-910Wh v\u00fdkonu v z\u00e1vislosti na konfiguraci. Baterie se skl\u00e1d\u00e1 bu\u010f z 13S5P nebo 14S5P \u010dl\u00e1nk\u016f, z nich\u017e ka\u017ed\u00fd m\u00e1 kapacitu 3000mAh-3500mAh. Syst\u00e9m \u0159\u00edzen\u00ed baterie (BMS) je dimenzov\u00e1n na 30A a baterie zvl\u00e1dne nab\u00edjec\u00ed proud 2-5A.<br \/>\nBaterie je navr\u017eena pro pr\u00e1ci s elektromotory, kter\u00e9 maj\u00ed rozsah v\u00fdkonu 48V 250-1000W nebo 48V&amp;52V 250-1000W. M\u00e1 rozsah teplot nab\u00edjen\u00ed 0-45 \u00b0C a rozsah teplot vyb\u00edjen\u00ed -20-65 \u00b0C. Baterie m\u00e1 \u017eivotnost alespo\u0148 800 cykl\u016f s m\u00edrou zachov\u00e1n\u00ed kapacity \u226580%.<br \/>\nBaterie v\u00e1\u017e\u00ed 4,5-5 kg a m\u00e1 rozm\u011bry 526 mm x 79 mm x 104 mm. V\u0161echny \u010dl\u00e1nky pou\u017eit\u00e9 v bateriov\u00e9m bloku jsou zcela nov\u00e9, co\u017e zaji\u0161\u0165uje vysoce kvalitn\u00ed v\u00fdkon a dlouhou \u017eivotnost.<\/p>","protected":false},"featured_media":544,"template":"","meta":{"_kad_post_transparent":"default","_kad_post_title":"","_kad_post_layout":"default","_kad_post_sidebar_id":"","_kad_post_content_style":"default","_kad_post_vertical_padding":"default","_kad_post_feature":"","_kad_post_feature_position":"","_kad_post_header":false,"_kad_post_footer":false},"product_cat":[19,23],"product_tag":[330,51,328,326,331,327,329],"class_list":["post-543","product","type-product","status-publish","has-post-thumbnail","hentry","product_cat-custom-ebike-battery","product_cat-inner-ebike-battery","product_tag-21ah-36v","product_tag-battery-electric-bike","product_tag-bosch-ebike-battery-replacement","product_tag-electric-bicycle-battery-pack","product_tag-reention-kirin-battery","product_tag-reention-kirin-ebike-battery","product_tag-reention-kirin-electric-bicycle-battery-pack","entry","content-bg","loop-entry"],"_links":{"self":[{"href":"https:\/\/bybatt.com\/cs\/wp-json\/wp\/v2\/product\/543","targetHints":{"allow":["GET"]}}],"collection":[{"href":"https:\/\/bybatt.com\/cs\/wp-json\/wp\/v2\/product"}],"about":[{"href":"https:\/\/bybatt.com\/cs\/wp-json\/wp\/v2\/types\/product"}],"wp:featuredmedia":[{"embeddable":true,"href":"https:\/\/bybatt.com\/cs\/wp-json\/wp\/v2\/media\/544"}],"wp:attachment":[{"href":"https:\/\/bybatt.com\/cs\/wp-json\/wp\/v2\/media?parent=543"}],"wp:term":[{"taxonomy":"product_cat","embeddable":true,"href":"https:\/\/bybatt.com\/cs\/wp-json\/wp\/v2\/product_cat?post=543"},{"taxonomy":"product_tag","embeddable":true,"href":"https:\/\/bybatt.com\/cs\/wp-json\/wp\/v2\/product_tag?post=543"}],"curies":[{"name":"wp","href":"https:\/\/api.w.org\/{rel}","templated":true}]}}