{"id":550,"date":"2023-02-20T02:15:50","date_gmt":"2023-02-20T02:15:50","guid":{"rendered":"https:\/\/bybatt.com\/?post_type=product&#038;p=550"},"modified":"2023-02-20T02:24:42","modified_gmt":"2023-02-20T02:24:42","slug":"tiger-shark-48v-lithium-ion-downtube-mounted-e-bike-battery","status":"publish","type":"product","link":"https:\/\/bybatt.com\/cs\/produkt\/tiger-shark-48v-lithium-ion-downtube-mounted-e-bike-battery\/","title":{"rendered":"Baterie pro elektrokola Tiger Shark 48V Lithium-Ion Downtube"},"content":{"rendered":"","protected":false},"excerpt":{"rendered":"<p>Tiger Shark 48V Lithium ion Downtube Mounted E-Bike Battery je vysoce kvalitn\u00ed baterie ur\u010den\u00e1 pro elektrokola. Baterie pou\u017e\u00edv\u00e1 nov\u00e9 \u010dl\u00e1nky 100% a je k dispozici ve t\u0159ech r\u016fzn\u00fdch variant\u00e1ch nap\u011bt\u00ed: 36V, 48V a 52V. Jmenovit\u00e1 kapacita baterie se pohybuje od 13ah do 20,4ah, co\u017e poskytuje dostatek energie pro dlouh\u00e9 j\u00edzdy.<br \/>\nBateriov\u00e9 \u010dl\u00e1nky pou\u017eit\u00e9 v Lithium-iontov\u00e9 elektrokole Tiger Shark 48V jsou \u010dl\u00e1nky 18650 3,7V 2500mAh. Standardn\u00ed nab\u00edjec\u00ed proud je 2A, ale lze jej p\u0159izp\u016fsobit a maxim\u00e1ln\u00ed vyb\u00edjec\u00ed proud je 20A, tak\u00e9 p\u0159izp\u016fsobiteln\u00fd. \u017divotnost baterie je v\u00edce ne\u017e 1000kr\u00e1t, co\u017e z n\u00ed \u010din\u00ed dlouhotrvaj\u00edc\u00ed a cenov\u011b v\u00fdhodnou variantu.<br \/>\nBaterie pro elektrokola Tiger Shark 48V Lithium ion Downtube se dod\u00e1v\u00e1 v \u0161esti r\u016fzn\u00fdch velikostech, z nich\u017e ka\u017ed\u00e1 m\u00e1 jedine\u010dnou konfiguraci \u010dl\u00e1nk\u016f. Baterie je um\u00edst\u011bna na spodn\u00ed trubce, co\u017e umo\u017e\u0148uje jej\u00ed snadnou instalaci na v\u011bt\u0161inu elektrokol. Hmotnost baterie je p\u0159ibli\u017en\u011b 5 kg, co\u017e z n\u00ed d\u011bl\u00e1 relativn\u011b lehkou variantu.<br \/>\nBaterie obsahuje r\u016fzn\u00e9 ochrann\u00e9 mechanismy, v\u010detn\u011b ochrany proti p\u0159ebit\u00ed, ochrany proti nadm\u011brn\u00e9mu vybit\u00ed, ochrany proti nadproudu, ochrany proti zkratu a dal\u0161\u00edch. Rozsah teploty nab\u00edjen\u00ed je 045 \u00b0C a rozsah teplot vyb\u00edjen\u00ed je -2060 \u00b0C. Rozsah skladovac\u00edch teplot je 20~35\u00b0C, co\u017e zaji\u0161\u0165uje bezpe\u010dn\u00e9 a efektivn\u00ed skladov\u00e1n\u00ed baterie.<br \/>\nCelkov\u011b vzato, baterie pro elektrokola Tiger Shark 48V Lithium ion Downtube Mounted je vysoce kvalitn\u00ed, trvanliv\u00e1 a spolehliv\u00e1 volba pro ka\u017ed\u00e9ho, kdo chce nap\u00e1jet sv\u00e9 elektrick\u00e9 kolo.<\/p>","protected":false},"featured_media":551,"template":"","meta":{"_kad_post_transparent":"default","_kad_post_title":"","_kad_post_layout":"default","_kad_post_sidebar_id":"","_kad_post_content_style":"default","_kad_post_vertical_padding":"default","_kad_post_feature":"","_kad_post_feature_position":"","_kad_post_header":false,"_kad_post_footer":false},"product_cat":[19,21],"product_tag":[335,336,304,332,43,333,334,337],"class_list":["post-550","product","type-product","status-publish","has-post-thumbnail","hentry","product_cat-custom-ebike-battery","product_cat-down-tube-ebike-battery","product_tag-bosch-ebike-battery","product_tag-downtube-battery","product_tag-downtube-ebike-battery","product_tag-downtube-mounted-e-bike-battery","product_tag-ebike-battery","product_tag-ebike-battery-parts","product_tag-tiger-shark-48v10ah","product_tag-tiger-shark-ebike-battery","entry","content-bg","loop-entry"],"_links":{"self":[{"href":"https:\/\/bybatt.com\/cs\/wp-json\/wp\/v2\/product\/550","targetHints":{"allow":["GET"]}}],"collection":[{"href":"https:\/\/bybatt.com\/cs\/wp-json\/wp\/v2\/product"}],"about":[{"href":"https:\/\/bybatt.com\/cs\/wp-json\/wp\/v2\/types\/product"}],"wp:featuredmedia":[{"embeddable":true,"href":"https:\/\/bybatt.com\/cs\/wp-json\/wp\/v2\/media\/551"}],"wp:attachment":[{"href":"https:\/\/bybatt.com\/cs\/wp-json\/wp\/v2\/media?parent=550"}],"wp:term":[{"taxonomy":"product_cat","embeddable":true,"href":"https:\/\/bybatt.com\/cs\/wp-json\/wp\/v2\/product_cat?post=550"},{"taxonomy":"product_tag","embeddable":true,"href":"https:\/\/bybatt.com\/cs\/wp-json\/wp\/v2\/product_tag?post=550"}],"curies":[{"name":"wp","href":"https:\/\/api.w.org\/{rel}","templated":true}]}}