{"id":557,"date":"2023-02-20T02:27:51","date_gmt":"2023-02-20T02:27:51","guid":{"rendered":"https:\/\/bybatt.com\/?post_type=product&#038;p=557"},"modified":"2023-02-20T02:36:38","modified_gmt":"2023-02-20T02:36:38","slug":"52v-50amp-8-4ah-rechargeable-21700-lithium-e-bike-battery","status":"publish","type":"product","link":"https:\/\/bybatt.com\/cs\/produkt\/52v-50amp-8-4ah-rechargeable-21700-lithium-e-bike-battery\/","title":{"rendered":"52V 50AMP 8,4AH dob\u00edjec\u00ed lithiov\u00e1 baterie pro elektrokola 21700"},"content":{"rendered":"","protected":false},"excerpt":{"rendered":"<p>52V 50AMP 8,4AH dob\u00edjec\u00ed lithiov\u00e1 baterie pro elektrokola 21700 je vysoce v\u00fdkonn\u00e1 lithium-iontov\u00e1 baterie navr\u017een\u00e1 pro pou\u017eit\u00ed v elektrick\u00fdch kolech. Je vyroben z nov\u00fdch \u010dl\u00e1nk\u016f 100% a je dostupn\u00fd v n\u011bkolika r\u016fzn\u00fdch konfigurac\u00edch se jmenovit\u00fdm nap\u011bt\u00edm 36V, 48V a 52V a jmenovit\u00fdmi kapacitami od 13ah do 20,4ah. Baterie je vyrobena z \u010dl\u00e1nk\u016f 18650 3,7V 2500 mAh a m\u00e1 standardn\u00ed nab\u00edjec\u00ed proud 2A, i kdy\u017e jej lze p\u0159izp\u016fsobit specifick\u00fdm po\u017eadavk\u016fm.<br \/>\nBaterie je schopna dodat maxim\u00e1ln\u00ed vyb\u00edjec\u00ed proud 51A a m\u00e1 \u017eivotnost v\u00edce ne\u017e 1000kr\u00e1t. Lze jej nab\u00edjet metodou nab\u00edjen\u00ed konstantn\u00edm proudem a konstantn\u00edm nap\u011bt\u00edm a je k dispozici ve t\u0159ech r\u016fzn\u00fdch velikostech: Polly DP-9 367 mm x 141 mm x 90 mm, Polly DP-5\/5C 368 mm x 96 mm x 90 mm a Polly DP-6\/ 6C 368 mm x 112 mm x 90 mm. Baterie v\u00e1\u017e\u00ed asi 5 kg a lze ji nab\u00edjet p\u0159i teplot\u00e1ch mezi 045 \u00b0C, zat\u00edmco teplota vyb\u00edjen\u00ed se pohybuje mezi -2060 \u00b0C. Baterie m\u00e1 tak\u00e9 ochranu proti p\u0159ebit\u00ed, nadm\u011brn\u00e9mu vybit\u00ed, nadproudu, zkratu a dal\u0161\u00edm nebezpe\u010d\u00edm.<\/p>","protected":false},"featured_media":558,"template":"","meta":{"_kad_post_transparent":"default","_kad_post_title":"","_kad_post_layout":"default","_kad_post_sidebar_id":"","_kad_post_content_style":"default","_kad_post_vertical_padding":"default","_kad_post_feature":"","_kad_post_feature_position":"","_kad_post_header":false,"_kad_post_footer":false},"product_cat":[19,21],"product_tag":[341,338,342,343,340,339],"class_list":["post-557","product","type-product","status-publish","has-post-thumbnail","hentry","product_cat-custom-ebike-battery","product_cat-down-tube-ebike-battery","product_tag-21700-cell-rechargeable-ebike-battery","product_tag-21700-lithium-e-bike-battery","product_tag-52v-ebike-battery","product_tag-e-bike-battery-replacement","product_tag-electric-bike-battery-36v","product_tag-lithium-ion-e-bike-battery","entry","content-bg","loop-entry"],"_links":{"self":[{"href":"https:\/\/bybatt.com\/cs\/wp-json\/wp\/v2\/product\/557","targetHints":{"allow":["GET"]}}],"collection":[{"href":"https:\/\/bybatt.com\/cs\/wp-json\/wp\/v2\/product"}],"about":[{"href":"https:\/\/bybatt.com\/cs\/wp-json\/wp\/v2\/types\/product"}],"wp:featuredmedia":[{"embeddable":true,"href":"https:\/\/bybatt.com\/cs\/wp-json\/wp\/v2\/media\/558"}],"wp:attachment":[{"href":"https:\/\/bybatt.com\/cs\/wp-json\/wp\/v2\/media?parent=557"}],"wp:term":[{"taxonomy":"product_cat","embeddable":true,"href":"https:\/\/bybatt.com\/cs\/wp-json\/wp\/v2\/product_cat?post=557"},{"taxonomy":"product_tag","embeddable":true,"href":"https:\/\/bybatt.com\/cs\/wp-json\/wp\/v2\/product_tag?post=557"}],"curies":[{"name":"wp","href":"https:\/\/api.w.org\/{rel}","templated":true}]}}