{"id":564,"date":"2023-02-20T03:00:52","date_gmt":"2023-02-20T03:00:52","guid":{"rendered":"https:\/\/bybatt.com\/?post_type=product&#038;p=564"},"modified":"2023-02-20T03:06:21","modified_gmt":"2023-02-20T03:06:21","slug":"48v-14ah-lithium-ion-e-bike-batteries-in-aluminum-case","status":"publish","type":"product","link":"https:\/\/bybatt.com\/cs\/produkt\/48v-14ah-lithium-ion-e-bike-batteries-in-aluminum-case\/","title":{"rendered":"48V 14Ah lithium-iontov\u00e9 baterie pro elektrokola v hlin\u00edkov\u00e9m pouzd\u0159e"},"content":{"rendered":"","protected":false},"excerpt":{"rendered":"<p>Tento produkt je 48V lithium-iontov\u00e1 baterie pro elektrokola v hlin\u00edkov\u00e9m pouzd\u0159e. Pou\u017eit\u00e9 bateriov\u00e9 \u010dl\u00e1nky jsou 100% nov\u00e9 a maj\u00ed chemii Li(NiCoMn)O2 18650. M\u00e1 jmenovit\u00e9 nap\u011bt\u00ed 36V nebo 48V a jmenovitou kapacitu 15Ah, 17,5ah, 12,8ah nebo 14ah. Pou\u017eit\u00fd bateriov\u00fd \u010dl\u00e1nek je slavn\u00fd \u010dl\u00e1nek 18650 s kapacitou bu\u010f 3200mAh nebo 3400mAh. Konfigurace baterie je 13S5P a syst\u00e9m \u0159\u00edzen\u00ed baterie (BMS) je 16A nebo m\u016f\u017ee b\u00fdt p\u0159izp\u016fsoben. Baterie m\u00e1 rozm\u011br 40 mm x 100 mm x 430 mm a obsahuje 52 \u010dl\u00e1nk\u016f 18650 s hmotnost\u00ed 4,5 kg. Vyb\u00edjec\u00ed nap\u011bt\u00ed je 30V a nab\u00edjec\u00ed nap\u011bt\u00ed je 42,6V. Baterie dok\u00e1\u017ee udr\u017eet 80% sv\u00e9ho v\u00fdkonu po 800 cyklech, s pracovn\u00edm teplotn\u00edm rozsahem 20 ~ 60 Celsia.<\/p>","protected":false},"featured_media":565,"template":"","meta":{"_kad_post_transparent":"default","_kad_post_title":"","_kad_post_layout":"default","_kad_post_sidebar_id":"","_kad_post_content_style":"default","_kad_post_vertical_padding":"default","_kad_post_feature":"","_kad_post_feature_position":"","_kad_post_header":false,"_kad_post_footer":false},"product_cat":[19,21],"product_tag":[345,346,344,318],"class_list":["post-564","product","type-product","status-publish","has-post-thumbnail","hentry","product_cat-custom-ebike-battery","product_cat-down-tube-ebike-battery","product_tag-48v-14ah-lithium-pack","product_tag-bike-battery","product_tag-e-bike-batteries-in-aluminum-case","product_tag-electric-bike-battery","entry","content-bg","loop-entry"],"_links":{"self":[{"href":"https:\/\/bybatt.com\/cs\/wp-json\/wp\/v2\/product\/564","targetHints":{"allow":["GET"]}}],"collection":[{"href":"https:\/\/bybatt.com\/cs\/wp-json\/wp\/v2\/product"}],"about":[{"href":"https:\/\/bybatt.com\/cs\/wp-json\/wp\/v2\/types\/product"}],"wp:featuredmedia":[{"embeddable":true,"href":"https:\/\/bybatt.com\/cs\/wp-json\/wp\/v2\/media\/565"}],"wp:attachment":[{"href":"https:\/\/bybatt.com\/cs\/wp-json\/wp\/v2\/media?parent=564"}],"wp:term":[{"taxonomy":"product_cat","embeddable":true,"href":"https:\/\/bybatt.com\/cs\/wp-json\/wp\/v2\/product_cat?post=564"},{"taxonomy":"product_tag","embeddable":true,"href":"https:\/\/bybatt.com\/cs\/wp-json\/wp\/v2\/product_tag?post=564"}],"curies":[{"name":"wp","href":"https:\/\/api.w.org\/{rel}","templated":true}]}}